{"id":300,"date":"2024-03-10T11:01:20","date_gmt":"2024-03-10T10:01:20","guid":{"rendered":"http:\/\/garancepouponjoyeux-alexandrearbouin.fr\/?page_id=300"},"modified":"2024-03-10T19:21:07","modified_gmt":"2024-03-10T18:21:07","slug":"caca","status":"publish","type":"page","link":"http:\/\/garancepouponjoyeux-alexandrearbouin.fr\/index.php\/works\/caca\/","title":{"rendered":"CACA &#8211; Centre d&#8217;Art Contemporain d&#8217;Angoul\u00eame"},"content":{"rendered":"\t\t<div data-elementor-type=\"wp-page\" data-elementor-id=\"300\" class=\"elementor elementor-300\">\n\t\t\t\t<div class=\"elementor-element elementor-element-626e83fe e-flex e-con-boxed e-con e-parent\" data-id=\"626e83fe\" data-element_type=\"container\">\n\t\t\t\t\t<div class=\"e-con-inner\">\n\t\t\t\t<div class=\"elementor-element elementor-element-3c6c939d elementor-widget elementor-widget-image\" data-id=\"3c6c939d\" data-element_type=\"widget\" data-widget_type=\"image.default\">\n\t\t\t\t<div class=\"elementor-widget-container\">\n\t\t\t\t\t\t\t\t\t\t\t\t<figure class=\"wp-caption\">\n\t\t\t\t\t\t\t\t\t\t\t<a href=\"http:\/\/garancepouponjoyeux-alexandrearbouin.fr\/wp-content\/uploads\/2024\/03\/0_visuel_Poupon-Joyeux-1.jpg\" data-elementor-open-lightbox=\"yes\" data-elementor-lightbox-title=\"CACA - Centre d&#039;Art Contemporain d&#039;Angoul\u00eame\" data-elementor-lightbox-description=\"Photos : Garance Poupon-Joyeux &amp; Alexandre Arbouin\" data-e-action-hash=\"#elementor-action%3Aaction%3Dlightbox%26settings%3DeyJpZCI6MzA1LCJ1cmwiOiJodHRwOlwvXC9nYXJhbmNlcG91cG9uam95ZXV4LWFsZXhhbmRyZWFyYm91aW4uZnJcL3dwLWNvbnRlbnRcL3VwbG9hZHNcLzIwMjRcLzAzXC8wX3Zpc3VlbF9Qb3Vwb24tSm95ZXV4LTEuanBnIn0%3D\">\n\t\t\t\t\t\t\t<img fetchpriority=\"high\" decoding=\"async\" width=\"440\" height=\"440\" src=\"http:\/\/garancepouponjoyeux-alexandrearbouin.fr\/wp-content\/uploads\/2024\/03\/0_visuel_Poupon-Joyeux-1.jpg\" class=\"attachment-large size-large wp-image-305\" alt=\"\" srcset=\"http:\/\/garancepouponjoyeux-alexandrearbouin.fr\/wp-content\/uploads\/2024\/03\/0_visuel_Poupon-Joyeux-1.jpg 440w, http:\/\/garancepouponjoyeux-alexandrearbouin.fr\/wp-content\/uploads\/2024\/03\/0_visuel_Poupon-Joyeux-1-300x300.jpg 300w, http:\/\/garancepouponjoyeux-alexandrearbouin.fr\/wp-content\/uploads\/2024\/03\/0_visuel_Poupon-Joyeux-1-150x150.jpg 150w\" sizes=\"(max-width: 440px) 100vw, 440px\" \/>\t\t\t\t\t\t\t\t<\/a>\n\t\t\t\t\t\t\t\t\t\t\t<figcaption class=\"widget-image-caption wp-caption-text\">Photos : Garance Poupon-Joyeux &amp; Alexandre Arbouin<\/figcaption>\n\t\t\t\t\t\t\t\t\t\t<\/figure>\n\t\t\t\t\t\t\t\t\t<\/div>\n\t\t\t\t<\/div>\n\t\t\t\t\t<\/div>\n\t\t\t\t<\/div>\n\t\t<div class=\"elementor-element elementor-element-359c97f0 e-flex e-con-boxed e-con e-parent\" data-id=\"359c97f0\" data-element_type=\"container\">\n\t\t\t\t\t<div class=\"e-con-inner\">\n\t\t<div class=\"elementor-element elementor-element-2ef1d849 e-con-full e-flex e-con e-child\" data-id=\"2ef1d849\" data-element_type=\"container\">\n\t\t\t\t<div class=\"elementor-element elementor-element-2b79ef57 elementor-widget elementor-widget-image\" data-id=\"2b79ef57\" data-element_type=\"widget\" data-widget_type=\"image.default\">\n\t\t\t\t<div class=\"elementor-widget-container\">\n\t\t\t\t\t\t\t\t\t\t\t\t\t\t\t\t<a href=\"http:\/\/garancepouponjoyeux-alexandrearbouin.fr\/wp-content\/uploads\/2024\/03\/rsz_h440_41_135.jpg\" data-elementor-open-lightbox=\"yes\" data-elementor-lightbox-title=\"CACA - Centre d&#039;Art Contemporain d&#039;Angoul\u00eame\" data-elementor-lightbox-description=\"Photos : Garance Poupon-Joyeux &amp; Alexandre Arbouin \/ vue de l&#039;exposition de Mieszko Bavencoffe\" data-e-action-hash=\"#elementor-action%3Aaction%3Dlightbox%26settings%3DeyJpZCI6MzExLCJ1cmwiOiJodHRwOlwvXC9nYXJhbmNlcG91cG9uam95ZXV4LWFsZXhhbmRyZWFyYm91aW4uZnJcL3dwLWNvbnRlbnRcL3VwbG9hZHNcLzIwMjRcLzAzXC9yc3pfaDQ0MF80MV8xMzUuanBnIn0%3D\">\n\t\t\t\t\t\t\t<img decoding=\"async\" width=\"150\" height=\"150\" src=\"http:\/\/garancepouponjoyeux-alexandrearbouin.fr\/wp-content\/uploads\/2024\/03\/rsz_h440_41_135-150x150.jpg\" class=\"attachment-thumbnail size-thumbnail wp-image-311\" alt=\"\" srcset=\"http:\/\/garancepouponjoyeux-alexandrearbouin.fr\/wp-content\/uploads\/2024\/03\/rsz_h440_41_135-150x150.jpg 150w, http:\/\/garancepouponjoyeux-alexandrearbouin.fr\/wp-content\/uploads\/2024\/03\/rsz_h440_41_135-300x300.jpg 300w, http:\/\/garancepouponjoyeux-alexandrearbouin.fr\/wp-content\/uploads\/2024\/03\/rsz_h440_41_135.jpg 440w\" sizes=\"(max-width: 150px) 100vw, 150px\" \/>\t\t\t\t\t\t\t\t<\/a>\n\t\t\t\t\t\t\t\t\t\t\t\t\t\t\t<\/div>\n\t\t\t\t<\/div>\n\t\t\t\t<\/div>\n\t\t<div class=\"elementor-element elementor-element-d74d20f e-con-full e-flex e-con e-child\" data-id=\"d74d20f\" data-element_type=\"container\">\n\t\t\t\t<div class=\"elementor-element elementor-element-388b13e9 elementor-widget elementor-widget-image\" data-id=\"388b13e9\" data-element_type=\"widget\" data-widget_type=\"image.default\">\n\t\t\t\t<div class=\"elementor-widget-container\">\n\t\t\t\t\t\t\t\t\t\t\t\t\t\t\t\t<a href=\"http:\/\/garancepouponjoyeux-alexandrearbouin.fr\/wp-content\/uploads\/2024\/03\/rsz_h440_41_115.jpg\" data-elementor-open-lightbox=\"yes\" data-elementor-lightbox-title=\"CACA - Centre d&#039;Art Contemporain d&#039;Angoul\u00eame\" data-elementor-lightbox-description=\"Photos : Garance Poupon-Joyeux &amp; Alexandre Arbouin\" data-e-action-hash=\"#elementor-action%3Aaction%3Dlightbox%26settings%3DeyJpZCI6MzEwLCJ1cmwiOiJodHRwOlwvXC9nYXJhbmNlcG91cG9uam95ZXV4LWFsZXhhbmRyZWFyYm91aW4uZnJcL3dwLWNvbnRlbnRcL3VwbG9hZHNcLzIwMjRcLzAzXC9yc3pfaDQ0MF80MV8xMTUuanBnIn0%3D\">\n\t\t\t\t\t\t\t<img decoding=\"async\" width=\"150\" height=\"150\" src=\"http:\/\/garancepouponjoyeux-alexandrearbouin.fr\/wp-content\/uploads\/2024\/03\/rsz_h440_41_115-150x150.jpg\" class=\"attachment-thumbnail size-thumbnail wp-image-310\" alt=\"\" srcset=\"http:\/\/garancepouponjoyeux-alexandrearbouin.fr\/wp-content\/uploads\/2024\/03\/rsz_h440_41_115-150x150.jpg 150w, http:\/\/garancepouponjoyeux-alexandrearbouin.fr\/wp-content\/uploads\/2024\/03\/rsz_h440_41_115-300x300.jpg 300w, http:\/\/garancepouponjoyeux-alexandrearbouin.fr\/wp-content\/uploads\/2024\/03\/rsz_h440_41_115.jpg 440w\" sizes=\"(max-width: 150px) 100vw, 150px\" \/>\t\t\t\t\t\t\t\t<\/a>\n\t\t\t\t\t\t\t\t\t\t\t\t\t\t\t<\/div>\n\t\t\t\t<\/div>\n\t\t\t\t<\/div>\n\t\t<div class=\"elementor-element elementor-element-627db7a4 e-con-full e-flex e-con e-child\" data-id=\"627db7a4\" data-element_type=\"container\">\n\t\t\t\t<div class=\"elementor-element elementor-element-2ec7eed9 elementor-widget elementor-widget-image\" data-id=\"2ec7eed9\" data-element_type=\"widget\" data-widget_type=\"image.default\">\n\t\t\t\t<div class=\"elementor-widget-container\">\n\t\t\t\t\t\t\t\t\t\t\t\t\t\t\t\t<a href=\"http:\/\/garancepouponjoyeux-alexandrearbouin.fr\/wp-content\/uploads\/2024\/03\/rsz_h440_41_125.jpg\" data-elementor-open-lightbox=\"yes\" data-elementor-lightbox-title=\"CACA - Centre d&#039;Art Contemporain d&#039;Angoul\u00eame\" data-elementor-lightbox-description=\"Photos : Garance Poupon-Joyeux &amp; Alexandre Arbouin \/ Vue de l&#039;\u00e9v\u00e9nement avec Jules Kirmann\" data-e-action-hash=\"#elementor-action%3Aaction%3Dlightbox%26settings%3DeyJpZCI6MzEyLCJ1cmwiOiJodHRwOlwvXC9nYXJhbmNlcG91cG9uam95ZXV4LWFsZXhhbmRyZWFyYm91aW4uZnJcL3dwLWNvbnRlbnRcL3VwbG9hZHNcLzIwMjRcLzAzXC9yc3pfaDQ0MF80MV8xMjUuanBnIn0%3D\">\n\t\t\t\t\t\t\t<img loading=\"lazy\" decoding=\"async\" width=\"150\" height=\"150\" src=\"http:\/\/garancepouponjoyeux-alexandrearbouin.fr\/wp-content\/uploads\/2024\/03\/rsz_h440_41_125-150x150.jpg\" class=\"attachment-thumbnail size-thumbnail wp-image-312\" alt=\"\" \/>\t\t\t\t\t\t\t\t<\/a>\n\t\t\t\t\t\t\t\t\t\t\t\t\t\t\t<\/div>\n\t\t\t\t<\/div>\n\t\t\t\t<\/div>\n\t\t\t\t\t<\/div>\n\t\t\t\t<\/div>\n\t\t<div class=\"elementor-element elementor-element-48e457c8 e-flex e-con-boxed e-con e-parent\" data-id=\"48e457c8\" data-element_type=\"container\">\n\t\t\t\t\t<div class=\"e-con-inner\">\n\t\t\t\t<div class=\"elementor-element elementor-element-315fc61 elementor-widget elementor-widget-heading\" data-id=\"315fc61\" data-element_type=\"widget\" data-widget_type=\"heading.default\">\n\t\t\t\t<div class=\"elementor-widget-container\">\n\t\t\t\t\t<h2 class=\"elementor-heading-title elementor-size-default\">CACA - Centre d'Art Contemporain d'Angoul\u00eame<\/h2>\t\t\t\t<\/div>\n\t\t\t\t<\/div>\n\t\t\t\t<div class=\"elementor-element elementor-element-e429c29 elementor-widget elementor-widget-text-editor\" data-id=\"e429c29\" data-element_type=\"widget\" data-widget_type=\"text-editor.default\">\n\t\t\t\t<div class=\"elementor-widget-container\">\n\t\t\t\t\t\t\t\t\t<p>2021<br \/>Cube gonflable<br \/>220 x 300 x 380 cm<\/p><p>&#8212;&#8212;&#8212;&#8212;&#8212;&#8212;&#8212;&#8212;&#8211;<\/p>\t\t\t\t\t\t\t\t<\/div>\n\t\t\t\t<\/div>\n\t\t\t\t<div class=\"elementor-element elementor-element-42349d8f elementor-widget elementor-widget-text-editor\" data-id=\"42349d8f\" data-element_type=\"widget\" data-widget_type=\"text-editor.default\">\n\t\t\t\t<div class=\"elementor-widget-container\">\n\t\t\t\t\t\t\t\t\t<p>Le CACA est le Centre d&#8217;Art Contemporain d&#8217;Angoul\u00eame. Il se pr\u00e9sente comme un white cube gonflable accueillant divers \u00e9v\u00e9nements d&#8217;art contemporain (expositions, performances, lectures, etc.)<\/p><p><a href=\"http:\/\/caca-centredart.fr\">caca-centredart.fr<\/a><\/p>\t\t\t\t\t\t\t\t<\/div>\n\t\t\t\t<\/div>\n\t\t\t\t<div class=\"elementor-element elementor-element-b82946c elementor-widget elementor-widget-text-editor\" data-id=\"b82946c\" data-element_type=\"widget\" data-widget_type=\"text-editor.default\">\n\t\t\t\t<div class=\"elementor-widget-container\">\n\t\t\t\t\t\t\t\t\t<p>Aide Individuelle \u00e0 la Cr\u00e9ation 2021 &#8211; DRAC Nouvelle Aquitaine<\/p>\t\t\t\t\t\t\t\t<\/div>\n\t\t\t\t<\/div>\n\t\t\t\t\t<\/div>\n\t\t\t\t<\/div>\n\t\t<div class=\"elementor-element elementor-element-45bcfee0 e-flex e-con-boxed e-con e-parent\" data-id=\"45bcfee0\" data-element_type=\"container\">\n\t\t\t\t\t<div class=\"e-con-inner\">\n\t\t\t\t\t<\/div>\n\t\t\t\t<\/div>\n\t\t\t\t<\/div>\n\t\t","protected":false},"excerpt":{"rendered":"<p>Photos : Garance Poupon-Joyeux &amp; Alexandre Arbouin CACA &#8211; Centre d&#8217;Art Contemporain d&#8217;Angoul\u00eame 2021Cube gonflable220 x 300 x 380 cm &#8212;&#8212;&#8212;&#8212;&#8212;&#8212;&#8212;&#8212;&#8211; Le CACA est le Centre d&#8217;Art Contemporain d&#8217;Angoul\u00eame. Il se pr\u00e9sente comme un white cube gonflable accueillant divers \u00e9v\u00e9nements d&#8217;art contemporain (expositions, performances, lectures, etc.) caca-centredart.fr Aide Individuelle \u00e0 la Cr\u00e9ation 2021 &#8211; DRAC &hellip; <a href=\"http:\/\/garancepouponjoyeux-alexandrearbouin.fr\/index.php\/works\/caca\/\" class=\"more-link\">Continue reading <span class=\"screen-reader-text\">CACA &#8211; Centre d&#8217;Art Contemporain d&#8217;Angoul\u00eame<\/span><\/a><\/p>\n","protected":false},"author":1,"featured_media":0,"parent":7,"menu_order":2,"comment_status":"closed","ping_status":"closed","template":"","meta":{"footnotes":""},"class_list":["post-300","page","type-page","status-publish","hentry"],"yoast_head":"<!-- This site is optimized with the Yoast SEO plugin v24.4 - https:\/\/yoast.com\/wordpress\/plugins\/seo\/ -->\n<title>CACA - Centre d&#039;Art Contemporain d&#039;Angoul\u00eame - GPJ &amp; AA<\/title>\n<meta name=\"robots\" content=\"index, follow, max-snippet:-1, max-image-preview:large, max-video-preview:-1\" \/>\n<link rel=\"canonical\" href=\"http:\/\/garancepouponjoyeux-alexandrearbouin.fr\/index.php\/works\/caca\/\" \/>\n<meta property=\"og:locale\" content=\"en_US\" \/>\n<meta property=\"og:type\" content=\"article\" \/>\n<meta property=\"og:title\" content=\"CACA - Centre d&#039;Art Contemporain d&#039;Angoul\u00eame - GPJ &amp; AA\" \/>\n<meta property=\"og:description\" content=\"Photos : Garance Poupon-Joyeux &amp; Alexandre Arbouin CACA &#8211; Centre d&#8217;Art Contemporain d&#8217;Angoul\u00eame 2021Cube gonflable220 x 300 x 380 cm &#8212;&#8212;&#8212;&#8212;&#8212;&#8212;&#8212;&#8212;&#8211; Le CACA est le Centre d&#8217;Art Contemporain d&#8217;Angoul\u00eame. Il se pr\u00e9sente comme un white cube gonflable accueillant divers \u00e9v\u00e9nements d&#8217;art contemporain (expositions, performances, lectures, etc.) caca-centredart.fr Aide Individuelle \u00e0 la Cr\u00e9ation 2021 &#8211; DRAC &hellip; Continue reading CACA &#8211; Centre d&#8217;Art Contemporain d&#8217;Angoul\u00eame\" \/>\n<meta property=\"og:url\" content=\"http:\/\/garancepouponjoyeux-alexandrearbouin.fr\/index.php\/works\/caca\/\" \/>\n<meta property=\"og:site_name\" content=\"GPJ &amp; AA\" \/>\n<meta property=\"article:modified_time\" content=\"2024-03-10T18:21:07+00:00\" \/>\n<meta property=\"og:image\" content=\"http:\/\/garancepouponjoyeux-alexandrearbouin.fr\/wp-content\/uploads\/2024\/03\/0_visuel_Poupon-Joyeux-1.jpg\" \/>\n<meta name=\"twitter:card\" content=\"summary_large_image\" \/>\n<meta name=\"twitter:label1\" content=\"Est. reading time\" \/>\n\t<meta name=\"twitter:data1\" content=\"2 minutes\" \/>\n<script type=\"application\/ld+json\" class=\"yoast-schema-graph\">{\"@context\":\"https:\/\/schema.org\",\"@graph\":[{\"@type\":\"WebPage\",\"@id\":\"http:\/\/garancepouponjoyeux-alexandrearbouin.fr\/index.php\/works\/caca\/\",\"url\":\"http:\/\/garancepouponjoyeux-alexandrearbouin.fr\/index.php\/works\/caca\/\",\"name\":\"CACA - Centre d'Art Contemporain d'Angoul\u00eame - GPJ &amp; AA\",\"isPartOf\":{\"@id\":\"https:\/\/garancepouponjoyeux-alexandrearbouin.fr\/#website\"},\"primaryImageOfPage\":{\"@id\":\"http:\/\/garancepouponjoyeux-alexandrearbouin.fr\/index.php\/works\/caca\/#primaryimage\"},\"image\":{\"@id\":\"http:\/\/garancepouponjoyeux-alexandrearbouin.fr\/index.php\/works\/caca\/#primaryimage\"},\"thumbnailUrl\":\"http:\/\/garancepouponjoyeux-alexandrearbouin.fr\/wp-content\/uploads\/2024\/03\/0_visuel_Poupon-Joyeux-1.jpg\",\"datePublished\":\"2024-03-10T10:01:20+00:00\",\"dateModified\":\"2024-03-10T18:21:07+00:00\",\"breadcrumb\":{\"@id\":\"http:\/\/garancepouponjoyeux-alexandrearbouin.fr\/index.php\/works\/caca\/#breadcrumb\"},\"inLanguage\":\"en-US\",\"potentialAction\":[{\"@type\":\"ReadAction\",\"target\":[\"http:\/\/garancepouponjoyeux-alexandrearbouin.fr\/index.php\/works\/caca\/\"]}]},{\"@type\":\"ImageObject\",\"inLanguage\":\"en-US\",\"@id\":\"http:\/\/garancepouponjoyeux-alexandrearbouin.fr\/index.php\/works\/caca\/#primaryimage\",\"url\":\"http:\/\/garancepouponjoyeux-alexandrearbouin.fr\/wp-content\/uploads\/2024\/03\/0_visuel_Poupon-Joyeux-1.jpg\",\"contentUrl\":\"http:\/\/garancepouponjoyeux-alexandrearbouin.fr\/wp-content\/uploads\/2024\/03\/0_visuel_Poupon-Joyeux-1.jpg\"},{\"@type\":\"BreadcrumbList\",\"@id\":\"http:\/\/garancepouponjoyeux-alexandrearbouin.fr\/index.php\/works\/caca\/#breadcrumb\",\"itemListElement\":[{\"@type\":\"ListItem\",\"position\":1,\"name\":\"Accueil\",\"item\":\"https:\/\/garancepouponjoyeux-alexandrearbouin.fr\/\"},{\"@type\":\"ListItem\",\"position\":2,\"name\":\"Works\",\"item\":\"https:\/\/garancepouponjoyeux-alexandrearbouin.fr\/\"},{\"@type\":\"ListItem\",\"position\":3,\"name\":\"CACA &#8211; Centre d&#8217;Art Contemporain d&#8217;Angoul\u00eame\"}]},{\"@type\":\"WebSite\",\"@id\":\"https:\/\/garancepouponjoyeux-alexandrearbouin.fr\/#website\",\"url\":\"https:\/\/garancepouponjoyeux-alexandrearbouin.fr\/\",\"name\":\"GPJ &amp; AA\",\"description\":\"\",\"potentialAction\":[{\"@type\":\"SearchAction\",\"target\":{\"@type\":\"EntryPoint\",\"urlTemplate\":\"https:\/\/garancepouponjoyeux-alexandrearbouin.fr\/?s={search_term_string}\"},\"query-input\":{\"@type\":\"PropertyValueSpecification\",\"valueRequired\":true,\"valueName\":\"search_term_string\"}}],\"inLanguage\":\"en-US\"}]}<\/script>\n<!-- \/ Yoast SEO plugin. -->","yoast_head_json":{"title":"CACA - Centre d'Art Contemporain d'Angoul\u00eame - GPJ &amp; AA","robots":{"index":"index","follow":"follow","max-snippet":"max-snippet:-1","max-image-preview":"max-image-preview:large","max-video-preview":"max-video-preview:-1"},"canonical":"http:\/\/garancepouponjoyeux-alexandrearbouin.fr\/index.php\/works\/caca\/","og_locale":"en_US","og_type":"article","og_title":"CACA - Centre d'Art Contemporain d'Angoul\u00eame - GPJ &amp; AA","og_description":"Photos : Garance Poupon-Joyeux &amp; Alexandre Arbouin CACA &#8211; Centre d&#8217;Art Contemporain d&#8217;Angoul\u00eame 2021Cube gonflable220 x 300 x 380 cm &#8212;&#8212;&#8212;&#8212;&#8212;&#8212;&#8212;&#8212;&#8211; Le CACA est le Centre d&#8217;Art Contemporain d&#8217;Angoul\u00eame. Il se pr\u00e9sente comme un white cube gonflable accueillant divers \u00e9v\u00e9nements d&#8217;art contemporain (expositions, performances, lectures, etc.) caca-centredart.fr Aide Individuelle \u00e0 la Cr\u00e9ation 2021 &#8211; DRAC &hellip; Continue reading CACA &#8211; Centre d&#8217;Art Contemporain d&#8217;Angoul\u00eame","og_url":"http:\/\/garancepouponjoyeux-alexandrearbouin.fr\/index.php\/works\/caca\/","og_site_name":"GPJ &amp; AA","article_modified_time":"2024-03-10T18:21:07+00:00","og_image":[{"url":"http:\/\/garancepouponjoyeux-alexandrearbouin.fr\/wp-content\/uploads\/2024\/03\/0_visuel_Poupon-Joyeux-1.jpg","type":"","width":"","height":""}],"twitter_card":"summary_large_image","twitter_misc":{"Est. reading time":"2 minutes"},"schema":{"@context":"https:\/\/schema.org","@graph":[{"@type":"WebPage","@id":"http:\/\/garancepouponjoyeux-alexandrearbouin.fr\/index.php\/works\/caca\/","url":"http:\/\/garancepouponjoyeux-alexandrearbouin.fr\/index.php\/works\/caca\/","name":"CACA - Centre d'Art Contemporain d'Angoul\u00eame - GPJ &amp; AA","isPartOf":{"@id":"https:\/\/garancepouponjoyeux-alexandrearbouin.fr\/#website"},"primaryImageOfPage":{"@id":"http:\/\/garancepouponjoyeux-alexandrearbouin.fr\/index.php\/works\/caca\/#primaryimage"},"image":{"@id":"http:\/\/garancepouponjoyeux-alexandrearbouin.fr\/index.php\/works\/caca\/#primaryimage"},"thumbnailUrl":"http:\/\/garancepouponjoyeux-alexandrearbouin.fr\/wp-content\/uploads\/2024\/03\/0_visuel_Poupon-Joyeux-1.jpg","datePublished":"2024-03-10T10:01:20+00:00","dateModified":"2024-03-10T18:21:07+00:00","breadcrumb":{"@id":"http:\/\/garancepouponjoyeux-alexandrearbouin.fr\/index.php\/works\/caca\/#breadcrumb"},"inLanguage":"en-US","potentialAction":[{"@type":"ReadAction","target":["http:\/\/garancepouponjoyeux-alexandrearbouin.fr\/index.php\/works\/caca\/"]}]},{"@type":"ImageObject","inLanguage":"en-US","@id":"http:\/\/garancepouponjoyeux-alexandrearbouin.fr\/index.php\/works\/caca\/#primaryimage","url":"http:\/\/garancepouponjoyeux-alexandrearbouin.fr\/wp-content\/uploads\/2024\/03\/0_visuel_Poupon-Joyeux-1.jpg","contentUrl":"http:\/\/garancepouponjoyeux-alexandrearbouin.fr\/wp-content\/uploads\/2024\/03\/0_visuel_Poupon-Joyeux-1.jpg"},{"@type":"BreadcrumbList","@id":"http:\/\/garancepouponjoyeux-alexandrearbouin.fr\/index.php\/works\/caca\/#breadcrumb","itemListElement":[{"@type":"ListItem","position":1,"name":"Accueil","item":"https:\/\/garancepouponjoyeux-alexandrearbouin.fr\/"},{"@type":"ListItem","position":2,"name":"Works","item":"https:\/\/garancepouponjoyeux-alexandrearbouin.fr\/"},{"@type":"ListItem","position":3,"name":"CACA &#8211; Centre d&#8217;Art Contemporain d&#8217;Angoul\u00eame"}]},{"@type":"WebSite","@id":"https:\/\/garancepouponjoyeux-alexandrearbouin.fr\/#website","url":"https:\/\/garancepouponjoyeux-alexandrearbouin.fr\/","name":"GPJ &amp; AA","description":"","potentialAction":[{"@type":"SearchAction","target":{"@type":"EntryPoint","urlTemplate":"https:\/\/garancepouponjoyeux-alexandrearbouin.fr\/?s={search_term_string}"},"query-input":{"@type":"PropertyValueSpecification","valueRequired":true,"valueName":"search_term_string"}}],"inLanguage":"en-US"}]}},"_links":{"self":[{"href":"http:\/\/garancepouponjoyeux-alexandrearbouin.fr\/index.php\/wp-json\/wp\/v2\/pages\/300","targetHints":{"allow":["GET"]}}],"collection":[{"href":"http:\/\/garancepouponjoyeux-alexandrearbouin.fr\/index.php\/wp-json\/wp\/v2\/pages"}],"about":[{"href":"http:\/\/garancepouponjoyeux-alexandrearbouin.fr\/index.php\/wp-json\/wp\/v2\/types\/page"}],"author":[{"embeddable":true,"href":"http:\/\/garancepouponjoyeux-alexandrearbouin.fr\/index.php\/wp-json\/wp\/v2\/users\/1"}],"replies":[{"embeddable":true,"href":"http:\/\/garancepouponjoyeux-alexandrearbouin.fr\/index.php\/wp-json\/wp\/v2\/comments?post=300"}],"version-history":[{"count":18,"href":"http:\/\/garancepouponjoyeux-alexandrearbouin.fr\/index.php\/wp-json\/wp\/v2\/pages\/300\/revisions"}],"predecessor-version":[{"id":649,"href":"http:\/\/garancepouponjoyeux-alexandrearbouin.fr\/index.php\/wp-json\/wp\/v2\/pages\/300\/revisions\/649"}],"up":[{"embeddable":true,"href":"http:\/\/garancepouponjoyeux-alexandrearbouin.fr\/index.php\/wp-json\/wp\/v2\/pages\/7"}],"wp:attachment":[{"href":"http:\/\/garancepouponjoyeux-alexandrearbouin.fr\/index.php\/wp-json\/wp\/v2\/media?parent=300"}],"curies":[{"name":"wp","href":"https:\/\/api.w.org\/{rel}","templated":true}]}}