{"id":532,"date":"2024-03-10T18:16:16","date_gmt":"2024-03-10T17:16:16","guid":{"rendered":"http:\/\/garancepouponjoyeux-alexandrearbouin.fr\/?page_id=532"},"modified":"2024-03-10T19:32:13","modified_gmt":"2024-03-10T18:32:13","slug":"la-bureaucratie-de-lunique-construction-dune-praxis-de-la-similitude","status":"publish","type":"page","link":"http:\/\/garancepouponjoyeux-alexandrearbouin.fr\/index.php\/works\/la-bureaucratie-de-lunique-construction-dune-praxis-de-la-similitude\/","title":{"rendered":"La Bureaucratie de l&#8217;Unique : Construction d&#8217;une Praxis de la Similitude"},"content":{"rendered":"\t\t<div data-elementor-type=\"wp-page\" data-elementor-id=\"532\" class=\"elementor elementor-532\">\n\t\t\t\t<div class=\"elementor-element elementor-element-7d5f1acf e-flex e-con-boxed e-con e-parent\" data-id=\"7d5f1acf\" data-element_type=\"container\">\n\t\t\t\t\t<div class=\"e-con-inner\">\n\t\t\t\t<div class=\"elementor-element elementor-element-3bc263b1 elementor-widget elementor-widget-image\" data-id=\"3bc263b1\" data-element_type=\"widget\" data-widget_type=\"image.default\">\n\t\t\t\t<div class=\"elementor-widget-container\">\n\t\t\t\t\t\t\t\t\t\t\t\t<figure class=\"wp-caption\">\n\t\t\t\t\t\t\t\t\t\t\t<a href=\"http:\/\/garancepouponjoyeux-alexandrearbouin.fr\/wp-content\/uploads\/2024\/03\/rsz_h530_9_29.jpg\" data-elementor-open-lightbox=\"yes\" data-elementor-lightbox-title=\"La Bureaucratie de l&#039;Unique : Construction d&#039;une Praxis de la Similitude\" data-elementor-lightbox-description=\"Photos : Garance Poupon-Joyeux &amp; Alexandre Arbouin \/ Carton d&#039;invitation de l&#039;exposition au PlotHR, Rouen (2016)\" data-e-action-hash=\"#elementor-action%3Aaction%3Dlightbox%26settings%3DeyJpZCI6NTQzLCJ1cmwiOiJodHRwOlwvXC9nYXJhbmNlcG91cG9uam95ZXV4LWFsZXhhbmRyZWFyYm91aW4uZnJcL3dwLWNvbnRlbnRcL3VwbG9hZHNcLzIwMjRcLzAzXC9yc3pfaDUzMF85XzI5LmpwZyJ9\">\n\t\t\t\t\t\t\t<img fetchpriority=\"high\" decoding=\"async\" width=\"745\" height=\"530\" src=\"http:\/\/garancepouponjoyeux-alexandrearbouin.fr\/wp-content\/uploads\/2024\/03\/rsz_h530_9_29.jpg\" class=\"attachment-full size-full wp-image-543\" alt=\"\" srcset=\"http:\/\/garancepouponjoyeux-alexandrearbouin.fr\/wp-content\/uploads\/2024\/03\/rsz_h530_9_29.jpg 745w, http:\/\/garancepouponjoyeux-alexandrearbouin.fr\/wp-content\/uploads\/2024\/03\/rsz_h530_9_29-300x213.jpg 300w\" sizes=\"(max-width: 745px) 100vw, 745px\" \/>\t\t\t\t\t\t\t\t<\/a>\n\t\t\t\t\t\t\t\t\t\t\t<figcaption class=\"widget-image-caption wp-caption-text\">Photos : Garance Poupon-Joyeux &amp; Alexandre Arbouin \/ Carton d'invitation de l'exposition au PlotHR, Rouen (2016)<\/figcaption>\n\t\t\t\t\t\t\t\t\t\t<\/figure>\n\t\t\t\t\t\t\t\t\t<\/div>\n\t\t\t\t<\/div>\n\t\t\t\t\t<\/div>\n\t\t\t\t<\/div>\n\t\t<div class=\"elementor-element elementor-element-34b72872 e-flex e-con-boxed e-con e-parent\" data-id=\"34b72872\" data-element_type=\"container\">\n\t\t\t\t\t<div class=\"e-con-inner\">\n\t\t<div class=\"elementor-element elementor-element-2663a304 e-con-full e-flex e-con e-child\" data-id=\"2663a304\" data-element_type=\"container\">\n\t\t\t\t<div class=\"elementor-element elementor-element-3d7dc62a elementor-widget elementor-widget-image\" data-id=\"3d7dc62a\" data-element_type=\"widget\" data-widget_type=\"image.default\">\n\t\t\t\t<div class=\"elementor-widget-container\">\n\t\t\t\t\t\t\t\t\t\t\t\t\t\t\t\t<a href=\"http:\/\/garancepouponjoyeux-alexandrearbouin.fr\/wp-content\/uploads\/2024\/03\/rsz_h530_9_27.jpg\" data-elementor-open-lightbox=\"yes\" data-elementor-lightbox-title=\"La Bureaucratie de l&#039;Unique : Construction d&#039;une Praxis de la Similitude\" data-elementor-lightbox-description=\"Photos : Garance Poupon-Joyeux &amp; Alexandre Arbouin \/ Vue de l&#039;exposition au PlotHR, Rouen (2016)\" data-e-action-hash=\"#elementor-action%3Aaction%3Dlightbox%26settings%3DeyJpZCI6NTQxLCJ1cmwiOiJodHRwOlwvXC9nYXJhbmNlcG91cG9uam95ZXV4LWFsZXhhbmRyZWFyYm91aW4uZnJcL3dwLWNvbnRlbnRcL3VwbG9hZHNcLzIwMjRcLzAzXC9yc3pfaDUzMF85XzI3LmpwZyJ9\">\n\t\t\t\t\t\t\t<img decoding=\"async\" width=\"150\" height=\"150\" src=\"http:\/\/garancepouponjoyeux-alexandrearbouin.fr\/wp-content\/uploads\/2024\/03\/rsz_h530_9_27-150x150.jpg\" class=\"attachment-thumbnail size-thumbnail wp-image-541\" alt=\"\" \/>\t\t\t\t\t\t\t\t<\/a>\n\t\t\t\t\t\t\t\t\t\t\t\t\t\t\t<\/div>\n\t\t\t\t<\/div>\n\t\t\t\t<\/div>\n\t\t<div class=\"elementor-element elementor-element-d1b180f e-con-full e-flex e-con e-child\" data-id=\"d1b180f\" data-element_type=\"container\">\n\t\t\t\t<div class=\"elementor-element elementor-element-136bb277 elementor-widget elementor-widget-image\" data-id=\"136bb277\" data-element_type=\"widget\" data-widget_type=\"image.default\">\n\t\t\t\t<div class=\"elementor-widget-container\">\n\t\t\t\t\t\t\t\t\t\t\t\t\t\t\t\t<a href=\"http:\/\/garancepouponjoyeux-alexandrearbouin.fr\/wp-content\/uploads\/2024\/03\/rsz_h530_9_45.jpg\" data-elementor-open-lightbox=\"yes\" data-elementor-lightbox-title=\"La Bureaucratie de l&#039;Unique : Construction d&#039;une Praxis de la Similitude\" data-elementor-lightbox-description=\"Photos : Garance Poupon-Joyeux &amp; Alexandre Arbouin \/ Vue de l&#039;exposition au PlotHR, Rouen (2016)\" data-e-action-hash=\"#elementor-action%3Aaction%3Dlightbox%26settings%3DeyJpZCI6NTQ0LCJ1cmwiOiJodHRwOlwvXC9nYXJhbmNlcG91cG9uam95ZXV4LWFsZXhhbmRyZWFyYm91aW4uZnJcL3dwLWNvbnRlbnRcL3VwbG9hZHNcLzIwMjRcLzAzXC9yc3pfaDUzMF85XzQ1LmpwZyJ9\">\n\t\t\t\t\t\t\t<img decoding=\"async\" width=\"150\" height=\"150\" src=\"http:\/\/garancepouponjoyeux-alexandrearbouin.fr\/wp-content\/uploads\/2024\/03\/rsz_h530_9_45-150x150.jpg\" class=\"attachment-thumbnail size-thumbnail wp-image-544\" alt=\"\" \/>\t\t\t\t\t\t\t\t<\/a>\n\t\t\t\t\t\t\t\t\t\t\t\t\t\t\t<\/div>\n\t\t\t\t<\/div>\n\t\t\t\t<\/div>\n\t\t<div class=\"elementor-element elementor-element-67f56ae9 e-con-full e-flex e-con e-child\" data-id=\"67f56ae9\" data-element_type=\"container\">\n\t\t\t\t<div class=\"elementor-element elementor-element-49d33dbd elementor-widget elementor-widget-image\" data-id=\"49d33dbd\" data-element_type=\"widget\" data-widget_type=\"image.default\">\n\t\t\t\t<div class=\"elementor-widget-container\">\n\t\t\t\t\t\t\t\t\t\t\t\t\t\t\t\t<a href=\"http:\/\/garancepouponjoyeux-alexandrearbouin.fr\/wp-content\/uploads\/2024\/03\/rsz_h530_9_26.jpg\" data-elementor-open-lightbox=\"yes\" data-elementor-lightbox-title=\"La Bureaucratie de l&#039;Unique : Construction d&#039;une Praxis de la Similitude\" data-elementor-lightbox-description=\"Photos : Garance Poupon-Joyeux &amp; Alexandre Arbouin \/ Vue de l&#039;exposition au PlotHR, Rouen (2016)\" data-e-action-hash=\"#elementor-action%3Aaction%3Dlightbox%26settings%3DeyJpZCI6NTQwLCJ1cmwiOiJodHRwOlwvXC9nYXJhbmNlcG91cG9uam95ZXV4LWFsZXhhbmRyZWFyYm91aW4uZnJcL3dwLWNvbnRlbnRcL3VwbG9hZHNcLzIwMjRcLzAzXC9yc3pfaDUzMF85XzI2LmpwZyJ9\">\n\t\t\t\t\t\t\t<img loading=\"lazy\" decoding=\"async\" width=\"150\" height=\"150\" src=\"http:\/\/garancepouponjoyeux-alexandrearbouin.fr\/wp-content\/uploads\/2024\/03\/rsz_h530_9_26-150x150.jpg\" class=\"attachment-thumbnail size-thumbnail wp-image-540\" alt=\"\" \/>\t\t\t\t\t\t\t\t<\/a>\n\t\t\t\t\t\t\t\t\t\t\t\t\t\t\t<\/div>\n\t\t\t\t<\/div>\n\t\t\t\t<\/div>\n\t\t<div class=\"elementor-element elementor-element-39d0fd89 e-con-full e-flex e-con e-child\" data-id=\"39d0fd89\" data-element_type=\"container\">\n\t\t\t\t<div class=\"elementor-element elementor-element-efd3ab2 elementor-widget elementor-widget-image\" data-id=\"efd3ab2\" data-element_type=\"widget\" data-widget_type=\"image.default\">\n\t\t\t\t<div class=\"elementor-widget-container\">\n\t\t\t\t\t\t\t\t\t\t\t\t\t\t\t\t<a href=\"http:\/\/garancepouponjoyeux-alexandrearbouin.fr\/wp-content\/uploads\/2024\/03\/rsz_h530_9_6-1.jpg\" data-elementor-open-lightbox=\"yes\" data-elementor-lightbox-title=\"La Bureaucratie de l&#039;Unique : Construction d&#039;une Praxis de la Similitude\" data-elementor-lightbox-description=\"Photos : Garance Poupon-Joyeux &amp; Alexandre Arbouin \/ Vue de l&#039;exposition au PlotHR, Rouen (2016)\" data-e-action-hash=\"#elementor-action%3Aaction%3Dlightbox%26settings%3DeyJpZCI6NTM3LCJ1cmwiOiJodHRwOlwvXC9nYXJhbmNlcG91cG9uam95ZXV4LWFsZXhhbmRyZWFyYm91aW4uZnJcL3dwLWNvbnRlbnRcL3VwbG9hZHNcLzIwMjRcLzAzXC9yc3pfaDUzMF85XzYtMS5qcGcifQ%3D%3D\">\n\t\t\t\t\t\t\t<img loading=\"lazy\" decoding=\"async\" width=\"150\" height=\"150\" src=\"http:\/\/garancepouponjoyeux-alexandrearbouin.fr\/wp-content\/uploads\/2024\/03\/rsz_h530_9_6-1-150x150.jpg\" class=\"attachment-thumbnail size-thumbnail wp-image-537\" alt=\"\" \/>\t\t\t\t\t\t\t\t<\/a>\n\t\t\t\t\t\t\t\t\t\t\t\t\t\t\t<\/div>\n\t\t\t\t<\/div>\n\t\t\t\t<\/div>\n\t\t<div class=\"elementor-element elementor-element-949f582 e-con-full e-flex e-con e-child\" data-id=\"949f582\" data-element_type=\"container\">\n\t\t\t\t<div class=\"elementor-element elementor-element-3d492be8 elementor-widget elementor-widget-image\" data-id=\"3d492be8\" data-element_type=\"widget\" data-widget_type=\"image.default\">\n\t\t\t\t<div class=\"elementor-widget-container\">\n\t\t\t\t\t\t\t\t\t\t\t\t\t\t\t\t<a href=\"http:\/\/garancepouponjoyeux-alexandrearbouin.fr\/wp-content\/uploads\/2024\/03\/rsz_h530_9_25.jpg\" data-elementor-open-lightbox=\"yes\" data-elementor-lightbox-title=\"La Bureaucratie de l&#039;Unique : Construction d&#039;une Praxis de la Similitude\" data-elementor-lightbox-description=\"Photos : Garance Poupon-Joyeux &amp; Alexandre Arbouin \/ Vue de l&#039;exposition au PlotHR, Rouen (2016)\" data-e-action-hash=\"#elementor-action%3Aaction%3Dlightbox%26settings%3DeyJpZCI6NTM5LCJ1cmwiOiJodHRwOlwvXC9nYXJhbmNlcG91cG9uam95ZXV4LWFsZXhhbmRyZWFyYm91aW4uZnJcL3dwLWNvbnRlbnRcL3VwbG9hZHNcLzIwMjRcLzAzXC9yc3pfaDUzMF85XzI1LmpwZyJ9\">\n\t\t\t\t\t\t\t<img loading=\"lazy\" decoding=\"async\" width=\"150\" height=\"150\" src=\"http:\/\/garancepouponjoyeux-alexandrearbouin.fr\/wp-content\/uploads\/2024\/03\/rsz_h530_9_25-150x150.jpg\" class=\"attachment-thumbnail size-thumbnail wp-image-539\" alt=\"\" \/>\t\t\t\t\t\t\t\t<\/a>\n\t\t\t\t\t\t\t\t\t\t\t\t\t\t\t<\/div>\n\t\t\t\t<\/div>\n\t\t\t\t<\/div>\n\t\t<div class=\"elementor-element elementor-element-677a483b e-con-full e-flex e-con e-child\" data-id=\"677a483b\" data-element_type=\"container\">\n\t\t\t\t<div class=\"elementor-element elementor-element-53c290cd elementor-widget elementor-widget-image\" data-id=\"53c290cd\" data-element_type=\"widget\" data-widget_type=\"image.default\">\n\t\t\t\t<div class=\"elementor-widget-container\">\n\t\t\t\t\t\t\t\t\t\t\t\t\t\t\t\t<a href=\"http:\/\/garancepouponjoyeux-alexandrearbouin.fr\/wp-content\/uploads\/2024\/03\/rsz_h530_9_28.jpg\" data-elementor-open-lightbox=\"yes\" data-elementor-lightbox-title=\"La Bureaucratie de l&#039;Unique : Construction d&#039;une Praxis de la Similitude\" data-elementor-lightbox-description=\"Photos : Garance Poupon-Joyeux &amp; Alexandre Arbouin \/ Vue de l&#039;exposition au PlotHR, Rouen (2016)\" data-e-action-hash=\"#elementor-action%3Aaction%3Dlightbox%26settings%3DeyJpZCI6NTQyLCJ1cmwiOiJodHRwOlwvXC9nYXJhbmNlcG91cG9uam95ZXV4LWFsZXhhbmRyZWFyYm91aW4uZnJcL3dwLWNvbnRlbnRcL3VwbG9hZHNcLzIwMjRcLzAzXC9yc3pfaDUzMF85XzI4LmpwZyJ9\">\n\t\t\t\t\t\t\t<img loading=\"lazy\" decoding=\"async\" width=\"150\" height=\"150\" src=\"http:\/\/garancepouponjoyeux-alexandrearbouin.fr\/wp-content\/uploads\/2024\/03\/rsz_h530_9_28-150x150.jpg\" class=\"attachment-thumbnail size-thumbnail wp-image-542\" alt=\"\" \/>\t\t\t\t\t\t\t\t<\/a>\n\t\t\t\t\t\t\t\t\t\t\t\t\t\t\t<\/div>\n\t\t\t\t<\/div>\n\t\t\t\t<\/div>\n\t\t\t\t\t<\/div>\n\t\t\t\t<\/div>\n\t\t<div class=\"elementor-element elementor-element-455654ed e-flex e-con-boxed e-con e-parent\" data-id=\"455654ed\" data-element_type=\"container\">\n\t\t\t\t\t<div class=\"e-con-inner\">\n\t\t\t\t<div class=\"elementor-element elementor-element-61e80e11 elementor-widget elementor-widget-heading\" data-id=\"61e80e11\" data-element_type=\"widget\" data-widget_type=\"heading.default\">\n\t\t\t\t<div class=\"elementor-widget-container\">\n\t\t\t\t\t<h2 class=\"elementor-heading-title elementor-size-default\">La Bureaucratie de l'Unique : Construction d'une Praxis de la Similitude<\/h2>\t\t\t\t<\/div>\n\t\t\t\t<\/div>\n\t\t\t\t<div class=\"elementor-element elementor-element-1785f3e1 elementor-widget elementor-widget-text-editor\" data-id=\"1785f3e1\" data-element_type=\"widget\" data-widget_type=\"text-editor.default\">\n\t\t\t\t<div class=\"elementor-widget-container\">\n\t\t\t\t\t\t\t\t\t<p>2016<br \/>\u0152uvre-exposition<\/p><p>Avec la participation de Ninon Allanic, L\u00e9onore Belhani Marie-Margaux Bonamy, Paul Caharel, Laurie Lefebvre, Alexis Maurice, Jade Moulin, Robin Parcelier, Gwenaelle Petit, Camille Werquin.<\/p><p>&#8212;&#8212;&#8212;&#8212;&#8212;&#8212;&#8212;&#8212;&#8212;&#8212;&#8212;&#8212;&#8212;&#8212;&#8212;&#8212;&#8212;&#8212;&#8212;&#8212;&#8212;&#8212;&#8212;&#8212;&#8212;&#8212;&#8212;&#8212;&#8212;&#8212;&#8212;&#8212;&#8212;&#8212;&#8212;&#8212;&#8212;&#8212;&#8212;&#8212;<\/p>\t\t\t\t\t\t\t\t<\/div>\n\t\t\t\t<\/div>\n\t\t\t\t<div class=\"elementor-element elementor-element-4becbdbb elementor-widget elementor-widget-text-editor\" data-id=\"4becbdbb\" data-element_type=\"widget\" data-widget_type=\"text-editor.default\">\n\t\t\t\t<div class=\"elementor-widget-container\">\n\t\t\t\t\t\t\t\t\t<p><em>La Bureaucratie de l&#8217;Unique: Construction d&#8217;une Praxis de la Similitude <\/em>est une exposition mont\u00e9e autour de notre <em>Diaporama<\/em>., invitant les \u00e9tudiant.e.s de l&#8217;ESADHaR Rouen, alors nos camarades, \u00e0 pr\u00e9senter et\/ou cr\u00e9er une \u0153uvre similaire \u00e0 celles pr\u00e9sentes dans le <em>Diaporama<\/em> regroupant des \u0153uvres formellement similaires cr\u00e9\u00e9es par des artistes diff\u00e9rents. Il s&#8217;agissait de les inviter \u00e0 cr\u00e9er leurs versions de ces incontournables et tenter l&#8217;exp\u00e9rience de la candidature \u00e0 la post\u00e9rit\u00e9 par la simple adaptation d&#8217;une forme r\u00e9pandue et reconnue. Les \u0153uvres photographi\u00e9es sur le fond vert \u00e9taient au fil de l&#8217;exposition incrust\u00e9es dans les d\u00e9cors originaux des \u0153uvres du diaporama, se substituant \u00e0 celles des c\u00e9l\u00e8bres artistes, certaines diapositives \u00e9tant enti\u00e8rement remplac\u00e9es par les travaux expos\u00e9s.<\/p>\t\t\t\t\t\t\t\t<\/div>\n\t\t\t\t<\/div>\n\t\t\t\t\t<\/div>\n\t\t\t\t<\/div>\n\t\t<div class=\"elementor-element elementor-element-4b3df18e e-flex e-con-boxed e-con e-parent\" data-id=\"4b3df18e\" data-element_type=\"container\">\n\t\t\t\t\t<div class=\"e-con-inner\">\n\t\t\t\t\t<\/div>\n\t\t\t\t<\/div>\n\t\t\t\t<\/div>\n\t\t","protected":false},"excerpt":{"rendered":"<p>Photos : Garance Poupon-Joyeux &amp; Alexandre Arbouin \/ Carton d&#8217;invitation de l&#8217;exposition au PlotHR, Rouen (2016) La Bureaucratie de l&#8217;Unique : Construction d&#8217;une Praxis de la Similitude 2016\u0152uvre-exposition Avec la participation de Ninon Allanic, L\u00e9onore Belhani Marie-Margaux Bonamy, Paul Caharel, Laurie Lefebvre, Alexis Maurice, Jade Moulin, Robin Parcelier, Gwenaelle Petit, Camille Werquin. &#8212;&#8212;&#8212;&#8212;&#8212;&#8212;&#8212;&#8212;&#8212;&#8212;&#8212;&#8212;&#8212;&#8212;&#8212;&#8212;&#8212;&#8212;&#8212;&#8212;&#8212;&#8212;&#8212;&#8212;&#8212;&#8212;&#8212;&#8212;&#8212;&#8212;&#8212;&#8212;&#8212;&#8212;&#8212;&#8212;&#8212;&#8212;&#8212;&#8212; La Bureaucratie &hellip; <a href=\"http:\/\/garancepouponjoyeux-alexandrearbouin.fr\/index.php\/works\/la-bureaucratie-de-lunique-construction-dune-praxis-de-la-similitude\/\" class=\"more-link\">Continue reading <span class=\"screen-reader-text\">La Bureaucratie de l&#8217;Unique : Construction d&#8217;une Praxis de la Similitude<\/span><\/a><\/p>\n","protected":false},"author":1,"featured_media":0,"parent":7,"menu_order":0,"comment_status":"closed","ping_status":"closed","template":"","meta":{"footnotes":""},"class_list":["post-532","page","type-page","status-publish","hentry"],"yoast_head":"<!-- This site is optimized with the Yoast SEO plugin v24.4 - https:\/\/yoast.com\/wordpress\/plugins\/seo\/ -->\n<title>La Bureaucratie de l&#039;Unique : Construction d&#039;une Praxis de la Similitude - GPJ &amp; AA<\/title>\n<meta name=\"robots\" content=\"index, follow, max-snippet:-1, max-image-preview:large, max-video-preview:-1\" \/>\n<link rel=\"canonical\" href=\"http:\/\/garancepouponjoyeux-alexandrearbouin.fr\/index.php\/works\/la-bureaucratie-de-lunique-construction-dune-praxis-de-la-similitude\/\" \/>\n<meta property=\"og:locale\" content=\"en_US\" \/>\n<meta property=\"og:type\" content=\"article\" \/>\n<meta property=\"og:title\" content=\"La Bureaucratie de l&#039;Unique : Construction d&#039;une Praxis de la Similitude - GPJ &amp; AA\" \/>\n<meta property=\"og:description\" content=\"Photos : Garance Poupon-Joyeux &amp; Alexandre Arbouin \/ Carton d&#8217;invitation de l&#8217;exposition au PlotHR, Rouen (2016) La Bureaucratie de l&#8217;Unique : Construction d&#8217;une Praxis de la Similitude 2016\u0152uvre-exposition Avec la participation de Ninon Allanic, L\u00e9onore Belhani Marie-Margaux Bonamy, Paul Caharel, Laurie Lefebvre, Alexis Maurice, Jade Moulin, Robin Parcelier, Gwenaelle Petit, Camille Werquin. &#8212;&#8212;&#8212;&#8212;&#8212;&#8212;&#8212;&#8212;&#8212;&#8212;&#8212;&#8212;&#8212;&#8212;&#8212;&#8212;&#8212;&#8212;&#8212;&#8212;&#8212;&#8212;&#8212;&#8212;&#8212;&#8212;&#8212;&#8212;&#8212;&#8212;&#8212;&#8212;&#8212;&#8212;&#8212;&#8212;&#8212;&#8212;&#8212;&#8212; La Bureaucratie &hellip; Continue reading La Bureaucratie de l&#8217;Unique : Construction d&#8217;une Praxis de la Similitude\" \/>\n<meta property=\"og:url\" content=\"http:\/\/garancepouponjoyeux-alexandrearbouin.fr\/index.php\/works\/la-bureaucratie-de-lunique-construction-dune-praxis-de-la-similitude\/\" \/>\n<meta property=\"og:site_name\" content=\"GPJ &amp; AA\" \/>\n<meta property=\"article:modified_time\" content=\"2024-03-10T18:32:13+00:00\" \/>\n<meta property=\"og:image\" content=\"http:\/\/garancepouponjoyeux-alexandrearbouin.fr\/wp-content\/uploads\/2024\/03\/rsz_h530_9_29.jpg\" \/>\n<meta name=\"twitter:card\" content=\"summary_large_image\" \/>\n<meta name=\"twitter:label1\" content=\"Est. reading time\" \/>\n\t<meta name=\"twitter:data1\" content=\"3 minutes\" \/>\n<script type=\"application\/ld+json\" class=\"yoast-schema-graph\">{\"@context\":\"https:\/\/schema.org\",\"@graph\":[{\"@type\":\"WebPage\",\"@id\":\"http:\/\/garancepouponjoyeux-alexandrearbouin.fr\/index.php\/works\/la-bureaucratie-de-lunique-construction-dune-praxis-de-la-similitude\/\",\"url\":\"http:\/\/garancepouponjoyeux-alexandrearbouin.fr\/index.php\/works\/la-bureaucratie-de-lunique-construction-dune-praxis-de-la-similitude\/\",\"name\":\"La Bureaucratie de l'Unique : Construction d'une Praxis de la Similitude - GPJ &amp; AA\",\"isPartOf\":{\"@id\":\"http:\/\/garancepouponjoyeux-alexandrearbouin.fr\/#website\"},\"primaryImageOfPage\":{\"@id\":\"http:\/\/garancepouponjoyeux-alexandrearbouin.fr\/index.php\/works\/la-bureaucratie-de-lunique-construction-dune-praxis-de-la-similitude\/#primaryimage\"},\"image\":{\"@id\":\"http:\/\/garancepouponjoyeux-alexandrearbouin.fr\/index.php\/works\/la-bureaucratie-de-lunique-construction-dune-praxis-de-la-similitude\/#primaryimage\"},\"thumbnailUrl\":\"http:\/\/garancepouponjoyeux-alexandrearbouin.fr\/wp-content\/uploads\/2024\/03\/rsz_h530_9_29.jpg\",\"datePublished\":\"2024-03-10T17:16:16+00:00\",\"dateModified\":\"2024-03-10T18:32:13+00:00\",\"breadcrumb\":{\"@id\":\"http:\/\/garancepouponjoyeux-alexandrearbouin.fr\/index.php\/works\/la-bureaucratie-de-lunique-construction-dune-praxis-de-la-similitude\/#breadcrumb\"},\"inLanguage\":\"en-US\",\"potentialAction\":[{\"@type\":\"ReadAction\",\"target\":[\"http:\/\/garancepouponjoyeux-alexandrearbouin.fr\/index.php\/works\/la-bureaucratie-de-lunique-construction-dune-praxis-de-la-similitude\/\"]}]},{\"@type\":\"ImageObject\",\"inLanguage\":\"en-US\",\"@id\":\"http:\/\/garancepouponjoyeux-alexandrearbouin.fr\/index.php\/works\/la-bureaucratie-de-lunique-construction-dune-praxis-de-la-similitude\/#primaryimage\",\"url\":\"http:\/\/garancepouponjoyeux-alexandrearbouin.fr\/wp-content\/uploads\/2024\/03\/rsz_h530_9_29.jpg\",\"contentUrl\":\"http:\/\/garancepouponjoyeux-alexandrearbouin.fr\/wp-content\/uploads\/2024\/03\/rsz_h530_9_29.jpg\"},{\"@type\":\"BreadcrumbList\",\"@id\":\"http:\/\/garancepouponjoyeux-alexandrearbouin.fr\/index.php\/works\/la-bureaucratie-de-lunique-construction-dune-praxis-de-la-similitude\/#breadcrumb\",\"itemListElement\":[{\"@type\":\"ListItem\",\"position\":1,\"name\":\"Accueil\",\"item\":\"http:\/\/garancepouponjoyeux-alexandrearbouin.fr\/\"},{\"@type\":\"ListItem\",\"position\":2,\"name\":\"Works\",\"item\":\"http:\/\/garancepouponjoyeux-alexandrearbouin.fr\/\"},{\"@type\":\"ListItem\",\"position\":3,\"name\":\"La Bureaucratie de l&#8217;Unique : Construction d&#8217;une Praxis de la Similitude\"}]},{\"@type\":\"WebSite\",\"@id\":\"http:\/\/garancepouponjoyeux-alexandrearbouin.fr\/#website\",\"url\":\"http:\/\/garancepouponjoyeux-alexandrearbouin.fr\/\",\"name\":\"GPJ &amp; AA\",\"description\":\"\",\"potentialAction\":[{\"@type\":\"SearchAction\",\"target\":{\"@type\":\"EntryPoint\",\"urlTemplate\":\"http:\/\/garancepouponjoyeux-alexandrearbouin.fr\/?s={search_term_string}\"},\"query-input\":{\"@type\":\"PropertyValueSpecification\",\"valueRequired\":true,\"valueName\":\"search_term_string\"}}],\"inLanguage\":\"en-US\"}]}<\/script>\n<!-- \/ Yoast SEO plugin. -->","yoast_head_json":{"title":"La Bureaucratie de l'Unique : Construction d'une Praxis de la Similitude - GPJ &amp; AA","robots":{"index":"index","follow":"follow","max-snippet":"max-snippet:-1","max-image-preview":"max-image-preview:large","max-video-preview":"max-video-preview:-1"},"canonical":"http:\/\/garancepouponjoyeux-alexandrearbouin.fr\/index.php\/works\/la-bureaucratie-de-lunique-construction-dune-praxis-de-la-similitude\/","og_locale":"en_US","og_type":"article","og_title":"La Bureaucratie de l'Unique : Construction d'une Praxis de la Similitude - GPJ &amp; AA","og_description":"Photos : Garance Poupon-Joyeux &amp; Alexandre Arbouin \/ Carton d&#8217;invitation de l&#8217;exposition au PlotHR, Rouen (2016) La Bureaucratie de l&#8217;Unique : Construction d&#8217;une Praxis de la Similitude 2016\u0152uvre-exposition Avec la participation de Ninon Allanic, L\u00e9onore Belhani Marie-Margaux Bonamy, Paul Caharel, Laurie Lefebvre, Alexis Maurice, Jade Moulin, Robin Parcelier, Gwenaelle Petit, Camille Werquin. &#8212;&#8212;&#8212;&#8212;&#8212;&#8212;&#8212;&#8212;&#8212;&#8212;&#8212;&#8212;&#8212;&#8212;&#8212;&#8212;&#8212;&#8212;&#8212;&#8212;&#8212;&#8212;&#8212;&#8212;&#8212;&#8212;&#8212;&#8212;&#8212;&#8212;&#8212;&#8212;&#8212;&#8212;&#8212;&#8212;&#8212;&#8212;&#8212;&#8212; La Bureaucratie &hellip; Continue reading La Bureaucratie de l&#8217;Unique : Construction d&#8217;une Praxis de la Similitude","og_url":"http:\/\/garancepouponjoyeux-alexandrearbouin.fr\/index.php\/works\/la-bureaucratie-de-lunique-construction-dune-praxis-de-la-similitude\/","og_site_name":"GPJ &amp; AA","article_modified_time":"2024-03-10T18:32:13+00:00","og_image":[{"url":"http:\/\/garancepouponjoyeux-alexandrearbouin.fr\/wp-content\/uploads\/2024\/03\/rsz_h530_9_29.jpg","type":"","width":"","height":""}],"twitter_card":"summary_large_image","twitter_misc":{"Est. reading time":"3 minutes"},"schema":{"@context":"https:\/\/schema.org","@graph":[{"@type":"WebPage","@id":"http:\/\/garancepouponjoyeux-alexandrearbouin.fr\/index.php\/works\/la-bureaucratie-de-lunique-construction-dune-praxis-de-la-similitude\/","url":"http:\/\/garancepouponjoyeux-alexandrearbouin.fr\/index.php\/works\/la-bureaucratie-de-lunique-construction-dune-praxis-de-la-similitude\/","name":"La Bureaucratie de l'Unique : Construction d'une Praxis de la Similitude - GPJ &amp; AA","isPartOf":{"@id":"http:\/\/garancepouponjoyeux-alexandrearbouin.fr\/#website"},"primaryImageOfPage":{"@id":"http:\/\/garancepouponjoyeux-alexandrearbouin.fr\/index.php\/works\/la-bureaucratie-de-lunique-construction-dune-praxis-de-la-similitude\/#primaryimage"},"image":{"@id":"http:\/\/garancepouponjoyeux-alexandrearbouin.fr\/index.php\/works\/la-bureaucratie-de-lunique-construction-dune-praxis-de-la-similitude\/#primaryimage"},"thumbnailUrl":"http:\/\/garancepouponjoyeux-alexandrearbouin.fr\/wp-content\/uploads\/2024\/03\/rsz_h530_9_29.jpg","datePublished":"2024-03-10T17:16:16+00:00","dateModified":"2024-03-10T18:32:13+00:00","breadcrumb":{"@id":"http:\/\/garancepouponjoyeux-alexandrearbouin.fr\/index.php\/works\/la-bureaucratie-de-lunique-construction-dune-praxis-de-la-similitude\/#breadcrumb"},"inLanguage":"en-US","potentialAction":[{"@type":"ReadAction","target":["http:\/\/garancepouponjoyeux-alexandrearbouin.fr\/index.php\/works\/la-bureaucratie-de-lunique-construction-dune-praxis-de-la-similitude\/"]}]},{"@type":"ImageObject","inLanguage":"en-US","@id":"http:\/\/garancepouponjoyeux-alexandrearbouin.fr\/index.php\/works\/la-bureaucratie-de-lunique-construction-dune-praxis-de-la-similitude\/#primaryimage","url":"http:\/\/garancepouponjoyeux-alexandrearbouin.fr\/wp-content\/uploads\/2024\/03\/rsz_h530_9_29.jpg","contentUrl":"http:\/\/garancepouponjoyeux-alexandrearbouin.fr\/wp-content\/uploads\/2024\/03\/rsz_h530_9_29.jpg"},{"@type":"BreadcrumbList","@id":"http:\/\/garancepouponjoyeux-alexandrearbouin.fr\/index.php\/works\/la-bureaucratie-de-lunique-construction-dune-praxis-de-la-similitude\/#breadcrumb","itemListElement":[{"@type":"ListItem","position":1,"name":"Accueil","item":"http:\/\/garancepouponjoyeux-alexandrearbouin.fr\/"},{"@type":"ListItem","position":2,"name":"Works","item":"http:\/\/garancepouponjoyeux-alexandrearbouin.fr\/"},{"@type":"ListItem","position":3,"name":"La Bureaucratie de l&#8217;Unique : Construction d&#8217;une Praxis de la Similitude"}]},{"@type":"WebSite","@id":"http:\/\/garancepouponjoyeux-alexandrearbouin.fr\/#website","url":"http:\/\/garancepouponjoyeux-alexandrearbouin.fr\/","name":"GPJ &amp; AA","description":"","potentialAction":[{"@type":"SearchAction","target":{"@type":"EntryPoint","urlTemplate":"http:\/\/garancepouponjoyeux-alexandrearbouin.fr\/?s={search_term_string}"},"query-input":{"@type":"PropertyValueSpecification","valueRequired":true,"valueName":"search_term_string"}}],"inLanguage":"en-US"}]}},"_links":{"self":[{"href":"http:\/\/garancepouponjoyeux-alexandrearbouin.fr\/index.php\/wp-json\/wp\/v2\/pages\/532","targetHints":{"allow":["GET"]}}],"collection":[{"href":"http:\/\/garancepouponjoyeux-alexandrearbouin.fr\/index.php\/wp-json\/wp\/v2\/pages"}],"about":[{"href":"http:\/\/garancepouponjoyeux-alexandrearbouin.fr\/index.php\/wp-json\/wp\/v2\/types\/page"}],"author":[{"embeddable":true,"href":"http:\/\/garancepouponjoyeux-alexandrearbouin.fr\/index.php\/wp-json\/wp\/v2\/users\/1"}],"replies":[{"embeddable":true,"href":"http:\/\/garancepouponjoyeux-alexandrearbouin.fr\/index.php\/wp-json\/wp\/v2\/comments?post=532"}],"version-history":[{"count":17,"href":"http:\/\/garancepouponjoyeux-alexandrearbouin.fr\/index.php\/wp-json\/wp\/v2\/pages\/532\/revisions"}],"predecessor-version":[{"id":694,"href":"http:\/\/garancepouponjoyeux-alexandrearbouin.fr\/index.php\/wp-json\/wp\/v2\/pages\/532\/revisions\/694"}],"up":[{"embeddable":true,"href":"http:\/\/garancepouponjoyeux-alexandrearbouin.fr\/index.php\/wp-json\/wp\/v2\/pages\/7"}],"wp:attachment":[{"href":"http:\/\/garancepouponjoyeux-alexandrearbouin.fr\/index.php\/wp-json\/wp\/v2\/media?parent=532"}],"curies":[{"name":"wp","href":"https:\/\/api.w.org\/{rel}","templated":true}]}}