{"id":159,"date":"2024-03-10T10:23:40","date_gmt":"2024-03-10T09:23:40","guid":{"rendered":"http:\/\/garancepouponjoyeux-alexandrearbouin.fr\/?page_id=159"},"modified":"2024-03-10T19:18:23","modified_gmt":"2024-03-10T18:18:23","slug":"exhibition","status":"publish","type":"page","link":"https:\/\/garancepouponjoyeux-alexandrearbouin.fr\/index.php\/works\/exhibition\/","title":{"rendered":"Exhibition"},"content":{"rendered":"\t\t<div data-elementor-type=\"wp-page\" data-elementor-id=\"159\" class=\"elementor elementor-159\">\n\t\t\t\t<div class=\"elementor-element elementor-element-75c5186d e-flex e-con-boxed e-con e-parent\" data-id=\"75c5186d\" data-element_type=\"container\">\n\t\t\t\t\t<div class=\"e-con-inner\">\n\t\t\t\t<div class=\"elementor-element elementor-element-34d35b29 elementor-widget elementor-widget-image\" data-id=\"34d35b29\" data-element_type=\"widget\" data-widget_type=\"image.default\">\n\t\t\t\t<div class=\"elementor-widget-container\">\n\t\t\t\t\t\t\t\t\t\t\t\t<figure class=\"wp-caption\">\n\t\t\t\t\t\t\t\t\t\t\t<a href=\"http:\/\/garancepouponjoyeux-alexandrearbouin.fr\/wp-content\/uploads\/2024\/03\/Screenshot_20220303-164937b.jpg\" data-elementor-open-lightbox=\"yes\" data-elementor-lightbox-title=\"Exhibition\" data-elementor-lightbox-description=\"Photos : Garance Poupon-Joyeux &amp; Alexandre Arbouin\" data-e-action-hash=\"#elementor-action%3Aaction%3Dlightbox%26settings%3DeyJpZCI6MTcxLCJ1cmwiOiJodHRwczpcL1wvZ2FyYW5jZXBvdXBvbmpveWV1eC1hbGV4YW5kcmVhcmJvdWluLmZyXC93cC1jb250ZW50XC91cGxvYWRzXC8yMDI0XC8wM1wvU2NyZWVuc2hvdF8yMDIyMDMwMy0xNjQ5MzdiLmpwZyJ9\">\n\t\t\t\t\t\t\t<img fetchpriority=\"high\" decoding=\"async\" width=\"562\" height=\"645\" src=\"https:\/\/garancepouponjoyeux-alexandrearbouin.fr\/wp-content\/uploads\/2024\/03\/Screenshot_20220303-164937b.jpg\" class=\"attachment-full size-full wp-image-171\" alt=\"\" srcset=\"https:\/\/garancepouponjoyeux-alexandrearbouin.fr\/wp-content\/uploads\/2024\/03\/Screenshot_20220303-164937b.jpg 562w, https:\/\/garancepouponjoyeux-alexandrearbouin.fr\/wp-content\/uploads\/2024\/03\/Screenshot_20220303-164937b-261x300.jpg 261w\" sizes=\"(max-width: 562px) 100vw, 562px\" \/>\t\t\t\t\t\t\t\t<\/a>\n\t\t\t\t\t\t\t\t\t\t\t<figcaption class=\"widget-image-caption wp-caption-text\">Photos : Garance Poupon-Joyeux &amp; Alexandre Arbouin<\/figcaption>\n\t\t\t\t\t\t\t\t\t\t<\/figure>\n\t\t\t\t\t\t\t\t\t<\/div>\n\t\t\t\t<\/div>\n\t\t\t\t\t<\/div>\n\t\t\t\t<\/div>\n\t\t<div class=\"elementor-element elementor-element-7a64e2a e-flex e-con-boxed e-con e-parent\" data-id=\"7a64e2a\" data-element_type=\"container\">\n\t\t\t\t\t<div class=\"e-con-inner\">\n\t\t<div class=\"elementor-element elementor-element-e9f058f e-con-full e-flex e-con e-child\" data-id=\"e9f058f\" data-element_type=\"container\">\n\t\t\t\t<div class=\"elementor-element elementor-element-660a6a4c elementor-widget elementor-widget-image\" data-id=\"660a6a4c\" data-element_type=\"widget\" data-widget_type=\"image.default\">\n\t\t\t\t<div class=\"elementor-widget-container\">\n\t\t\t\t\t\t\t\t\t\t\t\t\t\t\t\t<a href=\"http:\/\/garancepouponjoyeux-alexandrearbouin.fr\/wp-content\/uploads\/2024\/03\/Exhibition-Adele.jpg\" data-elementor-open-lightbox=\"yes\" data-elementor-lightbox-title=\"Exhibition\" data-elementor-lightbox-description=\"Photos : Garance Poupon-Joyeux &amp; Alexandre Arbouin \/ Vue de l&#039;exposition PREUM&#039;S, CACA - Centre d&#039;art Contemporain d&#039;Angoul\u00eame, avec les oeuvres d&#039;Ad\u00e8le Prost.\" data-e-action-hash=\"#elementor-action%3Aaction%3Dlightbox%26settings%3DeyJpZCI6MTcwLCJ1cmwiOiJodHRwczpcL1wvZ2FyYW5jZXBvdXBvbmpveWV1eC1hbGV4YW5kcmVhcmJvdWluLmZyXC93cC1jb250ZW50XC91cGxvYWRzXC8yMDI0XC8wM1wvRXhoaWJpdGlvbi1BZGVsZS5qcGcifQ%3D%3D\">\n\t\t\t\t\t\t\t<img decoding=\"async\" width=\"150\" height=\"150\" src=\"https:\/\/garancepouponjoyeux-alexandrearbouin.fr\/wp-content\/uploads\/2024\/03\/Exhibition-Adele-150x150.jpg\" class=\"attachment-thumbnail size-thumbnail wp-image-170\" alt=\"\" \/>\t\t\t\t\t\t\t\t<\/a>\n\t\t\t\t\t\t\t\t\t\t\t\t\t\t\t<\/div>\n\t\t\t\t<\/div>\n\t\t\t\t<\/div>\n\t\t<div class=\"elementor-element elementor-element-ef84c6f e-con-full e-flex e-con e-child\" data-id=\"ef84c6f\" data-element_type=\"container\">\n\t\t\t\t<div class=\"elementor-element elementor-element-36ecdaf elementor-widget elementor-widget-text-editor\" data-id=\"36ecdaf\" data-element_type=\"widget\" data-widget_type=\"text-editor.default\">\n\t\t\t\t<div class=\"elementor-widget-container\">\n\t\t\t\t\t\t\t\t\t<p>Photos : Garance Poupon-Joyeux &amp; Alexandre Arbouin \/ Vue de l&#8217;exposition \u00ab PREUM&#8217;S \u00bb, CACA &#8211; Centre d&#8217;art Contemporain d&#8217;Angoul\u00eame, avec les \u0153uvres d&#8217;Ad\u00e8le Prost.<\/p>\t\t\t\t\t\t\t\t<\/div>\n\t\t\t\t<\/div>\n\t\t\t\t<\/div>\n\t\t\t\t\t<\/div>\n\t\t\t\t<\/div>\n\t\t<div class=\"elementor-element elementor-element-34a1ca54 e-flex e-con-boxed e-con e-parent\" data-id=\"34a1ca54\" data-element_type=\"container\">\n\t\t\t\t\t<div class=\"e-con-inner\">\n\t\t\t\t<div class=\"elementor-element elementor-element-353941d8 elementor-widget elementor-widget-heading\" data-id=\"353941d8\" data-element_type=\"widget\" data-widget_type=\"heading.default\">\n\t\t\t\t<div class=\"elementor-widget-container\">\n\t\t\t\t\t<h2 class=\"elementor-heading-title elementor-size-default\">Exhibition<\/h2>\t\t\t\t<\/div>\n\t\t\t\t<\/div>\n\t\t\t\t<div class=\"elementor-element elementor-element-44c983d elementor-widget elementor-widget-text-editor\" data-id=\"44c983d\" data-element_type=\"widget\" data-widget_type=\"text-editor.default\">\n\t\t\t\t<div class=\"elementor-widget-container\">\n\t\t\t\t\t\t\t\t\t<p>2022<br \/>PVC<br \/>Taille 40<\/p><p>&#8212;&#8212;&#8212;&#8211;<\/p>\t\t\t\t\t\t\t\t<\/div>\n\t\t\t\t<\/div>\n\t\t\t\t<div class=\"elementor-element elementor-element-54e6a0ac elementor-widget elementor-widget-text-editor\" data-id=\"54e6a0ac\" data-element_type=\"widget\" data-widget_type=\"text-editor.default\">\n\t\t\t\t<div class=\"elementor-widget-container\">\n\t\t\t\t\t\t\t\t\t<p>Dispositif d&#8217;exposition. Entre l&#8217;exhibition, la vente \u00e0 la sauvette, sous le manteau et l&#8217;homme.femme-sandwich.\u00a0<\/p>\t\t\t\t\t\t\t\t<\/div>\n\t\t\t\t<\/div>\n\t\t\t\t\t<\/div>\n\t\t\t\t<\/div>\n\t\t<div class=\"elementor-element elementor-element-167d0466 e-flex e-con-boxed e-con e-parent\" data-id=\"167d0466\" data-element_type=\"container\">\n\t\t\t\t\t<div class=\"e-con-inner\">\n\t\t\t\t\t<\/div>\n\t\t\t\t<\/div>\n\t\t\t\t<\/div>\n\t\t","protected":false},"excerpt":{"rendered":"<p>Photos : Garance Poupon-Joyeux &amp; Alexandre Arbouin Photos : Garance Poupon-Joyeux &amp; Alexandre Arbouin \/ Vue de l&#8217;exposition \u00ab PREUM&#8217;S \u00bb, CACA &#8211; Centre d&#8217;art Contemporain d&#8217;Angoul\u00eame, avec les \u0153uvres d&#8217;Ad\u00e8le Prost. Exhibition 2022PVCTaille 40 &#8212;&#8212;&#8212;&#8211; Dispositif d&#8217;exposition. Entre l&#8217;exhibition, la vente \u00e0 la sauvette, sous le manteau et l&#8217;homme.femme-sandwich.\u00a0<\/p>\n","protected":false},"author":1,"featured_media":0,"parent":7,"menu_order":0,"comment_status":"closed","ping_status":"closed","template":"","meta":{"footnotes":""},"class_list":["post-159","page","type-page","status-publish","hentry"],"yoast_head":"<!-- This site is optimized with the Yoast SEO plugin v24.4 - https:\/\/yoast.com\/wordpress\/plugins\/seo\/ -->\n<title>Exhibition - GPJ &amp; AA<\/title>\n<meta name=\"robots\" content=\"index, follow, max-snippet:-1, max-image-preview:large, max-video-preview:-1\" \/>\n<link rel=\"canonical\" href=\"https:\/\/garancepouponjoyeux-alexandrearbouin.fr\/index.php\/works\/exhibition\/\" \/>\n<meta property=\"og:locale\" content=\"en_US\" \/>\n<meta property=\"og:type\" content=\"article\" \/>\n<meta property=\"og:title\" content=\"Exhibition - GPJ &amp; AA\" \/>\n<meta property=\"og:description\" content=\"Photos : Garance Poupon-Joyeux &amp; Alexandre Arbouin Photos : Garance Poupon-Joyeux &amp; Alexandre Arbouin \/ Vue de l&#8217;exposition \u00ab PREUM&#8217;S \u00bb, CACA &#8211; Centre d&#8217;art Contemporain d&#8217;Angoul\u00eame, avec les \u0153uvres d&#8217;Ad\u00e8le Prost. Exhibition 2022PVCTaille 40 &#8212;&#8212;&#8212;&#8211; Dispositif d&#8217;exposition. Entre l&#8217;exhibition, la vente \u00e0 la sauvette, sous le manteau et l&#8217;homme.femme-sandwich.\u00a0\" \/>\n<meta property=\"og:url\" content=\"https:\/\/garancepouponjoyeux-alexandrearbouin.fr\/index.php\/works\/exhibition\/\" \/>\n<meta property=\"og:site_name\" content=\"GPJ &amp; AA\" \/>\n<meta property=\"article:modified_time\" content=\"2024-03-10T18:18:23+00:00\" \/>\n<meta property=\"og:image\" content=\"http:\/\/garancepouponjoyeux-alexandrearbouin.fr\/wp-content\/uploads\/2024\/03\/Screenshot_20220303-164937b.jpg\" \/>\n<meta name=\"twitter:card\" content=\"summary_large_image\" \/>\n<meta name=\"twitter:label1\" content=\"Est. reading time\" \/>\n\t<meta name=\"twitter:data1\" content=\"1 minute\" \/>\n<script type=\"application\/ld+json\" class=\"yoast-schema-graph\">{\"@context\":\"https:\/\/schema.org\",\"@graph\":[{\"@type\":\"WebPage\",\"@id\":\"https:\/\/garancepouponjoyeux-alexandrearbouin.fr\/index.php\/works\/exhibition\/\",\"url\":\"https:\/\/garancepouponjoyeux-alexandrearbouin.fr\/index.php\/works\/exhibition\/\",\"name\":\"Exhibition - GPJ &amp; AA\",\"isPartOf\":{\"@id\":\"http:\/\/garancepouponjoyeux-alexandrearbouin.fr\/#website\"},\"primaryImageOfPage\":{\"@id\":\"https:\/\/garancepouponjoyeux-alexandrearbouin.fr\/index.php\/works\/exhibition\/#primaryimage\"},\"image\":{\"@id\":\"https:\/\/garancepouponjoyeux-alexandrearbouin.fr\/index.php\/works\/exhibition\/#primaryimage\"},\"thumbnailUrl\":\"http:\/\/garancepouponjoyeux-alexandrearbouin.fr\/wp-content\/uploads\/2024\/03\/Screenshot_20220303-164937b.jpg\",\"datePublished\":\"2024-03-10T09:23:40+00:00\",\"dateModified\":\"2024-03-10T18:18:23+00:00\",\"breadcrumb\":{\"@id\":\"https:\/\/garancepouponjoyeux-alexandrearbouin.fr\/index.php\/works\/exhibition\/#breadcrumb\"},\"inLanguage\":\"en-US\",\"potentialAction\":[{\"@type\":\"ReadAction\",\"target\":[\"https:\/\/garancepouponjoyeux-alexandrearbouin.fr\/index.php\/works\/exhibition\/\"]}]},{\"@type\":\"ImageObject\",\"inLanguage\":\"en-US\",\"@id\":\"https:\/\/garancepouponjoyeux-alexandrearbouin.fr\/index.php\/works\/exhibition\/#primaryimage\",\"url\":\"http:\/\/garancepouponjoyeux-alexandrearbouin.fr\/wp-content\/uploads\/2024\/03\/Screenshot_20220303-164937b.jpg\",\"contentUrl\":\"http:\/\/garancepouponjoyeux-alexandrearbouin.fr\/wp-content\/uploads\/2024\/03\/Screenshot_20220303-164937b.jpg\"},{\"@type\":\"BreadcrumbList\",\"@id\":\"https:\/\/garancepouponjoyeux-alexandrearbouin.fr\/index.php\/works\/exhibition\/#breadcrumb\",\"itemListElement\":[{\"@type\":\"ListItem\",\"position\":1,\"name\":\"Accueil\",\"item\":\"http:\/\/garancepouponjoyeux-alexandrearbouin.fr\/\"},{\"@type\":\"ListItem\",\"position\":2,\"name\":\"Works\",\"item\":\"http:\/\/garancepouponjoyeux-alexandrearbouin.fr\/\"},{\"@type\":\"ListItem\",\"position\":3,\"name\":\"Exhibition\"}]},{\"@type\":\"WebSite\",\"@id\":\"http:\/\/garancepouponjoyeux-alexandrearbouin.fr\/#website\",\"url\":\"http:\/\/garancepouponjoyeux-alexandrearbouin.fr\/\",\"name\":\"GPJ &amp; AA\",\"description\":\"\",\"potentialAction\":[{\"@type\":\"SearchAction\",\"target\":{\"@type\":\"EntryPoint\",\"urlTemplate\":\"http:\/\/garancepouponjoyeux-alexandrearbouin.fr\/?s={search_term_string}\"},\"query-input\":{\"@type\":\"PropertyValueSpecification\",\"valueRequired\":true,\"valueName\":\"search_term_string\"}}],\"inLanguage\":\"en-US\"}]}<\/script>\n<!-- \/ Yoast SEO plugin. -->","yoast_head_json":{"title":"Exhibition - GPJ &amp; AA","robots":{"index":"index","follow":"follow","max-snippet":"max-snippet:-1","max-image-preview":"max-image-preview:large","max-video-preview":"max-video-preview:-1"},"canonical":"https:\/\/garancepouponjoyeux-alexandrearbouin.fr\/index.php\/works\/exhibition\/","og_locale":"en_US","og_type":"article","og_title":"Exhibition - GPJ &amp; AA","og_description":"Photos : Garance Poupon-Joyeux &amp; Alexandre Arbouin Photos : Garance Poupon-Joyeux &amp; Alexandre Arbouin \/ Vue de l&#8217;exposition \u00ab PREUM&#8217;S \u00bb, CACA &#8211; Centre d&#8217;art Contemporain d&#8217;Angoul\u00eame, avec les \u0153uvres d&#8217;Ad\u00e8le Prost. Exhibition 2022PVCTaille 40 &#8212;&#8212;&#8212;&#8211; Dispositif d&#8217;exposition. Entre l&#8217;exhibition, la vente \u00e0 la sauvette, sous le manteau et l&#8217;homme.femme-sandwich.\u00a0","og_url":"https:\/\/garancepouponjoyeux-alexandrearbouin.fr\/index.php\/works\/exhibition\/","og_site_name":"GPJ &amp; AA","article_modified_time":"2024-03-10T18:18:23+00:00","og_image":[{"url":"http:\/\/garancepouponjoyeux-alexandrearbouin.fr\/wp-content\/uploads\/2024\/03\/Screenshot_20220303-164937b.jpg","type":"","width":"","height":""}],"twitter_card":"summary_large_image","twitter_misc":{"Est. reading time":"1 minute"},"schema":{"@context":"https:\/\/schema.org","@graph":[{"@type":"WebPage","@id":"https:\/\/garancepouponjoyeux-alexandrearbouin.fr\/index.php\/works\/exhibition\/","url":"https:\/\/garancepouponjoyeux-alexandrearbouin.fr\/index.php\/works\/exhibition\/","name":"Exhibition - GPJ &amp; AA","isPartOf":{"@id":"http:\/\/garancepouponjoyeux-alexandrearbouin.fr\/#website"},"primaryImageOfPage":{"@id":"https:\/\/garancepouponjoyeux-alexandrearbouin.fr\/index.php\/works\/exhibition\/#primaryimage"},"image":{"@id":"https:\/\/garancepouponjoyeux-alexandrearbouin.fr\/index.php\/works\/exhibition\/#primaryimage"},"thumbnailUrl":"http:\/\/garancepouponjoyeux-alexandrearbouin.fr\/wp-content\/uploads\/2024\/03\/Screenshot_20220303-164937b.jpg","datePublished":"2024-03-10T09:23:40+00:00","dateModified":"2024-03-10T18:18:23+00:00","breadcrumb":{"@id":"https:\/\/garancepouponjoyeux-alexandrearbouin.fr\/index.php\/works\/exhibition\/#breadcrumb"},"inLanguage":"en-US","potentialAction":[{"@type":"ReadAction","target":["https:\/\/garancepouponjoyeux-alexandrearbouin.fr\/index.php\/works\/exhibition\/"]}]},{"@type":"ImageObject","inLanguage":"en-US","@id":"https:\/\/garancepouponjoyeux-alexandrearbouin.fr\/index.php\/works\/exhibition\/#primaryimage","url":"http:\/\/garancepouponjoyeux-alexandrearbouin.fr\/wp-content\/uploads\/2024\/03\/Screenshot_20220303-164937b.jpg","contentUrl":"http:\/\/garancepouponjoyeux-alexandrearbouin.fr\/wp-content\/uploads\/2024\/03\/Screenshot_20220303-164937b.jpg"},{"@type":"BreadcrumbList","@id":"https:\/\/garancepouponjoyeux-alexandrearbouin.fr\/index.php\/works\/exhibition\/#breadcrumb","itemListElement":[{"@type":"ListItem","position":1,"name":"Accueil","item":"http:\/\/garancepouponjoyeux-alexandrearbouin.fr\/"},{"@type":"ListItem","position":2,"name":"Works","item":"http:\/\/garancepouponjoyeux-alexandrearbouin.fr\/"},{"@type":"ListItem","position":3,"name":"Exhibition"}]},{"@type":"WebSite","@id":"http:\/\/garancepouponjoyeux-alexandrearbouin.fr\/#website","url":"http:\/\/garancepouponjoyeux-alexandrearbouin.fr\/","name":"GPJ &amp; AA","description":"","potentialAction":[{"@type":"SearchAction","target":{"@type":"EntryPoint","urlTemplate":"http:\/\/garancepouponjoyeux-alexandrearbouin.fr\/?s={search_term_string}"},"query-input":{"@type":"PropertyValueSpecification","valueRequired":true,"valueName":"search_term_string"}}],"inLanguage":"en-US"}]}},"_links":{"self":[{"href":"https:\/\/garancepouponjoyeux-alexandrearbouin.fr\/index.php\/wp-json\/wp\/v2\/pages\/159","targetHints":{"allow":["GET"]}}],"collection":[{"href":"https:\/\/garancepouponjoyeux-alexandrearbouin.fr\/index.php\/wp-json\/wp\/v2\/pages"}],"about":[{"href":"https:\/\/garancepouponjoyeux-alexandrearbouin.fr\/index.php\/wp-json\/wp\/v2\/types\/page"}],"author":[{"embeddable":true,"href":"https:\/\/garancepouponjoyeux-alexandrearbouin.fr\/index.php\/wp-json\/wp\/v2\/users\/1"}],"replies":[{"embeddable":true,"href":"https:\/\/garancepouponjoyeux-alexandrearbouin.fr\/index.php\/wp-json\/wp\/v2\/comments?post=159"}],"version-history":[{"count":24,"href":"https:\/\/garancepouponjoyeux-alexandrearbouin.fr\/index.php\/wp-json\/wp\/v2\/pages\/159\/revisions"}],"predecessor-version":[{"id":639,"href":"https:\/\/garancepouponjoyeux-alexandrearbouin.fr\/index.php\/wp-json\/wp\/v2\/pages\/159\/revisions\/639"}],"up":[{"embeddable":true,"href":"https:\/\/garancepouponjoyeux-alexandrearbouin.fr\/index.php\/wp-json\/wp\/v2\/pages\/7"}],"wp:attachment":[{"href":"https:\/\/garancepouponjoyeux-alexandrearbouin.fr\/index.php\/wp-json\/wp\/v2\/media?parent=159"}],"curies":[{"name":"wp","href":"https:\/\/api.w.org\/{rel}","templated":true}]}}