{"id":269,"date":"2024-03-10T10:56:06","date_gmt":"2024-03-10T09:56:06","guid":{"rendered":"http:\/\/garancepouponjoyeux-alexandrearbouin.fr\/?page_id=269"},"modified":"2024-03-10T19:20:11","modified_gmt":"2024-03-10T18:20:11","slug":"art-breeder","status":"publish","type":"page","link":"https:\/\/garancepouponjoyeux-alexandrearbouin.fr\/index.php\/works\/art-breeder\/","title":{"rendered":"Art Breeder"},"content":{"rendered":"\t\t<div data-elementor-type=\"wp-page\" data-elementor-id=\"269\" class=\"elementor elementor-269\">\n\t\t\t\t<div class=\"elementor-element elementor-element-700a4b42 e-flex e-con-boxed e-con e-parent\" data-id=\"700a4b42\" data-element_type=\"container\">\n\t\t\t\t\t<div class=\"e-con-inner\">\n\t\t\t\t<div class=\"elementor-element elementor-element-2f69addc elementor-widget elementor-widget-image\" data-id=\"2f69addc\" data-element_type=\"widget\" data-widget_type=\"image.default\">\n\t\t\t\t<div class=\"elementor-widget-container\">\n\t\t\t\t\t\t\t\t\t\t\t\t<figure class=\"wp-caption\">\n\t\t\t\t\t\t\t\t\t\t\t<a href=\"http:\/\/garancepouponjoyeux-alexandrearbouin.fr\/wp-content\/uploads\/2024\/03\/art-breeder-MHVM-scaled.jpg\" data-elementor-open-lightbox=\"yes\" data-elementor-lightbox-title=\"Art Breeder\" data-elementor-lightbox-description=\"Photos : Garance Poupon-Joyeux &amp; Alexandre Arbouin \/ Vue de l&#039;exposition &quot;Monde parfait&quot;, Mus\u00e9e de l&#039;Histoire Vivante de Montreuil (2022)\" data-e-action-hash=\"#elementor-action%3Aaction%3Dlightbox%26settings%3DeyJpZCI6MjI5LCJ1cmwiOiJodHRwczpcL1wvZ2FyYW5jZXBvdXBvbmpveWV1eC1hbGV4YW5kcmVhcmJvdWluLmZyXC93cC1jb250ZW50XC91cGxvYWRzXC8yMDI0XC8wM1wvYXJ0LWJyZWVkZXItTUhWTS1zY2FsZWQuanBnIn0%3D\">\n\t\t\t\t\t\t\t<img fetchpriority=\"high\" decoding=\"async\" width=\"660\" height=\"439\" src=\"https:\/\/garancepouponjoyeux-alexandrearbouin.fr\/wp-content\/uploads\/2024\/03\/art-breeder-MHVM-1024x681.jpg\" class=\"attachment-large size-large wp-image-229\" alt=\"\" srcset=\"https:\/\/garancepouponjoyeux-alexandrearbouin.fr\/wp-content\/uploads\/2024\/03\/art-breeder-MHVM-1024x681.jpg 1024w, https:\/\/garancepouponjoyeux-alexandrearbouin.fr\/wp-content\/uploads\/2024\/03\/art-breeder-MHVM-300x199.jpg 300w, https:\/\/garancepouponjoyeux-alexandrearbouin.fr\/wp-content\/uploads\/2024\/03\/art-breeder-MHVM-768x511.jpg 768w, https:\/\/garancepouponjoyeux-alexandrearbouin.fr\/wp-content\/uploads\/2024\/03\/art-breeder-MHVM-1536x1021.jpg 1536w, https:\/\/garancepouponjoyeux-alexandrearbouin.fr\/wp-content\/uploads\/2024\/03\/art-breeder-MHVM-2048x1362.jpg 2048w\" sizes=\"(max-width: 660px) 100vw, 660px\" \/>\t\t\t\t\t\t\t\t<\/a>\n\t\t\t\t\t\t\t\t\t\t\t<figcaption class=\"widget-image-caption wp-caption-text\">Photos : Garance Poupon-Joyeux &amp; Alexandre Arbouin \/ Vue de l'exposition \"Monde parfait\", Mus\u00e9e de l'Histoire Vivante de Montreuil (2022)<\/figcaption>\n\t\t\t\t\t\t\t\t\t\t<\/figure>\n\t\t\t\t\t\t\t\t\t<\/div>\n\t\t\t\t<\/div>\n\t\t\t\t\t<\/div>\n\t\t\t\t<\/div>\n\t\t<div class=\"elementor-element elementor-element-129e699d e-flex e-con-boxed e-con e-parent\" data-id=\"129e699d\" data-element_type=\"container\">\n\t\t\t\t\t<div class=\"e-con-inner\">\n\t\t<div class=\"elementor-element elementor-element-6a1c56d4 e-con-full e-flex e-con e-child\" data-id=\"6a1c56d4\" data-element_type=\"container\">\n\t\t\t\t<div class=\"elementor-element elementor-element-5139da38 elementor-widget elementor-widget-image\" data-id=\"5139da38\" data-element_type=\"widget\" data-widget_type=\"image.default\">\n\t\t\t\t<div class=\"elementor-widget-container\">\n\t\t\t\t\t\t\t\t\t\t\t\t\t\t\t\t<a href=\"http:\/\/garancepouponjoyeux-alexandrearbouin.fr\/wp-content\/uploads\/2024\/03\/art-breeder.jpg\" data-elementor-open-lightbox=\"yes\" data-elementor-lightbox-title=\"Art Breeder\" data-elementor-lightbox-description=\"Photos : Garance Poupon-Joyeux &amp; Alexandre Arbouin\" data-e-action-hash=\"#elementor-action%3Aaction%3Dlightbox%26settings%3DeyJpZCI6MjMxLCJ1cmwiOiJodHRwczpcL1wvZ2FyYW5jZXBvdXBvbmpveWV1eC1hbGV4YW5kcmVhcmJvdWluLmZyXC93cC1jb250ZW50XC91cGxvYWRzXC8yMDI0XC8wM1wvYXJ0LWJyZWVkZXIuanBnIn0%3D\">\n\t\t\t\t\t\t\t<img decoding=\"async\" width=\"150\" height=\"150\" src=\"https:\/\/garancepouponjoyeux-alexandrearbouin.fr\/wp-content\/uploads\/2024\/03\/art-breeder-150x150.jpg\" class=\"attachment-thumbnail size-thumbnail wp-image-231\" alt=\"\" \/>\t\t\t\t\t\t\t\t<\/a>\n\t\t\t\t\t\t\t\t\t\t\t\t\t\t\t<\/div>\n\t\t\t\t<\/div>\n\t\t\t\t<\/div>\n\t\t<div class=\"elementor-element elementor-element-2ce1249c e-con-full e-flex e-con e-child\" data-id=\"2ce1249c\" data-element_type=\"container\">\n\t\t\t\t<div class=\"elementor-element elementor-element-46e37508 elementor-widget elementor-widget-image\" data-id=\"46e37508\" data-element_type=\"widget\" data-widget_type=\"image.default\">\n\t\t\t\t<div class=\"elementor-widget-container\">\n\t\t\t\t\t\t\t\t\t\t\t\t\t\t\t\t<a href=\"http:\/\/garancepouponjoyeux-alexandrearbouin.fr\/wp-content\/uploads\/2024\/03\/art-breeder-objets-MHVM-scaled.jpg\" data-elementor-open-lightbox=\"yes\" data-elementor-lightbox-title=\"Art breederr\" data-elementor-lightbox-description=\"Photos : Garance Poupon-Joyeux &amp; Alexandre Arbouin \/ Vue de l&#039;exposition &quot;Monde parfait&quot;, Mus\u00e9e de l&#039;Histoire Vivante de Montreuil (2022)\" data-e-action-hash=\"#elementor-action%3Aaction%3Dlightbox%26settings%3DeyJpZCI6MjMwLCJ1cmwiOiJodHRwczpcL1wvZ2FyYW5jZXBvdXBvbmpveWV1eC1hbGV4YW5kcmVhcmJvdWluLmZyXC93cC1jb250ZW50XC91cGxvYWRzXC8yMDI0XC8wM1wvYXJ0LWJyZWVkZXItb2JqZXRzLU1IVk0tc2NhbGVkLmpwZyJ9\">\n\t\t\t\t\t\t\t<img decoding=\"async\" width=\"150\" height=\"150\" src=\"https:\/\/garancepouponjoyeux-alexandrearbouin.fr\/wp-content\/uploads\/2024\/03\/art-breeder-objets-MHVM-150x150.jpg\" class=\"attachment-thumbnail size-thumbnail wp-image-230\" alt=\"\" \/>\t\t\t\t\t\t\t\t<\/a>\n\t\t\t\t\t\t\t\t\t\t\t\t\t\t\t<\/div>\n\t\t\t\t<\/div>\n\t\t\t\t<\/div>\n\t\t\t\t\t<\/div>\n\t\t\t\t<\/div>\n\t\t<div class=\"elementor-element elementor-element-328e0cff e-flex e-con-boxed e-con e-parent\" data-id=\"328e0cff\" data-element_type=\"container\">\n\t\t\t\t\t<div class=\"e-con-inner\">\n\t\t\t\t<div class=\"elementor-element elementor-element-1f837c00 elementor-widget elementor-widget-heading\" data-id=\"1f837c00\" data-element_type=\"widget\" data-widget_type=\"heading.default\">\n\t\t\t\t<div class=\"elementor-widget-container\">\n\t\t\t\t\t<h2 class=\"elementor-heading-title elementor-size-default\">Art Breeder<\/h2>\t\t\t\t<\/div>\n\t\t\t\t<\/div>\n\t\t\t\t<div class=\"elementor-element elementor-element-27c6ec7c elementor-widget elementor-widget-text-editor\" data-id=\"27c6ec7c\" data-element_type=\"widget\" data-widget_type=\"text-editor.default\">\n\t\t\t\t<div class=\"elementor-widget-container\">\n\t\t\t\t\t\t\t\t\t<p>2021<br \/>Installation<br \/>Dimensions variables<\/p><p>&#8212;&#8212;&#8212;&#8212;&#8212;&#8212;&#8212;&#8212;&#8212;&#8212;<\/p>\t\t\t\t\t\t\t\t<\/div>\n\t\t\t\t<\/div>\n\t\t\t\t<div class=\"elementor-element elementor-element-11731355 elementor-widget elementor-widget-text-editor\" data-id=\"11731355\" data-element_type=\"widget\" data-widget_type=\"text-editor.default\">\n\t\t\t\t<div class=\"elementor-widget-container\">\n\t\t\t\t\t\t\t\t\t<p>Exposition-type d&#8217;\u0153uvres-types. L&#8217;image du fond est g\u00e9n\u00e9r\u00e9e par une intelligence artificielle [anciennement \u00ab Artbreeder \u00bb en ligne, version obsol\u00e8te] dont le savant dosage d&#8217;images produit un objet hybride difficilement identifiable, \u00e0 l&#8217;instar des deux objets pr\u00e9sents devant.<\/p>\t\t\t\t\t\t\t\t<\/div>\n\t\t\t\t<\/div>\n\t\t\t\t\t<\/div>\n\t\t\t\t<\/div>\n\t\t<div class=\"elementor-element elementor-element-bc574e8 e-flex e-con-boxed e-con e-parent\" data-id=\"bc574e8\" data-element_type=\"container\">\n\t\t\t\t\t<div class=\"e-con-inner\">\n\t\t\t\t\t<\/div>\n\t\t\t\t<\/div>\n\t\t\t\t<\/div>\n\t\t","protected":false},"excerpt":{"rendered":"<p>Photos : Garance Poupon-Joyeux &amp; Alexandre Arbouin \/ Vue de l&#8217;exposition &#8220;Monde parfait&#8221;, Mus\u00e9e de l&#8217;Histoire Vivante de Montreuil (2022) Art Breeder 2021InstallationDimensions variables &#8212;&#8212;&#8212;&#8212;&#8212;&#8212;&#8212;&#8212;&#8212;&#8212; Exposition-type d&#8217;\u0153uvres-types. L&#8217;image du fond est g\u00e9n\u00e9r\u00e9e par une intelligence artificielle [anciennement \u00ab Artbreeder \u00bb en ligne, version obsol\u00e8te] dont le savant dosage d&#8217;images produit un objet hybride difficilement identifiable, &hellip; <a href=\"https:\/\/garancepouponjoyeux-alexandrearbouin.fr\/index.php\/works\/art-breeder\/\" class=\"more-link\">Continue reading <span class=\"screen-reader-text\">Art Breeder<\/span><\/a><\/p>\n","protected":false},"author":1,"featured_media":0,"parent":7,"menu_order":4,"comment_status":"closed","ping_status":"closed","template":"","meta":{"footnotes":""},"class_list":["post-269","page","type-page","status-publish","hentry"],"yoast_head":"<!-- This site is optimized with the Yoast SEO plugin v24.4 - https:\/\/yoast.com\/wordpress\/plugins\/seo\/ -->\n<title>Art Breeder - GPJ &amp; AA<\/title>\n<meta name=\"robots\" content=\"index, follow, max-snippet:-1, max-image-preview:large, max-video-preview:-1\" \/>\n<link rel=\"canonical\" href=\"https:\/\/garancepouponjoyeux-alexandrearbouin.fr\/index.php\/works\/art-breeder\/\" \/>\n<meta property=\"og:locale\" content=\"en_US\" \/>\n<meta property=\"og:type\" content=\"article\" \/>\n<meta property=\"og:title\" content=\"Art Breeder - GPJ &amp; AA\" \/>\n<meta property=\"og:description\" content=\"Photos : Garance Poupon-Joyeux &amp; Alexandre Arbouin \/ Vue de l&#8217;exposition &#8220;Monde parfait&#8221;, Mus\u00e9e de l&#8217;Histoire Vivante de Montreuil (2022) Art Breeder 2021InstallationDimensions variables &#8212;&#8212;&#8212;&#8212;&#8212;&#8212;&#8212;&#8212;&#8212;&#8212; Exposition-type d&#8217;\u0153uvres-types. L&#8217;image du fond est g\u00e9n\u00e9r\u00e9e par une intelligence artificielle [anciennement \u00ab Artbreeder \u00bb en ligne, version obsol\u00e8te] dont le savant dosage d&#8217;images produit un objet hybride difficilement identifiable, &hellip; Continue reading Art Breeder\" \/>\n<meta property=\"og:url\" content=\"https:\/\/garancepouponjoyeux-alexandrearbouin.fr\/index.php\/works\/art-breeder\/\" \/>\n<meta property=\"og:site_name\" content=\"GPJ &amp; AA\" \/>\n<meta property=\"article:modified_time\" content=\"2024-03-10T18:20:11+00:00\" \/>\n<meta property=\"og:image\" content=\"http:\/\/garancepouponjoyeux-alexandrearbouin.fr\/wp-content\/uploads\/2024\/03\/art-breeder-MHVM-1024x681.jpg\" \/>\n<meta name=\"twitter:card\" content=\"summary_large_image\" \/>\n<meta name=\"twitter:label1\" content=\"Est. reading time\" \/>\n\t<meta name=\"twitter:data1\" content=\"1 minute\" \/>\n<script type=\"application\/ld+json\" class=\"yoast-schema-graph\">{\"@context\":\"https:\/\/schema.org\",\"@graph\":[{\"@type\":\"WebPage\",\"@id\":\"https:\/\/garancepouponjoyeux-alexandrearbouin.fr\/index.php\/works\/art-breeder\/\",\"url\":\"https:\/\/garancepouponjoyeux-alexandrearbouin.fr\/index.php\/works\/art-breeder\/\",\"name\":\"Art Breeder - GPJ &amp; AA\",\"isPartOf\":{\"@id\":\"https:\/\/garancepouponjoyeux-alexandrearbouin.fr\/#website\"},\"primaryImageOfPage\":{\"@id\":\"https:\/\/garancepouponjoyeux-alexandrearbouin.fr\/index.php\/works\/art-breeder\/#primaryimage\"},\"image\":{\"@id\":\"https:\/\/garancepouponjoyeux-alexandrearbouin.fr\/index.php\/works\/art-breeder\/#primaryimage\"},\"thumbnailUrl\":\"http:\/\/garancepouponjoyeux-alexandrearbouin.fr\/wp-content\/uploads\/2024\/03\/art-breeder-MHVM-1024x681.jpg\",\"datePublished\":\"2024-03-10T09:56:06+00:00\",\"dateModified\":\"2024-03-10T18:20:11+00:00\",\"breadcrumb\":{\"@id\":\"https:\/\/garancepouponjoyeux-alexandrearbouin.fr\/index.php\/works\/art-breeder\/#breadcrumb\"},\"inLanguage\":\"en-US\",\"potentialAction\":[{\"@type\":\"ReadAction\",\"target\":[\"https:\/\/garancepouponjoyeux-alexandrearbouin.fr\/index.php\/works\/art-breeder\/\"]}]},{\"@type\":\"ImageObject\",\"inLanguage\":\"en-US\",\"@id\":\"https:\/\/garancepouponjoyeux-alexandrearbouin.fr\/index.php\/works\/art-breeder\/#primaryimage\",\"url\":\"https:\/\/garancepouponjoyeux-alexandrearbouin.fr\/wp-content\/uploads\/2024\/03\/art-breeder-MHVM-scaled.jpg\",\"contentUrl\":\"https:\/\/garancepouponjoyeux-alexandrearbouin.fr\/wp-content\/uploads\/2024\/03\/art-breeder-MHVM-scaled.jpg\",\"width\":2560,\"height\":1702,\"caption\":\"Photos : Garance Poupon-Joyeux & Alexandre Arbouin \/ Vue de l'exposition \\\"Monde parfait\\\", Mus\u00e9e de l'Histoire Vivante de Montreuil (2022)\"},{\"@type\":\"BreadcrumbList\",\"@id\":\"https:\/\/garancepouponjoyeux-alexandrearbouin.fr\/index.php\/works\/art-breeder\/#breadcrumb\",\"itemListElement\":[{\"@type\":\"ListItem\",\"position\":1,\"name\":\"Accueil\",\"item\":\"https:\/\/garancepouponjoyeux-alexandrearbouin.fr\/\"},{\"@type\":\"ListItem\",\"position\":2,\"name\":\"Works\",\"item\":\"https:\/\/garancepouponjoyeux-alexandrearbouin.fr\/\"},{\"@type\":\"ListItem\",\"position\":3,\"name\":\"Art Breeder\"}]},{\"@type\":\"WebSite\",\"@id\":\"https:\/\/garancepouponjoyeux-alexandrearbouin.fr\/#website\",\"url\":\"https:\/\/garancepouponjoyeux-alexandrearbouin.fr\/\",\"name\":\"GPJ &amp; AA\",\"description\":\"\",\"potentialAction\":[{\"@type\":\"SearchAction\",\"target\":{\"@type\":\"EntryPoint\",\"urlTemplate\":\"https:\/\/garancepouponjoyeux-alexandrearbouin.fr\/?s={search_term_string}\"},\"query-input\":{\"@type\":\"PropertyValueSpecification\",\"valueRequired\":true,\"valueName\":\"search_term_string\"}}],\"inLanguage\":\"en-US\"}]}<\/script>\n<!-- \/ Yoast SEO plugin. -->","yoast_head_json":{"title":"Art Breeder - GPJ &amp; AA","robots":{"index":"index","follow":"follow","max-snippet":"max-snippet:-1","max-image-preview":"max-image-preview:large","max-video-preview":"max-video-preview:-1"},"canonical":"https:\/\/garancepouponjoyeux-alexandrearbouin.fr\/index.php\/works\/art-breeder\/","og_locale":"en_US","og_type":"article","og_title":"Art Breeder - GPJ &amp; AA","og_description":"Photos : Garance Poupon-Joyeux &amp; Alexandre Arbouin \/ Vue de l&#8217;exposition &#8220;Monde parfait&#8221;, Mus\u00e9e de l&#8217;Histoire Vivante de Montreuil (2022) Art Breeder 2021InstallationDimensions variables &#8212;&#8212;&#8212;&#8212;&#8212;&#8212;&#8212;&#8212;&#8212;&#8212; Exposition-type d&#8217;\u0153uvres-types. L&#8217;image du fond est g\u00e9n\u00e9r\u00e9e par une intelligence artificielle [anciennement \u00ab Artbreeder \u00bb en ligne, version obsol\u00e8te] dont le savant dosage d&#8217;images produit un objet hybride difficilement identifiable, &hellip; Continue reading Art Breeder","og_url":"https:\/\/garancepouponjoyeux-alexandrearbouin.fr\/index.php\/works\/art-breeder\/","og_site_name":"GPJ &amp; AA","article_modified_time":"2024-03-10T18:20:11+00:00","og_image":[{"url":"http:\/\/garancepouponjoyeux-alexandrearbouin.fr\/wp-content\/uploads\/2024\/03\/art-breeder-MHVM-1024x681.jpg","type":"","width":"","height":""}],"twitter_card":"summary_large_image","twitter_misc":{"Est. reading time":"1 minute"},"schema":{"@context":"https:\/\/schema.org","@graph":[{"@type":"WebPage","@id":"https:\/\/garancepouponjoyeux-alexandrearbouin.fr\/index.php\/works\/art-breeder\/","url":"https:\/\/garancepouponjoyeux-alexandrearbouin.fr\/index.php\/works\/art-breeder\/","name":"Art Breeder - GPJ &amp; AA","isPartOf":{"@id":"https:\/\/garancepouponjoyeux-alexandrearbouin.fr\/#website"},"primaryImageOfPage":{"@id":"https:\/\/garancepouponjoyeux-alexandrearbouin.fr\/index.php\/works\/art-breeder\/#primaryimage"},"image":{"@id":"https:\/\/garancepouponjoyeux-alexandrearbouin.fr\/index.php\/works\/art-breeder\/#primaryimage"},"thumbnailUrl":"http:\/\/garancepouponjoyeux-alexandrearbouin.fr\/wp-content\/uploads\/2024\/03\/art-breeder-MHVM-1024x681.jpg","datePublished":"2024-03-10T09:56:06+00:00","dateModified":"2024-03-10T18:20:11+00:00","breadcrumb":{"@id":"https:\/\/garancepouponjoyeux-alexandrearbouin.fr\/index.php\/works\/art-breeder\/#breadcrumb"},"inLanguage":"en-US","potentialAction":[{"@type":"ReadAction","target":["https:\/\/garancepouponjoyeux-alexandrearbouin.fr\/index.php\/works\/art-breeder\/"]}]},{"@type":"ImageObject","inLanguage":"en-US","@id":"https:\/\/garancepouponjoyeux-alexandrearbouin.fr\/index.php\/works\/art-breeder\/#primaryimage","url":"https:\/\/garancepouponjoyeux-alexandrearbouin.fr\/wp-content\/uploads\/2024\/03\/art-breeder-MHVM-scaled.jpg","contentUrl":"https:\/\/garancepouponjoyeux-alexandrearbouin.fr\/wp-content\/uploads\/2024\/03\/art-breeder-MHVM-scaled.jpg","width":2560,"height":1702,"caption":"Photos : Garance Poupon-Joyeux & Alexandre Arbouin \/ Vue de l'exposition \"Monde parfait\", Mus\u00e9e de l'Histoire Vivante de Montreuil (2022)"},{"@type":"BreadcrumbList","@id":"https:\/\/garancepouponjoyeux-alexandrearbouin.fr\/index.php\/works\/art-breeder\/#breadcrumb","itemListElement":[{"@type":"ListItem","position":1,"name":"Accueil","item":"https:\/\/garancepouponjoyeux-alexandrearbouin.fr\/"},{"@type":"ListItem","position":2,"name":"Works","item":"https:\/\/garancepouponjoyeux-alexandrearbouin.fr\/"},{"@type":"ListItem","position":3,"name":"Art Breeder"}]},{"@type":"WebSite","@id":"https:\/\/garancepouponjoyeux-alexandrearbouin.fr\/#website","url":"https:\/\/garancepouponjoyeux-alexandrearbouin.fr\/","name":"GPJ &amp; AA","description":"","potentialAction":[{"@type":"SearchAction","target":{"@type":"EntryPoint","urlTemplate":"https:\/\/garancepouponjoyeux-alexandrearbouin.fr\/?s={search_term_string}"},"query-input":{"@type":"PropertyValueSpecification","valueRequired":true,"valueName":"search_term_string"}}],"inLanguage":"en-US"}]}},"_links":{"self":[{"href":"https:\/\/garancepouponjoyeux-alexandrearbouin.fr\/index.php\/wp-json\/wp\/v2\/pages\/269","targetHints":{"allow":["GET"]}}],"collection":[{"href":"https:\/\/garancepouponjoyeux-alexandrearbouin.fr\/index.php\/wp-json\/wp\/v2\/pages"}],"about":[{"href":"https:\/\/garancepouponjoyeux-alexandrearbouin.fr\/index.php\/wp-json\/wp\/v2\/types\/page"}],"author":[{"embeddable":true,"href":"https:\/\/garancepouponjoyeux-alexandrearbouin.fr\/index.php\/wp-json\/wp\/v2\/users\/1"}],"replies":[{"embeddable":true,"href":"https:\/\/garancepouponjoyeux-alexandrearbouin.fr\/index.php\/wp-json\/wp\/v2\/comments?post=269"}],"version-history":[{"count":23,"href":"https:\/\/garancepouponjoyeux-alexandrearbouin.fr\/index.php\/wp-json\/wp\/v2\/pages\/269\/revisions"}],"predecessor-version":[{"id":646,"href":"https:\/\/garancepouponjoyeux-alexandrearbouin.fr\/index.php\/wp-json\/wp\/v2\/pages\/269\/revisions\/646"}],"up":[{"embeddable":true,"href":"https:\/\/garancepouponjoyeux-alexandrearbouin.fr\/index.php\/wp-json\/wp\/v2\/pages\/7"}],"wp:attachment":[{"href":"https:\/\/garancepouponjoyeux-alexandrearbouin.fr\/index.php\/wp-json\/wp\/v2\/media?parent=269"}],"curies":[{"name":"wp","href":"https:\/\/api.w.org\/{rel}","templated":true}]}}