{"id":352,"date":"2024-03-10T12:06:01","date_gmt":"2024-03-10T11:06:01","guid":{"rendered":"http:\/\/garancepouponjoyeux-alexandrearbouin.fr\/?page_id=352"},"modified":"2024-03-10T19:22:54","modified_gmt":"2024-03-10T18:22:54","slug":"goauss","status":"publish","type":"page","link":"https:\/\/garancepouponjoyeux-alexandrearbouin.fr\/index.php\/works\/goauss\/","title":{"rendered":"Go(au)ss"},"content":{"rendered":"\t\t<div data-elementor-type=\"wp-page\" data-elementor-id=\"352\" class=\"elementor elementor-352\">\n\t\t\t\t<div class=\"elementor-element elementor-element-6dc971cb e-flex e-con-boxed e-con e-parent\" data-id=\"6dc971cb\" data-element_type=\"container\">\n\t\t\t\t\t<div class=\"e-con-inner\">\n\t\t\t\t<div class=\"elementor-element elementor-element-1aecafb4 elementor-widget elementor-widget-image\" data-id=\"1aecafb4\" data-element_type=\"widget\" data-widget_type=\"image.default\">\n\t\t\t\t<div class=\"elementor-widget-container\">\n\t\t\t\t\t\t\t\t\t\t\t\t<figure class=\"wp-caption\">\n\t\t\t\t\t\t\t\t\t\t\t<a href=\"http:\/\/garancepouponjoyeux-alexandrearbouin.fr\/wp-content\/uploads\/2024\/03\/Web_Goauss_1-1.jpg\" data-elementor-open-lightbox=\"yes\" data-elementor-lightbox-title=\"Go(au)ss\" data-elementor-lightbox-description=\"Photos : Garance Poupon-Joyeux &amp; Alexandre Arbouin\" data-e-action-hash=\"#elementor-action%3Aaction%3Dlightbox%26settings%3DeyJpZCI6MzY3LCJ1cmwiOiJodHRwczpcL1wvZ2FyYW5jZXBvdXBvbmpveWV1eC1hbGV4YW5kcmVhcmJvdWluLmZyXC93cC1jb250ZW50XC91cGxvYWRzXC8yMDI0XC8wM1wvV2ViX0dvYXVzc18xLTEuanBnIn0%3D\">\n\t\t\t\t\t\t\t<img fetchpriority=\"high\" decoding=\"async\" width=\"383\" height=\"540\" src=\"https:\/\/garancepouponjoyeux-alexandrearbouin.fr\/wp-content\/uploads\/2024\/03\/Web_Goauss_1-1.jpg\" class=\"attachment-full size-full wp-image-367\" alt=\"\" srcset=\"https:\/\/garancepouponjoyeux-alexandrearbouin.fr\/wp-content\/uploads\/2024\/03\/Web_Goauss_1-1.jpg 383w, https:\/\/garancepouponjoyeux-alexandrearbouin.fr\/wp-content\/uploads\/2024\/03\/Web_Goauss_1-1-213x300.jpg 213w\" sizes=\"(max-width: 383px) 100vw, 383px\" \/>\t\t\t\t\t\t\t\t<\/a>\n\t\t\t\t\t\t\t\t\t\t\t<figcaption class=\"widget-image-caption wp-caption-text\">Photos : Garance Poupon-Joyeux &amp; Alexandre Arbouin<\/figcaption>\n\t\t\t\t\t\t\t\t\t\t<\/figure>\n\t\t\t\t\t\t\t\t\t<\/div>\n\t\t\t\t<\/div>\n\t\t\t\t\t<\/div>\n\t\t\t\t<\/div>\n\t\t<div class=\"elementor-element elementor-element-39c98c2e e-con-full e-flex e-con e-parent\" data-id=\"39c98c2e\" data-element_type=\"container\">\n\t\t<div class=\"elementor-element elementor-element-5657a165 e-con-full e-flex e-con e-child\" data-id=\"5657a165\" data-element_type=\"container\">\n\t\t\t\t<div class=\"elementor-element elementor-element-51d1d00c elementor-widget elementor-widget-image\" data-id=\"51d1d00c\" data-element_type=\"widget\" data-widget_type=\"image.default\">\n\t\t\t\t<div class=\"elementor-widget-container\">\n\t\t\t\t\t\t\t\t\t\t\t\t\t\t\t\t<a href=\"http:\/\/garancepouponjoyeux-alexandrearbouin.fr\/wp-content\/uploads\/2024\/03\/Web_Goauss_2-1.jpg\" data-elementor-open-lightbox=\"yes\" data-elementor-lightbox-title=\"Go(au)ss\" data-elementor-lightbox-description=\"Photos : Garance Poupon-Joyeux &amp; Alexandre Arbouin\" data-e-action-hash=\"#elementor-action%3Aaction%3Dlightbox%26settings%3DeyJpZCI6MzY4LCJ1cmwiOiJodHRwczpcL1wvZ2FyYW5jZXBvdXBvbmpveWV1eC1hbGV4YW5kcmVhcmJvdWluLmZyXC93cC1jb250ZW50XC91cGxvYWRzXC8yMDI0XC8wM1wvV2ViX0dvYXVzc18yLTEuanBnIn0%3D\">\n\t\t\t\t\t\t\t<img decoding=\"async\" width=\"150\" height=\"150\" src=\"https:\/\/garancepouponjoyeux-alexandrearbouin.fr\/wp-content\/uploads\/2024\/03\/Web_Goauss_2-1-150x150.jpg\" class=\"attachment-thumbnail size-thumbnail wp-image-368\" alt=\"\" \/>\t\t\t\t\t\t\t\t<\/a>\n\t\t\t\t\t\t\t\t\t\t\t\t\t\t\t<\/div>\n\t\t\t\t<\/div>\n\t\t\t\t<\/div>\n\t\t<div class=\"elementor-element elementor-element-3b3d5840 e-con-full e-flex e-con e-child\" data-id=\"3b3d5840\" data-element_type=\"container\">\n\t\t\t\t<div class=\"elementor-element elementor-element-3d77c1f2 elementor-widget elementor-widget-image\" data-id=\"3d77c1f2\" data-element_type=\"widget\" data-widget_type=\"image.default\">\n\t\t\t\t<div class=\"elementor-widget-container\">\n\t\t\t\t\t\t\t\t\t\t\t\t\t\t\t\t<a href=\"http:\/\/garancepouponjoyeux-alexandrearbouin.fr\/wp-content\/uploads\/2024\/03\/Web_Goauss_bracelet-1.jpg\" data-elementor-open-lightbox=\"yes\" data-elementor-lightbox-title=\"Go(au)ss\" data-elementor-lightbox-description=\"Photos : Garance Poupon-Joyeux &amp; Alexandre Arbouin\" data-e-action-hash=\"#elementor-action%3Aaction%3Dlightbox%26settings%3DeyJpZCI6MzcxLCJ1cmwiOiJodHRwczpcL1wvZ2FyYW5jZXBvdXBvbmpveWV1eC1hbGV4YW5kcmVhcmJvdWluLmZyXC93cC1jb250ZW50XC91cGxvYWRzXC8yMDI0XC8wM1wvV2ViX0dvYXVzc19icmFjZWxldC0xLmpwZyJ9\">\n\t\t\t\t\t\t\t<img decoding=\"async\" width=\"150\" height=\"150\" src=\"https:\/\/garancepouponjoyeux-alexandrearbouin.fr\/wp-content\/uploads\/2024\/03\/Web_Goauss_bracelet-1-150x150.jpg\" class=\"attachment-thumbnail size-thumbnail wp-image-371\" alt=\"\" \/>\t\t\t\t\t\t\t\t<\/a>\n\t\t\t\t\t\t\t\t\t\t\t\t\t\t\t<\/div>\n\t\t\t\t<\/div>\n\t\t\t\t<\/div>\n\t\t<div class=\"elementor-element elementor-element-395cffbf e-con-full e-flex e-con e-child\" data-id=\"395cffbf\" data-element_type=\"container\">\n\t\t\t\t<div class=\"elementor-element elementor-element-3841a95b elementor-widget elementor-widget-image\" data-id=\"3841a95b\" data-element_type=\"widget\" data-widget_type=\"image.default\">\n\t\t\t\t<div class=\"elementor-widget-container\">\n\t\t\t\t\t\t\t\t\t\t\t\t\t\t\t\t<a href=\"http:\/\/garancepouponjoyeux-alexandrearbouin.fr\/wp-content\/uploads\/2024\/03\/Web_Goauss_3.jpg\" data-elementor-open-lightbox=\"yes\" data-elementor-lightbox-title=\"Go(au)ss\" data-elementor-lightbox-description=\"Photos : Garance Poupon-Joyeux &amp; Alexandre Arbouin\" data-e-action-hash=\"#elementor-action%3Aaction%3Dlightbox%26settings%3DeyJpZCI6MzY5LCJ1cmwiOiJodHRwczpcL1wvZ2FyYW5jZXBvdXBvbmpveWV1eC1hbGV4YW5kcmVhcmJvdWluLmZyXC93cC1jb250ZW50XC91cGxvYWRzXC8yMDI0XC8wM1wvV2ViX0dvYXVzc18zLmpwZyJ9\">\n\t\t\t\t\t\t\t<img loading=\"lazy\" decoding=\"async\" width=\"150\" height=\"150\" src=\"https:\/\/garancepouponjoyeux-alexandrearbouin.fr\/wp-content\/uploads\/2024\/03\/Web_Goauss_3-150x150.jpg\" class=\"attachment-thumbnail size-thumbnail wp-image-369\" alt=\"\" \/>\t\t\t\t\t\t\t\t<\/a>\n\t\t\t\t\t\t\t\t\t\t\t\t\t\t\t<\/div>\n\t\t\t\t<\/div>\n\t\t\t\t<\/div>\n\t\t<div class=\"elementor-element elementor-element-6f7fc8d6 e-con-full e-flex e-con e-child\" data-id=\"6f7fc8d6\" data-element_type=\"container\">\n\t\t\t\t<div class=\"elementor-element elementor-element-60e608e0 elementor-widget elementor-widget-image\" data-id=\"60e608e0\" data-element_type=\"widget\" data-widget_type=\"image.default\">\n\t\t\t\t<div class=\"elementor-widget-container\">\n\t\t\t\t\t\t\t\t\t\t\t\t\t\t\t\t<a href=\"http:\/\/garancepouponjoyeux-alexandrearbouin.fr\/wp-content\/uploads\/2024\/03\/Web_Goauss_4-1.jpg\" data-elementor-open-lightbox=\"yes\" data-elementor-lightbox-title=\"Go(au)ss\" data-elementor-lightbox-description=\"Photos : Garance Poupon-Joyeux &amp; Alexandre Arbouin\" data-e-action-hash=\"#elementor-action%3Aaction%3Dlightbox%26settings%3DeyJpZCI6MzcwLCJ1cmwiOiJodHRwczpcL1wvZ2FyYW5jZXBvdXBvbmpveWV1eC1hbGV4YW5kcmVhcmJvdWluLmZyXC93cC1jb250ZW50XC91cGxvYWRzXC8yMDI0XC8wM1wvV2ViX0dvYXVzc180LTEuanBnIn0%3D\">\n\t\t\t\t\t\t\t<img loading=\"lazy\" decoding=\"async\" width=\"150\" height=\"150\" src=\"https:\/\/garancepouponjoyeux-alexandrearbouin.fr\/wp-content\/uploads\/2024\/03\/Web_Goauss_4-1-150x150.jpg\" class=\"attachment-thumbnail size-thumbnail wp-image-370\" alt=\"\" \/>\t\t\t\t\t\t\t\t<\/a>\n\t\t\t\t\t\t\t\t\t\t\t\t\t\t\t<\/div>\n\t\t\t\t<\/div>\n\t\t\t\t<\/div>\n\t\t\t\t<\/div>\n\t\t<div class=\"elementor-element elementor-element-7696db55 e-flex e-con-boxed e-con e-parent\" data-id=\"7696db55\" data-element_type=\"container\">\n\t\t\t\t\t<div class=\"e-con-inner\">\n\t\t\t\t<div class=\"elementor-element elementor-element-24e20433 elementor-widget elementor-widget-heading\" data-id=\"24e20433\" data-element_type=\"widget\" data-widget_type=\"heading.default\">\n\t\t\t\t<div class=\"elementor-widget-container\">\n\t\t\t\t\t<h2 class=\"elementor-heading-title elementor-size-default\">Go(au)ss<\/h2>\t\t\t\t<\/div>\n\t\t\t\t<\/div>\n\t\t\t\t<div class=\"elementor-element elementor-element-5397e18a elementor-widget elementor-widget-text-editor\" data-id=\"5397e18a\" data-element_type=\"widget\" data-widget_type=\"text-editor.default\">\n\t\t\t\t<div class=\"elementor-widget-container\">\n\t\t\t\t\t\t\t\t\t<p>2019<br \/>Bracelet \u00e9lectronique, affiches<br \/>Dimensions variables<\/p><p>&#8212;&#8212;&#8212;&#8212;&#8212;&#8212;&#8212;&#8212;&#8212;&#8211;<\/p>\t\t\t\t\t\t\t\t<\/div>\n\t\t\t\t<\/div>\n\t\t\t\t<div class=\"elementor-element elementor-element-415b2a84 elementor-widget elementor-widget-text-editor\" data-id=\"415b2a84\" data-element_type=\"widget\" data-widget_type=\"text-editor.default\">\n\t\t\t\t<div class=\"elementor-widget-container\">\n\t\t\t\t\t\t\t\t\t<p><em>Go(au)ss<\/em> &#8211; pour Michael Goss et Carl Friedrich Johann Gauss &#8211; est un bracelet \u00e9lectronique pour artistes cr\u00e9\u00e9 en d\u00e9cembre 2019. Il pr\u00e9l\u00e8ve des donn\u00e9es de l&#8217;environnement de l&#8217;artiste (position satellite, images, sons, etc.) et influe sur la r\u00e9alisation d&#8217;\u0153uvres en deux dimensions (en d\u00e9terminant une colorim\u00e9trie, des \u00e9chelles, des trames, etc., en fonction des donn\u00e9es obtenues). En janvier 2020, nous nous assignions \u00e0 r\u00e9sidence et activions le bracelet. L&#8217;exp\u00e9rience \u00e9tait d&#8217;\u00e9tudier nos habitudes de cr\u00e9ation, en nous concentrant sur notre habitat, lieu premier de l&#8217;habitude et concourant d&#8217;une forme artistique. Deux mois plus tard, l&#8217;exp\u00e9rience est r\u00e9p\u00e9t\u00e9e, dans le m\u00eame lieu, mais avec cependant des r\u00e9sultats tr\u00e8s diff\u00e9rents, d\u00fbs au changement de contexte de la pand\u00e9mie mondiale.<\/p>\t\t\t\t\t\t\t\t<\/div>\n\t\t\t\t<\/div>\n\t\t\t\t\t<\/div>\n\t\t\t\t<\/div>\n\t\t<div class=\"elementor-element elementor-element-38b95d3b e-flex e-con-boxed e-con e-parent\" data-id=\"38b95d3b\" data-element_type=\"container\">\n\t\t\t\t\t<div class=\"e-con-inner\">\n\t\t\t\t\t<\/div>\n\t\t\t\t<\/div>\n\t\t\t\t<\/div>\n\t\t","protected":false},"excerpt":{"rendered":"<p>Photos : Garance Poupon-Joyeux &amp; Alexandre Arbouin Go(au)ss 2019Bracelet \u00e9lectronique, affichesDimensions variables &#8212;&#8212;&#8212;&#8212;&#8212;&#8212;&#8212;&#8212;&#8212;&#8211; Go(au)ss &#8211; pour Michael Goss et Carl Friedrich Johann Gauss &#8211; est un bracelet \u00e9lectronique pour artistes cr\u00e9\u00e9 en d\u00e9cembre 2019. Il pr\u00e9l\u00e8ve des donn\u00e9es de l&#8217;environnement de l&#8217;artiste (position satellite, images, sons, etc.) et influe sur la r\u00e9alisation d&#8217;\u0153uvres en deux &hellip; <a href=\"https:\/\/garancepouponjoyeux-alexandrearbouin.fr\/index.php\/works\/goauss\/\" class=\"more-link\">Continue reading <span class=\"screen-reader-text\">Go(au)ss<\/span><\/a><\/p>\n","protected":false},"author":1,"featured_media":0,"parent":7,"menu_order":0,"comment_status":"closed","ping_status":"closed","template":"","meta":{"footnotes":""},"class_list":["post-352","page","type-page","status-publish","hentry"],"yoast_head":"<!-- This site is optimized with the Yoast SEO plugin v24.4 - https:\/\/yoast.com\/wordpress\/plugins\/seo\/ -->\n<title>Go(au)ss - GPJ &amp; AA<\/title>\n<meta name=\"robots\" content=\"index, follow, max-snippet:-1, max-image-preview:large, max-video-preview:-1\" \/>\n<link rel=\"canonical\" href=\"https:\/\/garancepouponjoyeux-alexandrearbouin.fr\/index.php\/works\/goauss\/\" \/>\n<meta property=\"og:locale\" content=\"en_US\" \/>\n<meta property=\"og:type\" content=\"article\" \/>\n<meta property=\"og:title\" content=\"Go(au)ss - GPJ &amp; AA\" \/>\n<meta property=\"og:description\" content=\"Photos : Garance Poupon-Joyeux &amp; Alexandre Arbouin Go(au)ss 2019Bracelet \u00e9lectronique, affichesDimensions variables &#8212;&#8212;&#8212;&#8212;&#8212;&#8212;&#8212;&#8212;&#8212;&#8211; Go(au)ss &#8211; pour Michael Goss et Carl Friedrich Johann Gauss &#8211; est un bracelet \u00e9lectronique pour artistes cr\u00e9\u00e9 en d\u00e9cembre 2019. Il pr\u00e9l\u00e8ve des donn\u00e9es de l&#8217;environnement de l&#8217;artiste (position satellite, images, sons, etc.) et influe sur la r\u00e9alisation d&#8217;\u0153uvres en deux &hellip; Continue reading Go(au)ss\" \/>\n<meta property=\"og:url\" content=\"https:\/\/garancepouponjoyeux-alexandrearbouin.fr\/index.php\/works\/goauss\/\" \/>\n<meta property=\"og:site_name\" content=\"GPJ &amp; AA\" \/>\n<meta property=\"article:modified_time\" content=\"2024-03-10T18:22:54+00:00\" \/>\n<meta property=\"og:image\" content=\"http:\/\/garancepouponjoyeux-alexandrearbouin.fr\/wp-content\/uploads\/2024\/03\/Web_Goauss_1-1.jpg\" \/>\n<meta name=\"twitter:card\" content=\"summary_large_image\" \/>\n<meta name=\"twitter:label1\" content=\"Est. reading time\" \/>\n\t<meta name=\"twitter:data1\" content=\"2 minutes\" \/>\n<script type=\"application\/ld+json\" class=\"yoast-schema-graph\">{\"@context\":\"https:\/\/schema.org\",\"@graph\":[{\"@type\":\"WebPage\",\"@id\":\"https:\/\/garancepouponjoyeux-alexandrearbouin.fr\/index.php\/works\/goauss\/\",\"url\":\"https:\/\/garancepouponjoyeux-alexandrearbouin.fr\/index.php\/works\/goauss\/\",\"name\":\"Go(au)ss - GPJ &amp; AA\",\"isPartOf\":{\"@id\":\"http:\/\/garancepouponjoyeux-alexandrearbouin.fr\/#website\"},\"primaryImageOfPage\":{\"@id\":\"https:\/\/garancepouponjoyeux-alexandrearbouin.fr\/index.php\/works\/goauss\/#primaryimage\"},\"image\":{\"@id\":\"https:\/\/garancepouponjoyeux-alexandrearbouin.fr\/index.php\/works\/goauss\/#primaryimage\"},\"thumbnailUrl\":\"http:\/\/garancepouponjoyeux-alexandrearbouin.fr\/wp-content\/uploads\/2024\/03\/Web_Goauss_1-1.jpg\",\"datePublished\":\"2024-03-10T11:06:01+00:00\",\"dateModified\":\"2024-03-10T18:22:54+00:00\",\"breadcrumb\":{\"@id\":\"https:\/\/garancepouponjoyeux-alexandrearbouin.fr\/index.php\/works\/goauss\/#breadcrumb\"},\"inLanguage\":\"en-US\",\"potentialAction\":[{\"@type\":\"ReadAction\",\"target\":[\"https:\/\/garancepouponjoyeux-alexandrearbouin.fr\/index.php\/works\/goauss\/\"]}]},{\"@type\":\"ImageObject\",\"inLanguage\":\"en-US\",\"@id\":\"https:\/\/garancepouponjoyeux-alexandrearbouin.fr\/index.php\/works\/goauss\/#primaryimage\",\"url\":\"http:\/\/garancepouponjoyeux-alexandrearbouin.fr\/wp-content\/uploads\/2024\/03\/Web_Goauss_1-1.jpg\",\"contentUrl\":\"http:\/\/garancepouponjoyeux-alexandrearbouin.fr\/wp-content\/uploads\/2024\/03\/Web_Goauss_1-1.jpg\"},{\"@type\":\"BreadcrumbList\",\"@id\":\"https:\/\/garancepouponjoyeux-alexandrearbouin.fr\/index.php\/works\/goauss\/#breadcrumb\",\"itemListElement\":[{\"@type\":\"ListItem\",\"position\":1,\"name\":\"Accueil\",\"item\":\"http:\/\/garancepouponjoyeux-alexandrearbouin.fr\/\"},{\"@type\":\"ListItem\",\"position\":2,\"name\":\"Works\",\"item\":\"http:\/\/garancepouponjoyeux-alexandrearbouin.fr\/\"},{\"@type\":\"ListItem\",\"position\":3,\"name\":\"Go(au)ss\"}]},{\"@type\":\"WebSite\",\"@id\":\"http:\/\/garancepouponjoyeux-alexandrearbouin.fr\/#website\",\"url\":\"http:\/\/garancepouponjoyeux-alexandrearbouin.fr\/\",\"name\":\"GPJ &amp; AA\",\"description\":\"\",\"potentialAction\":[{\"@type\":\"SearchAction\",\"target\":{\"@type\":\"EntryPoint\",\"urlTemplate\":\"http:\/\/garancepouponjoyeux-alexandrearbouin.fr\/?s={search_term_string}\"},\"query-input\":{\"@type\":\"PropertyValueSpecification\",\"valueRequired\":true,\"valueName\":\"search_term_string\"}}],\"inLanguage\":\"en-US\"}]}<\/script>\n<!-- \/ Yoast SEO plugin. -->","yoast_head_json":{"title":"Go(au)ss - GPJ &amp; AA","robots":{"index":"index","follow":"follow","max-snippet":"max-snippet:-1","max-image-preview":"max-image-preview:large","max-video-preview":"max-video-preview:-1"},"canonical":"https:\/\/garancepouponjoyeux-alexandrearbouin.fr\/index.php\/works\/goauss\/","og_locale":"en_US","og_type":"article","og_title":"Go(au)ss - GPJ &amp; AA","og_description":"Photos : Garance Poupon-Joyeux &amp; Alexandre Arbouin Go(au)ss 2019Bracelet \u00e9lectronique, affichesDimensions variables &#8212;&#8212;&#8212;&#8212;&#8212;&#8212;&#8212;&#8212;&#8212;&#8211; Go(au)ss &#8211; pour Michael Goss et Carl Friedrich Johann Gauss &#8211; est un bracelet \u00e9lectronique pour artistes cr\u00e9\u00e9 en d\u00e9cembre 2019. Il pr\u00e9l\u00e8ve des donn\u00e9es de l&#8217;environnement de l&#8217;artiste (position satellite, images, sons, etc.) et influe sur la r\u00e9alisation d&#8217;\u0153uvres en deux &hellip; Continue reading Go(au)ss","og_url":"https:\/\/garancepouponjoyeux-alexandrearbouin.fr\/index.php\/works\/goauss\/","og_site_name":"GPJ &amp; AA","article_modified_time":"2024-03-10T18:22:54+00:00","og_image":[{"url":"http:\/\/garancepouponjoyeux-alexandrearbouin.fr\/wp-content\/uploads\/2024\/03\/Web_Goauss_1-1.jpg","type":"","width":"","height":""}],"twitter_card":"summary_large_image","twitter_misc":{"Est. reading time":"2 minutes"},"schema":{"@context":"https:\/\/schema.org","@graph":[{"@type":"WebPage","@id":"https:\/\/garancepouponjoyeux-alexandrearbouin.fr\/index.php\/works\/goauss\/","url":"https:\/\/garancepouponjoyeux-alexandrearbouin.fr\/index.php\/works\/goauss\/","name":"Go(au)ss - GPJ &amp; AA","isPartOf":{"@id":"http:\/\/garancepouponjoyeux-alexandrearbouin.fr\/#website"},"primaryImageOfPage":{"@id":"https:\/\/garancepouponjoyeux-alexandrearbouin.fr\/index.php\/works\/goauss\/#primaryimage"},"image":{"@id":"https:\/\/garancepouponjoyeux-alexandrearbouin.fr\/index.php\/works\/goauss\/#primaryimage"},"thumbnailUrl":"http:\/\/garancepouponjoyeux-alexandrearbouin.fr\/wp-content\/uploads\/2024\/03\/Web_Goauss_1-1.jpg","datePublished":"2024-03-10T11:06:01+00:00","dateModified":"2024-03-10T18:22:54+00:00","breadcrumb":{"@id":"https:\/\/garancepouponjoyeux-alexandrearbouin.fr\/index.php\/works\/goauss\/#breadcrumb"},"inLanguage":"en-US","potentialAction":[{"@type":"ReadAction","target":["https:\/\/garancepouponjoyeux-alexandrearbouin.fr\/index.php\/works\/goauss\/"]}]},{"@type":"ImageObject","inLanguage":"en-US","@id":"https:\/\/garancepouponjoyeux-alexandrearbouin.fr\/index.php\/works\/goauss\/#primaryimage","url":"http:\/\/garancepouponjoyeux-alexandrearbouin.fr\/wp-content\/uploads\/2024\/03\/Web_Goauss_1-1.jpg","contentUrl":"http:\/\/garancepouponjoyeux-alexandrearbouin.fr\/wp-content\/uploads\/2024\/03\/Web_Goauss_1-1.jpg"},{"@type":"BreadcrumbList","@id":"https:\/\/garancepouponjoyeux-alexandrearbouin.fr\/index.php\/works\/goauss\/#breadcrumb","itemListElement":[{"@type":"ListItem","position":1,"name":"Accueil","item":"http:\/\/garancepouponjoyeux-alexandrearbouin.fr\/"},{"@type":"ListItem","position":2,"name":"Works","item":"http:\/\/garancepouponjoyeux-alexandrearbouin.fr\/"},{"@type":"ListItem","position":3,"name":"Go(au)ss"}]},{"@type":"WebSite","@id":"http:\/\/garancepouponjoyeux-alexandrearbouin.fr\/#website","url":"http:\/\/garancepouponjoyeux-alexandrearbouin.fr\/","name":"GPJ &amp; AA","description":"","potentialAction":[{"@type":"SearchAction","target":{"@type":"EntryPoint","urlTemplate":"http:\/\/garancepouponjoyeux-alexandrearbouin.fr\/?s={search_term_string}"},"query-input":{"@type":"PropertyValueSpecification","valueRequired":true,"valueName":"search_term_string"}}],"inLanguage":"en-US"}]}},"_links":{"self":[{"href":"https:\/\/garancepouponjoyeux-alexandrearbouin.fr\/index.php\/wp-json\/wp\/v2\/pages\/352","targetHints":{"allow":["GET"]}}],"collection":[{"href":"https:\/\/garancepouponjoyeux-alexandrearbouin.fr\/index.php\/wp-json\/wp\/v2\/pages"}],"about":[{"href":"https:\/\/garancepouponjoyeux-alexandrearbouin.fr\/index.php\/wp-json\/wp\/v2\/types\/page"}],"author":[{"embeddable":true,"href":"https:\/\/garancepouponjoyeux-alexandrearbouin.fr\/index.php\/wp-json\/wp\/v2\/users\/1"}],"replies":[{"embeddable":true,"href":"https:\/\/garancepouponjoyeux-alexandrearbouin.fr\/index.php\/wp-json\/wp\/v2\/comments?post=352"}],"version-history":[{"count":11,"href":"https:\/\/garancepouponjoyeux-alexandrearbouin.fr\/index.php\/wp-json\/wp\/v2\/pages\/352\/revisions"}],"predecessor-version":[{"id":655,"href":"https:\/\/garancepouponjoyeux-alexandrearbouin.fr\/index.php\/wp-json\/wp\/v2\/pages\/352\/revisions\/655"}],"up":[{"embeddable":true,"href":"https:\/\/garancepouponjoyeux-alexandrearbouin.fr\/index.php\/wp-json\/wp\/v2\/pages\/7"}],"wp:attachment":[{"href":"https:\/\/garancepouponjoyeux-alexandrearbouin.fr\/index.php\/wp-json\/wp\/v2\/media?parent=352"}],"curies":[{"name":"wp","href":"https:\/\/api.w.org\/{rel}","templated":true}]}}