{"id":395,"date":"2024-03-10T12:18:08","date_gmt":"2024-03-10T11:18:08","guid":{"rendered":"http:\/\/garancepouponjoyeux-alexandrearbouin.fr\/?page_id=395"},"modified":"2024-03-10T19:25:32","modified_gmt":"2024-03-10T18:25:32","slug":"satisfying-art","status":"publish","type":"page","link":"https:\/\/garancepouponjoyeux-alexandrearbouin.fr\/index.php\/works\/satisfying-art\/","title":{"rendered":"Satisfying Art"},"content":{"rendered":"\t\t<div data-elementor-type=\"wp-page\" data-elementor-id=\"395\" class=\"elementor elementor-395\">\n\t\t\t\t<div class=\"elementor-element elementor-element-3a84b28f e-flex e-con-boxed e-con e-parent\" data-id=\"3a84b28f\" data-element_type=\"container\">\n\t\t\t\t\t<div class=\"e-con-inner\">\n\t\t\t\t<div class=\"elementor-element elementor-element-29a70665 elementor-widget elementor-widget-image\" data-id=\"29a70665\" data-element_type=\"widget\" data-widget_type=\"image.default\">\n\t\t\t\t<div class=\"elementor-widget-container\">\n\t\t\t\t\t\t\t\t\t\t\t\t<figure class=\"wp-caption\">\n\t\t\t\t\t\t\t\t\t\t\t<a href=\"http:\/\/garancepouponjoyeux-alexandrearbouin.fr\/wp-content\/uploads\/2024\/03\/Web_Satisfying-Art_Composition-2-1.jpg\" data-elementor-open-lightbox=\"yes\" data-elementor-lightbox-title=\"Satisfying Art\" data-elementor-lightbox-description=\"Photos : Garance Poupon-Joyeux &amp; Alexandre Arbouin\" data-e-action-hash=\"#elementor-action%3Aaction%3Dlightbox%26settings%3DeyJpZCI6NDAxLCJ1cmwiOiJodHRwczpcL1wvZ2FyYW5jZXBvdXBvbmpveWV1eC1hbGV4YW5kcmVhcmJvdWluLmZyXC93cC1jb250ZW50XC91cGxvYWRzXC8yMDI0XC8wM1wvV2ViX1NhdGlzZnlpbmctQXJ0X0NvbXBvc2l0aW9uLTItMS5qcGcifQ%3D%3D\">\n\t\t\t\t\t\t\t<img fetchpriority=\"high\" decoding=\"async\" width=\"412\" height=\"735\" src=\"https:\/\/garancepouponjoyeux-alexandrearbouin.fr\/wp-content\/uploads\/2024\/03\/Web_Satisfying-Art_Composition-2-1.jpg\" class=\"attachment-large size-large wp-image-401\" alt=\"\" srcset=\"https:\/\/garancepouponjoyeux-alexandrearbouin.fr\/wp-content\/uploads\/2024\/03\/Web_Satisfying-Art_Composition-2-1.jpg 412w, https:\/\/garancepouponjoyeux-alexandrearbouin.fr\/wp-content\/uploads\/2024\/03\/Web_Satisfying-Art_Composition-2-1-168x300.jpg 168w\" sizes=\"(max-width: 412px) 100vw, 412px\" \/>\t\t\t\t\t\t\t\t<\/a>\n\t\t\t\t\t\t\t\t\t\t\t<figcaption class=\"widget-image-caption wp-caption-text\">Photos : Garance Poupon-Joyeux &amp; Alexandre Arbouin<\/figcaption>\n\t\t\t\t\t\t\t\t\t\t<\/figure>\n\t\t\t\t\t\t\t\t\t<\/div>\n\t\t\t\t<\/div>\n\t\t\t\t\t<\/div>\n\t\t\t\t<\/div>\n\t\t<div class=\"elementor-element elementor-element-40309f1 e-flex e-con-boxed e-con e-parent\" data-id=\"40309f1\" data-element_type=\"container\">\n\t\t\t\t\t<div class=\"e-con-inner\">\n\t\t<div class=\"elementor-element elementor-element-4e2cc8bd e-con-full e-flex e-con e-child\" data-id=\"4e2cc8bd\" data-element_type=\"container\">\n\t\t\t\t<div class=\"elementor-element elementor-element-4380336b elementor-widget elementor-widget-image\" data-id=\"4380336b\" data-element_type=\"widget\" data-widget_type=\"image.default\">\n\t\t\t\t<div class=\"elementor-widget-container\">\n\t\t\t\t\t\t\t\t\t\t\t\t\t\t\t\t<a href=\"http:\/\/garancepouponjoyeux-alexandrearbouin.fr\/wp-content\/uploads\/2024\/03\/Web_Satisfying-Art_Composition-1-1.jpg\" data-elementor-open-lightbox=\"yes\" data-elementor-lightbox-title=\"Satisfying Art\" data-elementor-lightbox-description=\"Photos : Garance Poupon-Joyeux &amp; Alexandre Arbouin\" data-e-action-hash=\"#elementor-action%3Aaction%3Dlightbox%26settings%3DeyJpZCI6NDAwLCJ1cmwiOiJodHRwczpcL1wvZ2FyYW5jZXBvdXBvbmpveWV1eC1hbGV4YW5kcmVhcmJvdWluLmZyXC93cC1jb250ZW50XC91cGxvYWRzXC8yMDI0XC8wM1wvV2ViX1NhdGlzZnlpbmctQXJ0X0NvbXBvc2l0aW9uLTEtMS5qcGcifQ%3D%3D\">\n\t\t\t\t\t\t\t<img decoding=\"async\" width=\"150\" height=\"150\" src=\"https:\/\/garancepouponjoyeux-alexandrearbouin.fr\/wp-content\/uploads\/2024\/03\/Web_Satisfying-Art_Composition-1-1-150x150.jpg\" class=\"attachment-thumbnail size-thumbnail wp-image-400\" alt=\"\" \/>\t\t\t\t\t\t\t\t<\/a>\n\t\t\t\t\t\t\t\t\t\t\t\t\t\t\t<\/div>\n\t\t\t\t<\/div>\n\t\t\t\t<\/div>\n\t\t<div class=\"elementor-element elementor-element-4bab66b6 e-con-full e-flex e-con e-child\" data-id=\"4bab66b6\" data-element_type=\"container\">\n\t\t\t\t<div class=\"elementor-element elementor-element-27134822 elementor-widget elementor-widget-image\" data-id=\"27134822\" data-element_type=\"widget\" data-widget_type=\"image.default\">\n\t\t\t\t<div class=\"elementor-widget-container\">\n\t\t\t\t\t\t\t\t\t\t\t\t\t\t\t\t<a href=\"http:\/\/garancepouponjoyeux-alexandrearbouin.fr\/wp-content\/uploads\/2024\/03\/Web_Satisfying-Art_Ensemble.jpg\" data-elementor-open-lightbox=\"yes\" data-elementor-lightbox-title=\"Satisfying Art\" data-elementor-lightbox-description=\"Photos : Garance Poupon-Joyeux &amp; Alexandre Arbouin \/ Vue de l&#039;exposition Biennale de Mulhouse 019 (2019)\" data-e-action-hash=\"#elementor-action%3Aaction%3Dlightbox%26settings%3DeyJpZCI6NDAyLCJ1cmwiOiJodHRwczpcL1wvZ2FyYW5jZXBvdXBvbmpveWV1eC1hbGV4YW5kcmVhcmJvdWluLmZyXC93cC1jb250ZW50XC91cGxvYWRzXC8yMDI0XC8wM1wvV2ViX1NhdGlzZnlpbmctQXJ0X0Vuc2VtYmxlLmpwZyJ9\">\n\t\t\t\t\t\t\t<img decoding=\"async\" width=\"150\" height=\"150\" src=\"https:\/\/garancepouponjoyeux-alexandrearbouin.fr\/wp-content\/uploads\/2024\/03\/Web_Satisfying-Art_Ensemble-150x150.jpg\" class=\"attachment-thumbnail size-thumbnail wp-image-402\" alt=\"\" srcset=\"https:\/\/garancepouponjoyeux-alexandrearbouin.fr\/wp-content\/uploads\/2024\/03\/Web_Satisfying-Art_Ensemble-150x150.jpg 150w, https:\/\/garancepouponjoyeux-alexandrearbouin.fr\/wp-content\/uploads\/2024\/03\/Web_Satisfying-Art_Ensemble-300x300.jpg 300w, https:\/\/garancepouponjoyeux-alexandrearbouin.fr\/wp-content\/uploads\/2024\/03\/Web_Satisfying-Art_Ensemble-768x768.jpg 768w, https:\/\/garancepouponjoyeux-alexandrearbouin.fr\/wp-content\/uploads\/2024\/03\/Web_Satisfying-Art_Ensemble.jpg 1000w\" sizes=\"(max-width: 150px) 100vw, 150px\" \/>\t\t\t\t\t\t\t\t<\/a>\n\t\t\t\t\t\t\t\t\t\t\t\t\t\t\t<\/div>\n\t\t\t\t<\/div>\n\t\t\t\t<\/div>\n\t\t\t\t\t<\/div>\n\t\t\t\t<\/div>\n\t\t<div class=\"elementor-element elementor-element-a424824 e-flex e-con-boxed e-con e-parent\" data-id=\"a424824\" data-element_type=\"container\">\n\t\t\t\t\t<div class=\"e-con-inner\">\n\t\t\t\t<div class=\"elementor-element elementor-element-25fd9acb elementor-widget elementor-widget-heading\" data-id=\"25fd9acb\" data-element_type=\"widget\" data-widget_type=\"heading.default\">\n\t\t\t\t<div class=\"elementor-widget-container\">\n\t\t\t\t\t<h2 class=\"elementor-heading-title elementor-size-default\">Satisfying Art<\/h2>\t\t\t\t<\/div>\n\t\t\t\t<\/div>\n\t\t\t\t<div class=\"elementor-element elementor-element-2d66b049 elementor-widget elementor-widget-text-editor\" data-id=\"2d66b049\" data-element_type=\"widget\" data-widget_type=\"text-editor.default\">\n\t\t\t\t<div class=\"elementor-widget-container\">\n\t\t\t\t\t\t\t\t\t<p>2019<br \/>Impressions sur b\u00e2ches<br \/>200 x 112 cm<\/p><p>&#8212;&#8212;&#8212;&#8212;&#8212;&#8212;<\/p>\t\t\t\t\t\t\t\t<\/div>\n\t\t\t\t<\/div>\n\t\t\t\t<div class=\"elementor-element elementor-element-4fe43e33 elementor-widget elementor-widget-text-editor\" data-id=\"4fe43e33\" data-element_type=\"widget\" data-widget_type=\"text-editor.default\">\n\t\t\t\t<div class=\"elementor-widget-container\">\n\t\t\t\t\t\t\t\t\t<p>Entre le ph\u00e9nom\u00e8ne buzz des chats sur le web et les vid\u00e9os satisfaisantes, <em>Satisfying Art (compositions 1 &amp; 2)<\/em> revisite ces pratiques sociales du num\u00e9rique en proposant de nouveaux paysages fictifs o\u00f9 les arbres \u00e0 chat remplacent les arbres naturels et se pr\u00e9sentent comme de v\u00e9ritables sculptures contemporaines.<\/p>\t\t\t\t\t\t\t\t<\/div>\n\t\t\t\t<\/div>\n\t\t\t\t\t<\/div>\n\t\t\t\t<\/div>\n\t\t<div class=\"elementor-element elementor-element-180d0e21 e-flex e-con-boxed e-con e-parent\" data-id=\"180d0e21\" data-element_type=\"container\">\n\t\t\t\t\t<div class=\"e-con-inner\">\n\t\t\t\t\t<\/div>\n\t\t\t\t<\/div>\n\t\t\t\t<\/div>\n\t\t","protected":false},"excerpt":{"rendered":"<p>Photos : Garance Poupon-Joyeux &amp; Alexandre Arbouin Satisfying Art 2019Impressions sur b\u00e2ches200 x 112 cm &#8212;&#8212;&#8212;&#8212;&#8212;&#8212; Entre le ph\u00e9nom\u00e8ne buzz des chats sur le web et les vid\u00e9os satisfaisantes, Satisfying Art (compositions 1 &amp; 2) revisite ces pratiques sociales du num\u00e9rique en proposant de nouveaux paysages fictifs o\u00f9 les arbres \u00e0 chat remplacent les arbres &hellip; <a href=\"https:\/\/garancepouponjoyeux-alexandrearbouin.fr\/index.php\/works\/satisfying-art\/\" class=\"more-link\">Continue reading <span class=\"screen-reader-text\">Satisfying Art<\/span><\/a><\/p>\n","protected":false},"author":1,"featured_media":0,"parent":7,"menu_order":0,"comment_status":"closed","ping_status":"closed","template":"","meta":{"footnotes":""},"class_list":["post-395","page","type-page","status-publish","hentry"],"yoast_head":"<!-- This site is optimized with the Yoast SEO plugin v24.4 - https:\/\/yoast.com\/wordpress\/plugins\/seo\/ -->\n<title>Satisfying Art - GPJ &amp; AA<\/title>\n<meta name=\"robots\" content=\"index, follow, max-snippet:-1, max-image-preview:large, max-video-preview:-1\" \/>\n<link rel=\"canonical\" href=\"https:\/\/garancepouponjoyeux-alexandrearbouin.fr\/index.php\/works\/satisfying-art\/\" \/>\n<meta property=\"og:locale\" content=\"en_US\" \/>\n<meta property=\"og:type\" content=\"article\" \/>\n<meta property=\"og:title\" content=\"Satisfying Art - GPJ &amp; AA\" \/>\n<meta property=\"og:description\" content=\"Photos : Garance Poupon-Joyeux &amp; Alexandre Arbouin Satisfying Art 2019Impressions sur b\u00e2ches200 x 112 cm &#8212;&#8212;&#8212;&#8212;&#8212;&#8212; Entre le ph\u00e9nom\u00e8ne buzz des chats sur le web et les vid\u00e9os satisfaisantes, Satisfying Art (compositions 1 &amp; 2) revisite ces pratiques sociales du num\u00e9rique en proposant de nouveaux paysages fictifs o\u00f9 les arbres \u00e0 chat remplacent les arbres &hellip; Continue reading Satisfying Art\" \/>\n<meta property=\"og:url\" content=\"https:\/\/garancepouponjoyeux-alexandrearbouin.fr\/index.php\/works\/satisfying-art\/\" \/>\n<meta property=\"og:site_name\" content=\"GPJ &amp; AA\" \/>\n<meta property=\"article:modified_time\" content=\"2024-03-10T18:25:32+00:00\" \/>\n<meta property=\"og:image\" content=\"http:\/\/garancepouponjoyeux-alexandrearbouin.fr\/wp-content\/uploads\/2024\/03\/Web_Satisfying-Art_Composition-2-1.jpg\" \/>\n<meta name=\"twitter:card\" content=\"summary_large_image\" \/>\n<meta name=\"twitter:label1\" content=\"Est. reading time\" \/>\n\t<meta name=\"twitter:data1\" content=\"1 minute\" \/>\n<script type=\"application\/ld+json\" class=\"yoast-schema-graph\">{\"@context\":\"https:\/\/schema.org\",\"@graph\":[{\"@type\":\"WebPage\",\"@id\":\"https:\/\/garancepouponjoyeux-alexandrearbouin.fr\/index.php\/works\/satisfying-art\/\",\"url\":\"https:\/\/garancepouponjoyeux-alexandrearbouin.fr\/index.php\/works\/satisfying-art\/\",\"name\":\"Satisfying Art - GPJ &amp; AA\",\"isPartOf\":{\"@id\":\"https:\/\/garancepouponjoyeux-alexandrearbouin.fr\/#website\"},\"primaryImageOfPage\":{\"@id\":\"https:\/\/garancepouponjoyeux-alexandrearbouin.fr\/index.php\/works\/satisfying-art\/#primaryimage\"},\"image\":{\"@id\":\"https:\/\/garancepouponjoyeux-alexandrearbouin.fr\/index.php\/works\/satisfying-art\/#primaryimage\"},\"thumbnailUrl\":\"http:\/\/garancepouponjoyeux-alexandrearbouin.fr\/wp-content\/uploads\/2024\/03\/Web_Satisfying-Art_Composition-2-1.jpg\",\"datePublished\":\"2024-03-10T11:18:08+00:00\",\"dateModified\":\"2024-03-10T18:25:32+00:00\",\"breadcrumb\":{\"@id\":\"https:\/\/garancepouponjoyeux-alexandrearbouin.fr\/index.php\/works\/satisfying-art\/#breadcrumb\"},\"inLanguage\":\"en-US\",\"potentialAction\":[{\"@type\":\"ReadAction\",\"target\":[\"https:\/\/garancepouponjoyeux-alexandrearbouin.fr\/index.php\/works\/satisfying-art\/\"]}]},{\"@type\":\"ImageObject\",\"inLanguage\":\"en-US\",\"@id\":\"https:\/\/garancepouponjoyeux-alexandrearbouin.fr\/index.php\/works\/satisfying-art\/#primaryimage\",\"url\":\"http:\/\/garancepouponjoyeux-alexandrearbouin.fr\/wp-content\/uploads\/2024\/03\/Web_Satisfying-Art_Composition-2-1.jpg\",\"contentUrl\":\"http:\/\/garancepouponjoyeux-alexandrearbouin.fr\/wp-content\/uploads\/2024\/03\/Web_Satisfying-Art_Composition-2-1.jpg\"},{\"@type\":\"BreadcrumbList\",\"@id\":\"https:\/\/garancepouponjoyeux-alexandrearbouin.fr\/index.php\/works\/satisfying-art\/#breadcrumb\",\"itemListElement\":[{\"@type\":\"ListItem\",\"position\":1,\"name\":\"Accueil\",\"item\":\"https:\/\/garancepouponjoyeux-alexandrearbouin.fr\/\"},{\"@type\":\"ListItem\",\"position\":2,\"name\":\"Works\",\"item\":\"https:\/\/garancepouponjoyeux-alexandrearbouin.fr\/\"},{\"@type\":\"ListItem\",\"position\":3,\"name\":\"Satisfying Art\"}]},{\"@type\":\"WebSite\",\"@id\":\"https:\/\/garancepouponjoyeux-alexandrearbouin.fr\/#website\",\"url\":\"https:\/\/garancepouponjoyeux-alexandrearbouin.fr\/\",\"name\":\"GPJ &amp; AA\",\"description\":\"\",\"potentialAction\":[{\"@type\":\"SearchAction\",\"target\":{\"@type\":\"EntryPoint\",\"urlTemplate\":\"https:\/\/garancepouponjoyeux-alexandrearbouin.fr\/?s={search_term_string}\"},\"query-input\":{\"@type\":\"PropertyValueSpecification\",\"valueRequired\":true,\"valueName\":\"search_term_string\"}}],\"inLanguage\":\"en-US\"}]}<\/script>\n<!-- \/ Yoast SEO plugin. -->","yoast_head_json":{"title":"Satisfying Art - GPJ &amp; AA","robots":{"index":"index","follow":"follow","max-snippet":"max-snippet:-1","max-image-preview":"max-image-preview:large","max-video-preview":"max-video-preview:-1"},"canonical":"https:\/\/garancepouponjoyeux-alexandrearbouin.fr\/index.php\/works\/satisfying-art\/","og_locale":"en_US","og_type":"article","og_title":"Satisfying Art - GPJ &amp; AA","og_description":"Photos : Garance Poupon-Joyeux &amp; Alexandre Arbouin Satisfying Art 2019Impressions sur b\u00e2ches200 x 112 cm &#8212;&#8212;&#8212;&#8212;&#8212;&#8212; Entre le ph\u00e9nom\u00e8ne buzz des chats sur le web et les vid\u00e9os satisfaisantes, Satisfying Art (compositions 1 &amp; 2) revisite ces pratiques sociales du num\u00e9rique en proposant de nouveaux paysages fictifs o\u00f9 les arbres \u00e0 chat remplacent les arbres &hellip; Continue reading Satisfying Art","og_url":"https:\/\/garancepouponjoyeux-alexandrearbouin.fr\/index.php\/works\/satisfying-art\/","og_site_name":"GPJ &amp; AA","article_modified_time":"2024-03-10T18:25:32+00:00","og_image":[{"url":"http:\/\/garancepouponjoyeux-alexandrearbouin.fr\/wp-content\/uploads\/2024\/03\/Web_Satisfying-Art_Composition-2-1.jpg","type":"","width":"","height":""}],"twitter_card":"summary_large_image","twitter_misc":{"Est. reading time":"1 minute"},"schema":{"@context":"https:\/\/schema.org","@graph":[{"@type":"WebPage","@id":"https:\/\/garancepouponjoyeux-alexandrearbouin.fr\/index.php\/works\/satisfying-art\/","url":"https:\/\/garancepouponjoyeux-alexandrearbouin.fr\/index.php\/works\/satisfying-art\/","name":"Satisfying Art - GPJ &amp; AA","isPartOf":{"@id":"https:\/\/garancepouponjoyeux-alexandrearbouin.fr\/#website"},"primaryImageOfPage":{"@id":"https:\/\/garancepouponjoyeux-alexandrearbouin.fr\/index.php\/works\/satisfying-art\/#primaryimage"},"image":{"@id":"https:\/\/garancepouponjoyeux-alexandrearbouin.fr\/index.php\/works\/satisfying-art\/#primaryimage"},"thumbnailUrl":"http:\/\/garancepouponjoyeux-alexandrearbouin.fr\/wp-content\/uploads\/2024\/03\/Web_Satisfying-Art_Composition-2-1.jpg","datePublished":"2024-03-10T11:18:08+00:00","dateModified":"2024-03-10T18:25:32+00:00","breadcrumb":{"@id":"https:\/\/garancepouponjoyeux-alexandrearbouin.fr\/index.php\/works\/satisfying-art\/#breadcrumb"},"inLanguage":"en-US","potentialAction":[{"@type":"ReadAction","target":["https:\/\/garancepouponjoyeux-alexandrearbouin.fr\/index.php\/works\/satisfying-art\/"]}]},{"@type":"ImageObject","inLanguage":"en-US","@id":"https:\/\/garancepouponjoyeux-alexandrearbouin.fr\/index.php\/works\/satisfying-art\/#primaryimage","url":"http:\/\/garancepouponjoyeux-alexandrearbouin.fr\/wp-content\/uploads\/2024\/03\/Web_Satisfying-Art_Composition-2-1.jpg","contentUrl":"http:\/\/garancepouponjoyeux-alexandrearbouin.fr\/wp-content\/uploads\/2024\/03\/Web_Satisfying-Art_Composition-2-1.jpg"},{"@type":"BreadcrumbList","@id":"https:\/\/garancepouponjoyeux-alexandrearbouin.fr\/index.php\/works\/satisfying-art\/#breadcrumb","itemListElement":[{"@type":"ListItem","position":1,"name":"Accueil","item":"https:\/\/garancepouponjoyeux-alexandrearbouin.fr\/"},{"@type":"ListItem","position":2,"name":"Works","item":"https:\/\/garancepouponjoyeux-alexandrearbouin.fr\/"},{"@type":"ListItem","position":3,"name":"Satisfying Art"}]},{"@type":"WebSite","@id":"https:\/\/garancepouponjoyeux-alexandrearbouin.fr\/#website","url":"https:\/\/garancepouponjoyeux-alexandrearbouin.fr\/","name":"GPJ &amp; AA","description":"","potentialAction":[{"@type":"SearchAction","target":{"@type":"EntryPoint","urlTemplate":"https:\/\/garancepouponjoyeux-alexandrearbouin.fr\/?s={search_term_string}"},"query-input":{"@type":"PropertyValueSpecification","valueRequired":true,"valueName":"search_term_string"}}],"inLanguage":"en-US"}]}},"_links":{"self":[{"href":"https:\/\/garancepouponjoyeux-alexandrearbouin.fr\/index.php\/wp-json\/wp\/v2\/pages\/395","targetHints":{"allow":["GET"]}}],"collection":[{"href":"https:\/\/garancepouponjoyeux-alexandrearbouin.fr\/index.php\/wp-json\/wp\/v2\/pages"}],"about":[{"href":"https:\/\/garancepouponjoyeux-alexandrearbouin.fr\/index.php\/wp-json\/wp\/v2\/types\/page"}],"author":[{"embeddable":true,"href":"https:\/\/garancepouponjoyeux-alexandrearbouin.fr\/index.php\/wp-json\/wp\/v2\/users\/1"}],"replies":[{"embeddable":true,"href":"https:\/\/garancepouponjoyeux-alexandrearbouin.fr\/index.php\/wp-json\/wp\/v2\/comments?post=395"}],"version-history":[{"count":8,"href":"https:\/\/garancepouponjoyeux-alexandrearbouin.fr\/index.php\/wp-json\/wp\/v2\/pages\/395\/revisions"}],"predecessor-version":[{"id":661,"href":"https:\/\/garancepouponjoyeux-alexandrearbouin.fr\/index.php\/wp-json\/wp\/v2\/pages\/395\/revisions\/661"}],"up":[{"embeddable":true,"href":"https:\/\/garancepouponjoyeux-alexandrearbouin.fr\/index.php\/wp-json\/wp\/v2\/pages\/7"}],"wp:attachment":[{"href":"https:\/\/garancepouponjoyeux-alexandrearbouin.fr\/index.php\/wp-json\/wp\/v2\/media?parent=395"}],"curies":[{"name":"wp","href":"https:\/\/api.w.org\/{rel}","templated":true}]}}