{"id":415,"date":"2024-03-10T12:26:42","date_gmt":"2024-03-10T11:26:42","guid":{"rendered":"http:\/\/garancepouponjoyeux-alexandrearbouin.fr\/?page_id=415"},"modified":"2024-03-10T19:26:47","modified_gmt":"2024-03-10T18:26:47","slug":"groupe-nominal","status":"publish","type":"page","link":"https:\/\/garancepouponjoyeux-alexandrearbouin.fr\/index.php\/works\/groupe-nominal\/","title":{"rendered":"Groupe Nominal"},"content":{"rendered":"\t\t<div data-elementor-type=\"wp-page\" data-elementor-id=\"415\" class=\"elementor elementor-415\">\n\t\t\t\t<div class=\"elementor-element elementor-element-62c1aa09 e-flex e-con-boxed e-con e-parent\" data-id=\"62c1aa09\" data-element_type=\"container\">\n\t\t\t\t\t<div class=\"e-con-inner\">\n\t\t\t\t<div class=\"elementor-element elementor-element-5f36fce5 elementor-widget elementor-widget-image\" data-id=\"5f36fce5\" data-element_type=\"widget\" data-widget_type=\"image.default\">\n\t\t\t\t<div class=\"elementor-widget-container\">\n\t\t\t\t\t\t\t\t\t\t\t\t<figure class=\"wp-caption\">\n\t\t\t\t\t\t\t\t\t\t\t<a href=\"http:\/\/garancepouponjoyeux-alexandrearbouin.fr\/wp-content\/uploads\/2024\/03\/Web_Groupe-Nominal_Ensemble-1-1.jpg\" data-elementor-open-lightbox=\"yes\" data-elementor-lightbox-title=\"Groupe Nominal\" data-elementor-lightbox-description=\"Photos : Garance Poupon-Joyeux &amp; Alexandre Arbouin \/ Vue de l&#039;exposition \u00e0 l&#039;Inattendue Galerie, Paris (2019), \u0153uvres de Daniel Buren, Pierre Huyghe, Henry Moore, Robert Morris, Bruce Naumann\" data-e-action-hash=\"#elementor-action%3Aaction%3Dlightbox%26settings%3DeyJpZCI6NDIwLCJ1cmwiOiJodHRwczpcL1wvZ2FyYW5jZXBvdXBvbmpveWV1eC1hbGV4YW5kcmVhcmJvdWluLmZyXC93cC1jb250ZW50XC91cGxvYWRzXC8yMDI0XC8wM1wvV2ViX0dyb3VwZS1Ob21pbmFsX0Vuc2VtYmxlLTEtMS5qcGcifQ%3D%3D\">\n\t\t\t\t\t\t\t<img fetchpriority=\"high\" decoding=\"async\" width=\"660\" height=\"439\" src=\"https:\/\/garancepouponjoyeux-alexandrearbouin.fr\/wp-content\/uploads\/2024\/03\/Web_Groupe-Nominal_Ensemble-1-1-1024x681.jpg\" class=\"attachment-large size-large wp-image-420\" alt=\"\" srcset=\"https:\/\/garancepouponjoyeux-alexandrearbouin.fr\/wp-content\/uploads\/2024\/03\/Web_Groupe-Nominal_Ensemble-1-1-1024x681.jpg 1024w, https:\/\/garancepouponjoyeux-alexandrearbouin.fr\/wp-content\/uploads\/2024\/03\/Web_Groupe-Nominal_Ensemble-1-1-300x200.jpg 300w, https:\/\/garancepouponjoyeux-alexandrearbouin.fr\/wp-content\/uploads\/2024\/03\/Web_Groupe-Nominal_Ensemble-1-1-768x511.jpg 768w, https:\/\/garancepouponjoyeux-alexandrearbouin.fr\/wp-content\/uploads\/2024\/03\/Web_Groupe-Nominal_Ensemble-1-1.jpg 1039w\" sizes=\"(max-width: 660px) 100vw, 660px\" \/>\t\t\t\t\t\t\t\t<\/a>\n\t\t\t\t\t\t\t\t\t\t\t<figcaption class=\"widget-image-caption wp-caption-text\">Photos : Garance Poupon-Joyeux &amp; Alexandre Arbouin \/ Vue de l'exposition \u00e0 l'Inattendue Galerie, Paris (2019), \u0153uvres de Daniel Buren, Pierre Huyghe, Henry Moore, Robert Morris, Bruce Naumann<\/figcaption>\n\t\t\t\t\t\t\t\t\t\t<\/figure>\n\t\t\t\t\t\t\t\t\t<\/div>\n\t\t\t\t<\/div>\n\t\t\t\t\t<\/div>\n\t\t\t\t<\/div>\n\t\t<div class=\"elementor-element elementor-element-2132ebdd e-flex e-con-boxed e-con e-parent\" data-id=\"2132ebdd\" data-element_type=\"container\">\n\t\t\t\t\t<div class=\"e-con-inner\">\n\t\t<div class=\"elementor-element elementor-element-626a7dfa e-con-full e-flex e-con e-child\" data-id=\"626a7dfa\" data-element_type=\"container\">\n\t\t\t\t<div class=\"elementor-element elementor-element-b99ac98 elementor-widget elementor-widget-image\" data-id=\"b99ac98\" data-element_type=\"widget\" data-widget_type=\"image.default\">\n\t\t\t\t<div class=\"elementor-widget-container\">\n\t\t\t\t\t\t\t\t\t\t\t\t\t\t\t\t<a href=\"http:\/\/garancepouponjoyeux-alexandrearbouin.fr\/wp-content\/uploads\/2024\/03\/Web_Groupe-Nominal_Groupe-Lee-Naumann-1.jpg\" data-elementor-open-lightbox=\"yes\" data-elementor-lightbox-title=\"Groupe Nominal\" data-elementor-lightbox-description=\"Photos : Garance Poupon-Joyeux &amp; Alexandre Arbouin \/ Vue de l&#039;exposition \u00e0 l&#039;Inattendue Galerie, Paris (2019), \u0153uvres de Seulgi Lee, Bruce Naumann\" data-e-action-hash=\"#elementor-action%3Aaction%3Dlightbox%26settings%3DeyJpZCI6NDIxLCJ1cmwiOiJodHRwczpcL1wvZ2FyYW5jZXBvdXBvbmpveWV1eC1hbGV4YW5kcmVhcmJvdWluLmZyXC93cC1jb250ZW50XC91cGxvYWRzXC8yMDI0XC8wM1wvV2ViX0dyb3VwZS1Ob21pbmFsX0dyb3VwZS1MZWUtTmF1bWFubi0xLmpwZyJ9\">\n\t\t\t\t\t\t\t<img decoding=\"async\" width=\"150\" height=\"150\" src=\"https:\/\/garancepouponjoyeux-alexandrearbouin.fr\/wp-content\/uploads\/2024\/03\/Web_Groupe-Nominal_Groupe-Lee-Naumann-1-150x150.jpg\" class=\"attachment-thumbnail size-thumbnail wp-image-421\" alt=\"\" \/>\t\t\t\t\t\t\t\t<\/a>\n\t\t\t\t\t\t\t\t\t\t\t\t\t\t\t<\/div>\n\t\t\t\t<\/div>\n\t\t\t\t<\/div>\n\t\t<div class=\"elementor-element elementor-element-2935c656 e-con-full e-flex e-con e-child\" data-id=\"2935c656\" data-element_type=\"container\">\n\t\t\t\t<div class=\"elementor-element elementor-element-f6981c0 elementor-widget elementor-widget-video\" data-id=\"f6981c0\" data-element_type=\"widget\" data-settings=\"{&quot;youtube_url&quot;:&quot;https:\\\/\\\/youtu.be\\\/lQ17d6Z5zI4?si=FhM66yeeEdq3xifE&quot;,&quot;video_type&quot;:&quot;youtube&quot;,&quot;controls&quot;:&quot;yes&quot;}\" data-widget_type=\"video.default\">\n\t\t\t\t<div class=\"elementor-widget-container\">\n\t\t\t\t\t\t\t<div class=\"elementor-wrapper elementor-open-inline\">\n\t\t\t<div class=\"elementor-video\"><\/div>\t\t<\/div>\n\t\t\t\t\t\t<\/div>\n\t\t\t\t<\/div>\n\t\t\t\t<\/div>\n\t\t\t\t\t<\/div>\n\t\t\t\t<\/div>\n\t\t<div class=\"elementor-element elementor-element-61e1d804 e-flex e-con-boxed e-con e-parent\" data-id=\"61e1d804\" data-element_type=\"container\">\n\t\t\t\t\t<div class=\"e-con-inner\">\n\t\t\t\t<div class=\"elementor-element elementor-element-33ce3344 elementor-widget elementor-widget-heading\" data-id=\"33ce3344\" data-element_type=\"widget\" data-widget_type=\"heading.default\">\n\t\t\t\t<div class=\"elementor-widget-container\">\n\t\t\t\t\t<h2 class=\"elementor-heading-title elementor-size-default\">Groupe Nominal<\/h2>\t\t\t\t<\/div>\n\t\t\t\t<\/div>\n\t\t\t\t<div class=\"elementor-element elementor-element-10daf06d elementor-widget elementor-widget-text-editor\" data-id=\"10daf06d\" data-element_type=\"widget\" data-widget_type=\"text-editor.default\">\n\t\t\t\t<div class=\"elementor-widget-container\">\n\t\t\t\t\t\t\t\t\t<p>2019<br \/>Projet curatorial<\/p><p>&#8212;&#8212;&#8212;&#8212;&#8212;&#8212;&#8212;<\/p>\t\t\t\t\t\t\t\t<\/div>\n\t\t\t\t<\/div>\n\t\t\t\t<div class=\"elementor-element elementor-element-7454bb7f elementor-widget elementor-widget-text-editor\" data-id=\"7454bb7f\" data-element_type=\"widget\" data-widget_type=\"text-editor.default\">\n\t\t\t\t<div class=\"elementor-widget-container\">\n\t\t\t\t\t\t\t\t\t<p>\u00a0Exposition collective form\u00e9e \u00e0 partir d&#8217;une \u00e9bauche de collection priv\u00e9e d&#8217;artistes ayant des noms homonymiques.<\/p><p>Feat. Daniel Buren, John Chamberlain, Seulgi Lee, Richard Long, Henry Moore, Henry Moore, Robert Morris, Bruce Naumann, Pierre Huyghe, Benjamin Sabatier.<\/p>\t\t\t\t\t\t\t\t<\/div>\n\t\t\t\t<\/div>\n\t\t\t\t\t<\/div>\n\t\t\t\t<\/div>\n\t\t<div class=\"elementor-element elementor-element-51b17c51 e-flex e-con-boxed e-con e-parent\" data-id=\"51b17c51\" data-element_type=\"container\">\n\t\t\t\t\t<div class=\"e-con-inner\">\n\t\t\t\t\t<\/div>\n\t\t\t\t<\/div>\n\t\t\t\t<\/div>\n\t\t","protected":false},"excerpt":{"rendered":"<p>Photos : Garance Poupon-Joyeux &amp; Alexandre Arbouin \/ Vue de l&#8217;exposition \u00e0 l&#8217;Inattendue Galerie, Paris (2019), \u0153uvres de Daniel Buren, Pierre Huyghe, Henry Moore, Robert Morris, Bruce Naumann Groupe Nominal 2019Projet curatorial &#8212;&#8212;&#8212;&#8212;&#8212;&#8212;&#8212; \u00a0Exposition collective form\u00e9e \u00e0 partir d&#8217;une \u00e9bauche de collection priv\u00e9e d&#8217;artistes ayant des noms homonymiques. Feat. Daniel Buren, John Chamberlain, Seulgi Lee, &hellip; <a href=\"https:\/\/garancepouponjoyeux-alexandrearbouin.fr\/index.php\/works\/groupe-nominal\/\" class=\"more-link\">Continue reading <span class=\"screen-reader-text\">Groupe Nominal<\/span><\/a><\/p>\n","protected":false},"author":1,"featured_media":0,"parent":7,"menu_order":0,"comment_status":"closed","ping_status":"closed","template":"","meta":{"footnotes":""},"class_list":["post-415","page","type-page","status-publish","hentry"],"yoast_head":"<!-- This site is optimized with the Yoast SEO plugin v24.4 - https:\/\/yoast.com\/wordpress\/plugins\/seo\/ -->\n<title>Groupe Nominal - GPJ &amp; AA<\/title>\n<meta name=\"robots\" content=\"index, follow, max-snippet:-1, max-image-preview:large, max-video-preview:-1\" \/>\n<link rel=\"canonical\" href=\"https:\/\/garancepouponjoyeux-alexandrearbouin.fr\/index.php\/works\/groupe-nominal\/\" \/>\n<meta property=\"og:locale\" content=\"en_US\" \/>\n<meta property=\"og:type\" content=\"article\" \/>\n<meta property=\"og:title\" content=\"Groupe Nominal - GPJ &amp; AA\" \/>\n<meta property=\"og:description\" content=\"Photos : Garance Poupon-Joyeux &amp; Alexandre Arbouin \/ Vue de l&#8217;exposition \u00e0 l&#8217;Inattendue Galerie, Paris (2019), \u0153uvres de Daniel Buren, Pierre Huyghe, Henry Moore, Robert Morris, Bruce Naumann Groupe Nominal 2019Projet curatorial &#8212;&#8212;&#8212;&#8212;&#8212;&#8212;&#8212; \u00a0Exposition collective form\u00e9e \u00e0 partir d&#8217;une \u00e9bauche de collection priv\u00e9e d&#8217;artistes ayant des noms homonymiques. Feat. Daniel Buren, John Chamberlain, Seulgi Lee, &hellip; Continue reading Groupe Nominal\" \/>\n<meta property=\"og:url\" content=\"https:\/\/garancepouponjoyeux-alexandrearbouin.fr\/index.php\/works\/groupe-nominal\/\" \/>\n<meta property=\"og:site_name\" content=\"GPJ &amp; AA\" \/>\n<meta property=\"article:modified_time\" content=\"2024-03-10T18:26:47+00:00\" \/>\n<meta property=\"og:image\" content=\"http:\/\/garancepouponjoyeux-alexandrearbouin.fr\/wp-content\/uploads\/2024\/03\/Web_Groupe-Nominal_Ensemble-1-1-1024x681.jpg\" \/>\n<meta name=\"twitter:card\" content=\"summary_large_image\" \/>\n<meta name=\"twitter:label1\" content=\"Est. reading time\" \/>\n\t<meta name=\"twitter:data1\" content=\"1 minute\" \/>\n<script type=\"application\/ld+json\" class=\"yoast-schema-graph\">{\"@context\":\"https:\/\/schema.org\",\"@graph\":[{\"@type\":\"WebPage\",\"@id\":\"https:\/\/garancepouponjoyeux-alexandrearbouin.fr\/index.php\/works\/groupe-nominal\/\",\"url\":\"https:\/\/garancepouponjoyeux-alexandrearbouin.fr\/index.php\/works\/groupe-nominal\/\",\"name\":\"Groupe Nominal - GPJ &amp; AA\",\"isPartOf\":{\"@id\":\"https:\/\/garancepouponjoyeux-alexandrearbouin.fr\/#website\"},\"primaryImageOfPage\":{\"@id\":\"https:\/\/garancepouponjoyeux-alexandrearbouin.fr\/index.php\/works\/groupe-nominal\/#primaryimage\"},\"image\":{\"@id\":\"https:\/\/garancepouponjoyeux-alexandrearbouin.fr\/index.php\/works\/groupe-nominal\/#primaryimage\"},\"thumbnailUrl\":\"http:\/\/garancepouponjoyeux-alexandrearbouin.fr\/wp-content\/uploads\/2024\/03\/Web_Groupe-Nominal_Ensemble-1-1-1024x681.jpg\",\"datePublished\":\"2024-03-10T11:26:42+00:00\",\"dateModified\":\"2024-03-10T18:26:47+00:00\",\"breadcrumb\":{\"@id\":\"https:\/\/garancepouponjoyeux-alexandrearbouin.fr\/index.php\/works\/groupe-nominal\/#breadcrumb\"},\"inLanguage\":\"en-US\",\"potentialAction\":[{\"@type\":\"ReadAction\",\"target\":[\"https:\/\/garancepouponjoyeux-alexandrearbouin.fr\/index.php\/works\/groupe-nominal\/\"]}]},{\"@type\":\"ImageObject\",\"inLanguage\":\"en-US\",\"@id\":\"https:\/\/garancepouponjoyeux-alexandrearbouin.fr\/index.php\/works\/groupe-nominal\/#primaryimage\",\"url\":\"https:\/\/garancepouponjoyeux-alexandrearbouin.fr\/wp-content\/uploads\/2024\/03\/Web_Groupe-Nominal_Ensemble-1-1.jpg\",\"contentUrl\":\"https:\/\/garancepouponjoyeux-alexandrearbouin.fr\/wp-content\/uploads\/2024\/03\/Web_Groupe-Nominal_Ensemble-1-1.jpg\",\"width\":1039,\"height\":691,\"caption\":\"Photos : Garance Poupon-Joyeux & Alexandre Arbouin \/ Vue de l'exposition \u00e0 l'Inattendue Galerie, Paris (2019), \u0153uvres de Daniel Buren, Pierre Huyghe, Henry Moore, Robert Morris, Bruce Naumann\"},{\"@type\":\"BreadcrumbList\",\"@id\":\"https:\/\/garancepouponjoyeux-alexandrearbouin.fr\/index.php\/works\/groupe-nominal\/#breadcrumb\",\"itemListElement\":[{\"@type\":\"ListItem\",\"position\":1,\"name\":\"Accueil\",\"item\":\"https:\/\/garancepouponjoyeux-alexandrearbouin.fr\/\"},{\"@type\":\"ListItem\",\"position\":2,\"name\":\"Works\",\"item\":\"https:\/\/garancepouponjoyeux-alexandrearbouin.fr\/\"},{\"@type\":\"ListItem\",\"position\":3,\"name\":\"Groupe Nominal\"}]},{\"@type\":\"WebSite\",\"@id\":\"https:\/\/garancepouponjoyeux-alexandrearbouin.fr\/#website\",\"url\":\"https:\/\/garancepouponjoyeux-alexandrearbouin.fr\/\",\"name\":\"GPJ &amp; AA\",\"description\":\"\",\"potentialAction\":[{\"@type\":\"SearchAction\",\"target\":{\"@type\":\"EntryPoint\",\"urlTemplate\":\"https:\/\/garancepouponjoyeux-alexandrearbouin.fr\/?s={search_term_string}\"},\"query-input\":{\"@type\":\"PropertyValueSpecification\",\"valueRequired\":true,\"valueName\":\"search_term_string\"}}],\"inLanguage\":\"en-US\"}]}<\/script>\n<!-- \/ Yoast SEO plugin. -->","yoast_head_json":{"title":"Groupe Nominal - GPJ &amp; AA","robots":{"index":"index","follow":"follow","max-snippet":"max-snippet:-1","max-image-preview":"max-image-preview:large","max-video-preview":"max-video-preview:-1"},"canonical":"https:\/\/garancepouponjoyeux-alexandrearbouin.fr\/index.php\/works\/groupe-nominal\/","og_locale":"en_US","og_type":"article","og_title":"Groupe Nominal - GPJ &amp; AA","og_description":"Photos : Garance Poupon-Joyeux &amp; Alexandre Arbouin \/ Vue de l&#8217;exposition \u00e0 l&#8217;Inattendue Galerie, Paris (2019), \u0153uvres de Daniel Buren, Pierre Huyghe, Henry Moore, Robert Morris, Bruce Naumann Groupe Nominal 2019Projet curatorial &#8212;&#8212;&#8212;&#8212;&#8212;&#8212;&#8212; \u00a0Exposition collective form\u00e9e \u00e0 partir d&#8217;une \u00e9bauche de collection priv\u00e9e d&#8217;artistes ayant des noms homonymiques. Feat. Daniel Buren, John Chamberlain, Seulgi Lee, &hellip; Continue reading Groupe Nominal","og_url":"https:\/\/garancepouponjoyeux-alexandrearbouin.fr\/index.php\/works\/groupe-nominal\/","og_site_name":"GPJ &amp; AA","article_modified_time":"2024-03-10T18:26:47+00:00","og_image":[{"url":"http:\/\/garancepouponjoyeux-alexandrearbouin.fr\/wp-content\/uploads\/2024\/03\/Web_Groupe-Nominal_Ensemble-1-1-1024x681.jpg","type":"","width":"","height":""}],"twitter_card":"summary_large_image","twitter_misc":{"Est. reading time":"1 minute"},"schema":{"@context":"https:\/\/schema.org","@graph":[{"@type":"WebPage","@id":"https:\/\/garancepouponjoyeux-alexandrearbouin.fr\/index.php\/works\/groupe-nominal\/","url":"https:\/\/garancepouponjoyeux-alexandrearbouin.fr\/index.php\/works\/groupe-nominal\/","name":"Groupe Nominal - GPJ &amp; AA","isPartOf":{"@id":"https:\/\/garancepouponjoyeux-alexandrearbouin.fr\/#website"},"primaryImageOfPage":{"@id":"https:\/\/garancepouponjoyeux-alexandrearbouin.fr\/index.php\/works\/groupe-nominal\/#primaryimage"},"image":{"@id":"https:\/\/garancepouponjoyeux-alexandrearbouin.fr\/index.php\/works\/groupe-nominal\/#primaryimage"},"thumbnailUrl":"http:\/\/garancepouponjoyeux-alexandrearbouin.fr\/wp-content\/uploads\/2024\/03\/Web_Groupe-Nominal_Ensemble-1-1-1024x681.jpg","datePublished":"2024-03-10T11:26:42+00:00","dateModified":"2024-03-10T18:26:47+00:00","breadcrumb":{"@id":"https:\/\/garancepouponjoyeux-alexandrearbouin.fr\/index.php\/works\/groupe-nominal\/#breadcrumb"},"inLanguage":"en-US","potentialAction":[{"@type":"ReadAction","target":["https:\/\/garancepouponjoyeux-alexandrearbouin.fr\/index.php\/works\/groupe-nominal\/"]}]},{"@type":"ImageObject","inLanguage":"en-US","@id":"https:\/\/garancepouponjoyeux-alexandrearbouin.fr\/index.php\/works\/groupe-nominal\/#primaryimage","url":"https:\/\/garancepouponjoyeux-alexandrearbouin.fr\/wp-content\/uploads\/2024\/03\/Web_Groupe-Nominal_Ensemble-1-1.jpg","contentUrl":"https:\/\/garancepouponjoyeux-alexandrearbouin.fr\/wp-content\/uploads\/2024\/03\/Web_Groupe-Nominal_Ensemble-1-1.jpg","width":1039,"height":691,"caption":"Photos : Garance Poupon-Joyeux & Alexandre Arbouin \/ Vue de l'exposition \u00e0 l'Inattendue Galerie, Paris (2019), \u0153uvres de Daniel Buren, Pierre Huyghe, Henry Moore, Robert Morris, Bruce Naumann"},{"@type":"BreadcrumbList","@id":"https:\/\/garancepouponjoyeux-alexandrearbouin.fr\/index.php\/works\/groupe-nominal\/#breadcrumb","itemListElement":[{"@type":"ListItem","position":1,"name":"Accueil","item":"https:\/\/garancepouponjoyeux-alexandrearbouin.fr\/"},{"@type":"ListItem","position":2,"name":"Works","item":"https:\/\/garancepouponjoyeux-alexandrearbouin.fr\/"},{"@type":"ListItem","position":3,"name":"Groupe Nominal"}]},{"@type":"WebSite","@id":"https:\/\/garancepouponjoyeux-alexandrearbouin.fr\/#website","url":"https:\/\/garancepouponjoyeux-alexandrearbouin.fr\/","name":"GPJ &amp; AA","description":"","potentialAction":[{"@type":"SearchAction","target":{"@type":"EntryPoint","urlTemplate":"https:\/\/garancepouponjoyeux-alexandrearbouin.fr\/?s={search_term_string}"},"query-input":{"@type":"PropertyValueSpecification","valueRequired":true,"valueName":"search_term_string"}}],"inLanguage":"en-US"}]}},"_links":{"self":[{"href":"https:\/\/garancepouponjoyeux-alexandrearbouin.fr\/index.php\/wp-json\/wp\/v2\/pages\/415","targetHints":{"allow":["GET"]}}],"collection":[{"href":"https:\/\/garancepouponjoyeux-alexandrearbouin.fr\/index.php\/wp-json\/wp\/v2\/pages"}],"about":[{"href":"https:\/\/garancepouponjoyeux-alexandrearbouin.fr\/index.php\/wp-json\/wp\/v2\/types\/page"}],"author":[{"embeddable":true,"href":"https:\/\/garancepouponjoyeux-alexandrearbouin.fr\/index.php\/wp-json\/wp\/v2\/users\/1"}],"replies":[{"embeddable":true,"href":"https:\/\/garancepouponjoyeux-alexandrearbouin.fr\/index.php\/wp-json\/wp\/v2\/comments?post=415"}],"version-history":[{"count":11,"href":"https:\/\/garancepouponjoyeux-alexandrearbouin.fr\/index.php\/wp-json\/wp\/v2\/pages\/415\/revisions"}],"predecessor-version":[{"id":667,"href":"https:\/\/garancepouponjoyeux-alexandrearbouin.fr\/index.php\/wp-json\/wp\/v2\/pages\/415\/revisions\/667"}],"up":[{"embeddable":true,"href":"https:\/\/garancepouponjoyeux-alexandrearbouin.fr\/index.php\/wp-json\/wp\/v2\/pages\/7"}],"wp:attachment":[{"href":"https:\/\/garancepouponjoyeux-alexandrearbouin.fr\/index.php\/wp-json\/wp\/v2\/media?parent=415"}],"curies":[{"name":"wp","href":"https:\/\/api.w.org\/{rel}","templated":true}]}}