{"id":471,"date":"2024-03-10T17:35:40","date_gmt":"2024-03-10T16:35:40","guid":{"rendered":"http:\/\/garancepouponjoyeux-alexandrearbouin.fr\/?page_id=471"},"modified":"2024-03-10T19:29:06","modified_gmt":"2024-03-10T18:29:06","slug":"fps","status":"publish","type":"page","link":"https:\/\/garancepouponjoyeux-alexandrearbouin.fr\/index.php\/works\/fps\/","title":{"rendered":"FPS"},"content":{"rendered":"\t\t<div data-elementor-type=\"wp-page\" data-elementor-id=\"471\" class=\"elementor elementor-471\">\n\t\t\t\t<div class=\"elementor-element elementor-element-4037c176 e-flex e-con-boxed e-con e-parent\" data-id=\"4037c176\" data-element_type=\"container\">\n\t\t\t\t\t<div class=\"e-con-inner\">\n\t\t\t\t<div class=\"elementor-element elementor-element-1461a4e3 elementor-widget elementor-widget-image\" data-id=\"1461a4e3\" data-element_type=\"widget\" data-widget_type=\"image.default\">\n\t\t\t\t<div class=\"elementor-widget-container\">\n\t\t\t\t\t\t\t\t\t\t\t\t<figure class=\"wp-caption\">\n\t\t\t\t\t\t\t\t\t\t\t<a href=\"http:\/\/garancepouponjoyeux-alexandrearbouin.fr\/wp-content\/uploads\/2024\/03\/Web_FPS_1-1.jpg\" data-elementor-open-lightbox=\"yes\" data-elementor-lightbox-title=\"FPS\" data-elementor-lightbox-description=\"Photo : Romain Moncet, Vue de l&#039;\u00e9v\u00e9nement &quot;Collection Croisi\u00e8re&quot; de Nouvelle Collection Paris, Mo.Co, Montepellier (2018)\" data-e-action-hash=\"#elementor-action%3Aaction%3Dlightbox%26settings%3DeyJpZCI6NDc2LCJ1cmwiOiJodHRwczpcL1wvZ2FyYW5jZXBvdXBvbmpveWV1eC1hbGV4YW5kcmVhcmJvdWluLmZyXC93cC1jb250ZW50XC91cGxvYWRzXC8yMDI0XC8wM1wvV2ViX0ZQU18xLTEuanBnIn0%3D\">\n\t\t\t\t\t\t\t<img fetchpriority=\"high\" decoding=\"async\" width=\"424\" height=\"530\" src=\"https:\/\/garancepouponjoyeux-alexandrearbouin.fr\/wp-content\/uploads\/2024\/03\/Web_FPS_1-1.jpg\" class=\"attachment-full size-full wp-image-476\" alt=\"\" srcset=\"https:\/\/garancepouponjoyeux-alexandrearbouin.fr\/wp-content\/uploads\/2024\/03\/Web_FPS_1-1.jpg 424w, https:\/\/garancepouponjoyeux-alexandrearbouin.fr\/wp-content\/uploads\/2024\/03\/Web_FPS_1-1-240x300.jpg 240w\" sizes=\"(max-width: 424px) 100vw, 424px\" \/>\t\t\t\t\t\t\t\t<\/a>\n\t\t\t\t\t\t\t\t\t\t\t<figcaption class=\"widget-image-caption wp-caption-text\">Photo : Romain Moncet, Vue de l'\u00e9v\u00e9nement \"Collection Croisi\u00e8re\" de Nouvelle Collection Paris, Mo.Co, Montepellier (2018)<\/figcaption>\n\t\t\t\t\t\t\t\t\t\t<\/figure>\n\t\t\t\t\t\t\t\t\t<\/div>\n\t\t\t\t<\/div>\n\t\t\t\t\t<\/div>\n\t\t\t\t<\/div>\n\t\t<div class=\"elementor-element elementor-element-437cff41 e-flex e-con-boxed e-con e-parent\" data-id=\"437cff41\" data-element_type=\"container\">\n\t\t\t\t\t<div class=\"e-con-inner\">\n\t\t<div class=\"elementor-element elementor-element-2e4b0ef9 e-con-full e-flex e-con e-child\" data-id=\"2e4b0ef9\" data-element_type=\"container\">\n\t\t\t\t<div class=\"elementor-element elementor-element-6bc8362e elementor-widget elementor-widget-image\" data-id=\"6bc8362e\" data-element_type=\"widget\" data-widget_type=\"image.default\">\n\t\t\t\t<div class=\"elementor-widget-container\">\n\t\t\t\t\t\t\t\t\t\t\t\t\t\t\t\t<a href=\"http:\/\/garancepouponjoyeux-alexandrearbouin.fr\/wp-content\/uploads\/2024\/03\/Web_FPs_2-1.jpg\" data-elementor-open-lightbox=\"yes\" data-elementor-lightbox-title=\"FPS\" data-elementor-lightbox-description=\"Vue de l&#039;\u00e9v\u00e9nement &quot;Collection Croisi\u00e8re&quot; de Nouvelle Collection Paris, Mo.Co, Montepellier (2018)\" data-e-action-hash=\"#elementor-action%3Aaction%3Dlightbox%26settings%3DeyJpZCI6NDc3LCJ1cmwiOiJodHRwczpcL1wvZ2FyYW5jZXBvdXBvbmpveWV1eC1hbGV4YW5kcmVhcmJvdWluLmZyXC93cC1jb250ZW50XC91cGxvYWRzXC8yMDI0XC8wM1wvV2ViX0ZQc18yLTEuanBnIn0%3D\">\n\t\t\t\t\t\t\t<img decoding=\"async\" width=\"150\" height=\"150\" src=\"https:\/\/garancepouponjoyeux-alexandrearbouin.fr\/wp-content\/uploads\/2024\/03\/Web_FPs_2-1-150x150.jpg\" class=\"attachment-thumbnail size-thumbnail wp-image-477\" alt=\"\" srcset=\"https:\/\/garancepouponjoyeux-alexandrearbouin.fr\/wp-content\/uploads\/2024\/03\/Web_FPs_2-1-150x150.jpg 150w, https:\/\/garancepouponjoyeux-alexandrearbouin.fr\/wp-content\/uploads\/2024\/03\/Web_FPs_2-1-300x300.jpg 300w, https:\/\/garancepouponjoyeux-alexandrearbouin.fr\/wp-content\/uploads\/2024\/03\/Web_FPs_2-1.jpg 530w\" sizes=\"(max-width: 150px) 100vw, 150px\" \/>\t\t\t\t\t\t\t\t<\/a>\n\t\t\t\t\t\t\t\t\t\t\t\t\t\t\t<\/div>\n\t\t\t\t<\/div>\n\t\t\t\t<\/div>\n\t\t<div class=\"elementor-element elementor-element-4cd7570c e-con-full e-flex e-con e-child\" data-id=\"4cd7570c\" data-element_type=\"container\">\n\t\t\t\t<\/div>\n\t\t\t\t\t<\/div>\n\t\t\t\t<\/div>\n\t\t<div class=\"elementor-element elementor-element-63445263 e-flex e-con-boxed e-con e-parent\" data-id=\"63445263\" data-element_type=\"container\">\n\t\t\t\t\t<div class=\"e-con-inner\">\n\t\t\t\t<div class=\"elementor-element elementor-element-463ca477 elementor-widget elementor-widget-heading\" data-id=\"463ca477\" data-element_type=\"widget\" data-widget_type=\"heading.default\">\n\t\t\t\t<div class=\"elementor-widget-container\">\n\t\t\t\t\t<h2 class=\"elementor-heading-title elementor-size-default\">FPS<\/h2>\t\t\t\t<\/div>\n\t\t\t\t<\/div>\n\t\t\t\t<div class=\"elementor-element elementor-element-36119e46 elementor-widget elementor-widget-text-editor\" data-id=\"36119e46\" data-element_type=\"widget\" data-widget_type=\"text-editor.default\">\n\t\t\t\t<div class=\"elementor-widget-container\">\n\t\t\t\t\t\t\t\t\t<p>2018<br \/>Latex, mousse expansive, mousse, legging, jouet<br \/>120 x 50 x 18 cm<\/p><p>&#8212;&#8212;&#8212;&#8212;&#8212;&#8212;&#8212;&#8211;<\/p>\t\t\t\t\t\t\t\t<\/div>\n\t\t\t\t<\/div>\n\t\t\t\t<div class=\"elementor-element elementor-element-5778a342 elementor-widget elementor-widget-text-editor\" data-id=\"5778a342\" data-element_type=\"widget\" data-widget_type=\"text-editor.default\">\n\t\t\t\t<div class=\"elementor-widget-container\">\n\t\t\t\t\t\t\t\t\t<p><em>FPS<\/em> se pr\u00e9sente sous la forme de bras additifs permettant d&#8217;avoir toujours une vision en FPS, First Personnal Shooter, tout en pouvant r\u00e9aliser d&#8217;autres t\u00e2ches. Ce projet reprend les codes du cosplay tout en s&#8217;inscrivant dans une dur\u00e9e potentiellement plus longue puisqu&#8217;il ne s&#8217;agit plus d&#8217;une tenue port\u00e9e pour un \u00e9v\u00e9nement en particulier, mais d&#8217;une v\u00e9ritable proth\u00e8se. En cela, il fait \u00e9cho, bien \u00e9videmment, aux recherches transhumanistes des GAFA et propose un point de vue diff\u00e9rent sur les exp\u00e9riences transhumanistes.<\/p>\t\t\t\t\t\t\t\t<\/div>\n\t\t\t\t<\/div>\n\t\t\t\t\t<\/div>\n\t\t\t\t<\/div>\n\t\t<div class=\"elementor-element elementor-element-682cc280 e-flex e-con-boxed e-con e-parent\" data-id=\"682cc280\" data-element_type=\"container\">\n\t\t\t\t\t<div class=\"e-con-inner\">\n\t\t\t\t\t<\/div>\n\t\t\t\t<\/div>\n\t\t\t\t<\/div>\n\t\t","protected":false},"excerpt":{"rendered":"<p>Photo : Romain Moncet, Vue de l&#8217;\u00e9v\u00e9nement &#8220;Collection Croisi\u00e8re&#8221; de Nouvelle Collection Paris, Mo.Co, Montepellier (2018) FPS 2018Latex, mousse expansive, mousse, legging, jouet120 x 50 x 18 cm &#8212;&#8212;&#8212;&#8212;&#8212;&#8212;&#8212;&#8211; FPS se pr\u00e9sente sous la forme de bras additifs permettant d&#8217;avoir toujours une vision en FPS, First Personnal Shooter, tout en pouvant r\u00e9aliser d&#8217;autres t\u00e2ches. Ce &hellip; <a href=\"https:\/\/garancepouponjoyeux-alexandrearbouin.fr\/index.php\/works\/fps\/\" class=\"more-link\">Continue reading <span class=\"screen-reader-text\">FPS<\/span><\/a><\/p>\n","protected":false},"author":1,"featured_media":0,"parent":7,"menu_order":0,"comment_status":"closed","ping_status":"closed","template":"","meta":{"footnotes":""},"class_list":["post-471","page","type-page","status-publish","hentry"],"yoast_head":"<!-- This site is optimized with the Yoast SEO plugin v24.4 - https:\/\/yoast.com\/wordpress\/plugins\/seo\/ -->\n<title>FPS - GPJ &amp; AA<\/title>\n<meta name=\"robots\" content=\"index, follow, max-snippet:-1, max-image-preview:large, max-video-preview:-1\" \/>\n<link rel=\"canonical\" href=\"http:\/\/garancepouponjoyeux-alexandrearbouin.fr\/index.php\/works\/fps\/\" \/>\n<meta property=\"og:locale\" content=\"en_US\" \/>\n<meta property=\"og:type\" content=\"article\" \/>\n<meta property=\"og:title\" content=\"FPS - GPJ &amp; AA\" \/>\n<meta property=\"og:description\" content=\"Photo : Romain Moncet, Vue de l&#8217;\u00e9v\u00e9nement &#8220;Collection Croisi\u00e8re&#8221; de Nouvelle Collection Paris, Mo.Co, Montepellier (2018) FPS 2018Latex, mousse expansive, mousse, legging, jouet120 x 50 x 18 cm &#8212;&#8212;&#8212;&#8212;&#8212;&#8212;&#8212;&#8211; FPS se pr\u00e9sente sous la forme de bras additifs permettant d&#8217;avoir toujours une vision en FPS, First Personnal Shooter, tout en pouvant r\u00e9aliser d&#8217;autres t\u00e2ches. Ce &hellip; Continue reading FPS\" \/>\n<meta property=\"og:url\" content=\"http:\/\/garancepouponjoyeux-alexandrearbouin.fr\/index.php\/works\/fps\/\" \/>\n<meta property=\"og:site_name\" content=\"GPJ &amp; AA\" \/>\n<meta property=\"article:modified_time\" content=\"2024-03-10T18:29:06+00:00\" \/>\n<meta property=\"og:image\" content=\"http:\/\/garancepouponjoyeux-alexandrearbouin.fr\/wp-content\/uploads\/2024\/03\/Web_FPS_1-1.jpg\" \/>\n<meta name=\"twitter:card\" content=\"summary_large_image\" \/>\n<meta name=\"twitter:label1\" content=\"Est. reading time\" \/>\n\t<meta name=\"twitter:data1\" content=\"1 minute\" \/>\n<script type=\"application\/ld+json\" class=\"yoast-schema-graph\">{\"@context\":\"https:\/\/schema.org\",\"@graph\":[{\"@type\":\"WebPage\",\"@id\":\"http:\/\/garancepouponjoyeux-alexandrearbouin.fr\/index.php\/works\/fps\/\",\"url\":\"http:\/\/garancepouponjoyeux-alexandrearbouin.fr\/index.php\/works\/fps\/\",\"name\":\"FPS - GPJ &amp; AA\",\"isPartOf\":{\"@id\":\"http:\/\/garancepouponjoyeux-alexandrearbouin.fr\/#website\"},\"primaryImageOfPage\":{\"@id\":\"http:\/\/garancepouponjoyeux-alexandrearbouin.fr\/index.php\/works\/fps\/#primaryimage\"},\"image\":{\"@id\":\"http:\/\/garancepouponjoyeux-alexandrearbouin.fr\/index.php\/works\/fps\/#primaryimage\"},\"thumbnailUrl\":\"http:\/\/garancepouponjoyeux-alexandrearbouin.fr\/wp-content\/uploads\/2024\/03\/Web_FPS_1-1.jpg\",\"datePublished\":\"2024-03-10T16:35:40+00:00\",\"dateModified\":\"2024-03-10T18:29:06+00:00\",\"breadcrumb\":{\"@id\":\"http:\/\/garancepouponjoyeux-alexandrearbouin.fr\/index.php\/works\/fps\/#breadcrumb\"},\"inLanguage\":\"en-US\",\"potentialAction\":[{\"@type\":\"ReadAction\",\"target\":[\"http:\/\/garancepouponjoyeux-alexandrearbouin.fr\/index.php\/works\/fps\/\"]}]},{\"@type\":\"ImageObject\",\"inLanguage\":\"en-US\",\"@id\":\"http:\/\/garancepouponjoyeux-alexandrearbouin.fr\/index.php\/works\/fps\/#primaryimage\",\"url\":\"http:\/\/garancepouponjoyeux-alexandrearbouin.fr\/wp-content\/uploads\/2024\/03\/Web_FPS_1-1.jpg\",\"contentUrl\":\"http:\/\/garancepouponjoyeux-alexandrearbouin.fr\/wp-content\/uploads\/2024\/03\/Web_FPS_1-1.jpg\"},{\"@type\":\"BreadcrumbList\",\"@id\":\"http:\/\/garancepouponjoyeux-alexandrearbouin.fr\/index.php\/works\/fps\/#breadcrumb\",\"itemListElement\":[{\"@type\":\"ListItem\",\"position\":1,\"name\":\"Accueil\",\"item\":\"http:\/\/garancepouponjoyeux-alexandrearbouin.fr\/\"},{\"@type\":\"ListItem\",\"position\":2,\"name\":\"Works\",\"item\":\"http:\/\/garancepouponjoyeux-alexandrearbouin.fr\/\"},{\"@type\":\"ListItem\",\"position\":3,\"name\":\"FPS\"}]},{\"@type\":\"WebSite\",\"@id\":\"http:\/\/garancepouponjoyeux-alexandrearbouin.fr\/#website\",\"url\":\"http:\/\/garancepouponjoyeux-alexandrearbouin.fr\/\",\"name\":\"GPJ &amp; AA\",\"description\":\"\",\"potentialAction\":[{\"@type\":\"SearchAction\",\"target\":{\"@type\":\"EntryPoint\",\"urlTemplate\":\"http:\/\/garancepouponjoyeux-alexandrearbouin.fr\/?s={search_term_string}\"},\"query-input\":{\"@type\":\"PropertyValueSpecification\",\"valueRequired\":true,\"valueName\":\"search_term_string\"}}],\"inLanguage\":\"en-US\"}]}<\/script>\n<!-- \/ Yoast SEO plugin. -->","yoast_head_json":{"title":"FPS - GPJ &amp; AA","robots":{"index":"index","follow":"follow","max-snippet":"max-snippet:-1","max-image-preview":"max-image-preview:large","max-video-preview":"max-video-preview:-1"},"canonical":"http:\/\/garancepouponjoyeux-alexandrearbouin.fr\/index.php\/works\/fps\/","og_locale":"en_US","og_type":"article","og_title":"FPS - GPJ &amp; AA","og_description":"Photo : Romain Moncet, Vue de l&#8217;\u00e9v\u00e9nement &#8220;Collection Croisi\u00e8re&#8221; de Nouvelle Collection Paris, Mo.Co, Montepellier (2018) FPS 2018Latex, mousse expansive, mousse, legging, jouet120 x 50 x 18 cm &#8212;&#8212;&#8212;&#8212;&#8212;&#8212;&#8212;&#8211; FPS se pr\u00e9sente sous la forme de bras additifs permettant d&#8217;avoir toujours une vision en FPS, First Personnal Shooter, tout en pouvant r\u00e9aliser d&#8217;autres t\u00e2ches. Ce &hellip; Continue reading FPS","og_url":"http:\/\/garancepouponjoyeux-alexandrearbouin.fr\/index.php\/works\/fps\/","og_site_name":"GPJ &amp; AA","article_modified_time":"2024-03-10T18:29:06+00:00","og_image":[{"url":"http:\/\/garancepouponjoyeux-alexandrearbouin.fr\/wp-content\/uploads\/2024\/03\/Web_FPS_1-1.jpg","type":"","width":"","height":""}],"twitter_card":"summary_large_image","twitter_misc":{"Est. reading time":"1 minute"},"schema":{"@context":"https:\/\/schema.org","@graph":[{"@type":"WebPage","@id":"http:\/\/garancepouponjoyeux-alexandrearbouin.fr\/index.php\/works\/fps\/","url":"http:\/\/garancepouponjoyeux-alexandrearbouin.fr\/index.php\/works\/fps\/","name":"FPS - GPJ &amp; AA","isPartOf":{"@id":"http:\/\/garancepouponjoyeux-alexandrearbouin.fr\/#website"},"primaryImageOfPage":{"@id":"http:\/\/garancepouponjoyeux-alexandrearbouin.fr\/index.php\/works\/fps\/#primaryimage"},"image":{"@id":"http:\/\/garancepouponjoyeux-alexandrearbouin.fr\/index.php\/works\/fps\/#primaryimage"},"thumbnailUrl":"http:\/\/garancepouponjoyeux-alexandrearbouin.fr\/wp-content\/uploads\/2024\/03\/Web_FPS_1-1.jpg","datePublished":"2024-03-10T16:35:40+00:00","dateModified":"2024-03-10T18:29:06+00:00","breadcrumb":{"@id":"http:\/\/garancepouponjoyeux-alexandrearbouin.fr\/index.php\/works\/fps\/#breadcrumb"},"inLanguage":"en-US","potentialAction":[{"@type":"ReadAction","target":["http:\/\/garancepouponjoyeux-alexandrearbouin.fr\/index.php\/works\/fps\/"]}]},{"@type":"ImageObject","inLanguage":"en-US","@id":"http:\/\/garancepouponjoyeux-alexandrearbouin.fr\/index.php\/works\/fps\/#primaryimage","url":"http:\/\/garancepouponjoyeux-alexandrearbouin.fr\/wp-content\/uploads\/2024\/03\/Web_FPS_1-1.jpg","contentUrl":"http:\/\/garancepouponjoyeux-alexandrearbouin.fr\/wp-content\/uploads\/2024\/03\/Web_FPS_1-1.jpg"},{"@type":"BreadcrumbList","@id":"http:\/\/garancepouponjoyeux-alexandrearbouin.fr\/index.php\/works\/fps\/#breadcrumb","itemListElement":[{"@type":"ListItem","position":1,"name":"Accueil","item":"http:\/\/garancepouponjoyeux-alexandrearbouin.fr\/"},{"@type":"ListItem","position":2,"name":"Works","item":"http:\/\/garancepouponjoyeux-alexandrearbouin.fr\/"},{"@type":"ListItem","position":3,"name":"FPS"}]},{"@type":"WebSite","@id":"http:\/\/garancepouponjoyeux-alexandrearbouin.fr\/#website","url":"http:\/\/garancepouponjoyeux-alexandrearbouin.fr\/","name":"GPJ &amp; AA","description":"","potentialAction":[{"@type":"SearchAction","target":{"@type":"EntryPoint","urlTemplate":"http:\/\/garancepouponjoyeux-alexandrearbouin.fr\/?s={search_term_string}"},"query-input":{"@type":"PropertyValueSpecification","valueRequired":true,"valueName":"search_term_string"}}],"inLanguage":"en-US"}]}},"_links":{"self":[{"href":"https:\/\/garancepouponjoyeux-alexandrearbouin.fr\/index.php\/wp-json\/wp\/v2\/pages\/471","targetHints":{"allow":["GET"]}}],"collection":[{"href":"https:\/\/garancepouponjoyeux-alexandrearbouin.fr\/index.php\/wp-json\/wp\/v2\/pages"}],"about":[{"href":"https:\/\/garancepouponjoyeux-alexandrearbouin.fr\/index.php\/wp-json\/wp\/v2\/types\/page"}],"author":[{"embeddable":true,"href":"https:\/\/garancepouponjoyeux-alexandrearbouin.fr\/index.php\/wp-json\/wp\/v2\/users\/1"}],"replies":[{"embeddable":true,"href":"https:\/\/garancepouponjoyeux-alexandrearbouin.fr\/index.php\/wp-json\/wp\/v2\/comments?post=471"}],"version-history":[{"count":11,"href":"https:\/\/garancepouponjoyeux-alexandrearbouin.fr\/index.php\/wp-json\/wp\/v2\/pages\/471\/revisions"}],"predecessor-version":[{"id":679,"href":"https:\/\/garancepouponjoyeux-alexandrearbouin.fr\/index.php\/wp-json\/wp\/v2\/pages\/471\/revisions\/679"}],"up":[{"embeddable":true,"href":"https:\/\/garancepouponjoyeux-alexandrearbouin.fr\/index.php\/wp-json\/wp\/v2\/pages\/7"}],"wp:attachment":[{"href":"https:\/\/garancepouponjoyeux-alexandrearbouin.fr\/index.php\/wp-json\/wp\/v2\/media?parent=471"}],"curies":[{"name":"wp","href":"https:\/\/api.w.org\/{rel}","templated":true}]}}