{"id":498,"date":"2024-03-10T17:49:47","date_gmt":"2024-03-10T16:49:47","guid":{"rendered":"http:\/\/garancepouponjoyeux-alexandrearbouin.fr\/?page_id=498"},"modified":"2024-03-10T19:30:21","modified_gmt":"2024-03-10T18:30:21","slug":"prix-fut-pris","status":"publish","type":"page","link":"https:\/\/garancepouponjoyeux-alexandrearbouin.fr\/index.php\/works\/prix-fut-pris\/","title":{"rendered":"Prix f\u00fbt pris"},"content":{"rendered":"\t\t<div data-elementor-type=\"wp-page\" data-elementor-id=\"498\" class=\"elementor elementor-498\">\n\t\t\t\t<div class=\"elementor-element elementor-element-ded565d e-flex e-con-boxed e-con e-parent\" data-id=\"ded565d\" data-element_type=\"container\">\n\t\t\t\t\t<div class=\"e-con-inner\">\n\t\t\t\t<div class=\"elementor-element elementor-element-8c4bab5 elementor-widget elementor-widget-image\" data-id=\"8c4bab5\" data-element_type=\"widget\" data-widget_type=\"image.default\">\n\t\t\t\t<div class=\"elementor-widget-container\">\n\t\t\t\t\t\t\t\t\t\t\t\t<figure class=\"wp-caption\">\n\t\t\t\t\t\t\t\t\t\t\t<a href=\"http:\/\/garancepouponjoyeux-alexandrearbouin.fr\/wp-content\/uploads\/2024\/03\/Prix-fut-pris-scaled.jpg\" data-elementor-open-lightbox=\"yes\" data-elementor-lightbox-title=\"Prix fut pris\" data-elementor-lightbox-description=\"Photo : Vue de l&#039;exposition des finalistes du Prix Paris 1 Panth\u00e9on-Sorbonne pour l&#039;art contemporain, Bastille Design Center, Paris (2018)\" data-e-action-hash=\"#elementor-action%3Aaction%3Dlightbox%26settings%3DeyJpZCI6NTAzLCJ1cmwiOiJodHRwczpcL1wvZ2FyYW5jZXBvdXBvbmpveWV1eC1hbGV4YW5kcmVhcmJvdWluLmZyXC93cC1jb250ZW50XC91cGxvYWRzXC8yMDI0XC8wM1wvUHJpeC1mdXQtcHJpcy1zY2FsZWQuanBnIn0%3D\">\n\t\t\t\t\t\t\t<img fetchpriority=\"high\" decoding=\"async\" width=\"2560\" height=\"1693\" src=\"https:\/\/garancepouponjoyeux-alexandrearbouin.fr\/wp-content\/uploads\/2024\/03\/Prix-fut-pris-scaled.jpg\" class=\"attachment-full size-full wp-image-503\" alt=\"\" srcset=\"https:\/\/garancepouponjoyeux-alexandrearbouin.fr\/wp-content\/uploads\/2024\/03\/Prix-fut-pris-scaled.jpg 2560w, https:\/\/garancepouponjoyeux-alexandrearbouin.fr\/wp-content\/uploads\/2024\/03\/Prix-fut-pris-300x198.jpg 300w, https:\/\/garancepouponjoyeux-alexandrearbouin.fr\/wp-content\/uploads\/2024\/03\/Prix-fut-pris-1024x677.jpg 1024w, https:\/\/garancepouponjoyeux-alexandrearbouin.fr\/wp-content\/uploads\/2024\/03\/Prix-fut-pris-768x508.jpg 768w, https:\/\/garancepouponjoyeux-alexandrearbouin.fr\/wp-content\/uploads\/2024\/03\/Prix-fut-pris-1536x1016.jpg 1536w, https:\/\/garancepouponjoyeux-alexandrearbouin.fr\/wp-content\/uploads\/2024\/03\/Prix-fut-pris-2048x1354.jpg 2048w\" sizes=\"(max-width: 2560px) 100vw, 2560px\" \/>\t\t\t\t\t\t\t\t<\/a>\n\t\t\t\t\t\t\t\t\t\t\t<figcaption class=\"widget-image-caption wp-caption-text\">Photo : Vue de l'exposition des finalistes du Prix Paris 1 Panth\u00e9on-Sorbonne pour l'art contemporain, Bastille Design Center, Paris (2018)<\/figcaption>\n\t\t\t\t\t\t\t\t\t\t<\/figure>\n\t\t\t\t\t\t\t\t\t<\/div>\n\t\t\t\t<\/div>\n\t\t\t\t\t<\/div>\n\t\t\t\t<\/div>\n\t\t<div class=\"elementor-element elementor-element-5ecac2c3 e-con-full e-flex e-con e-parent\" data-id=\"5ecac2c3\" data-element_type=\"container\">\n\t\t\t\t<div class=\"elementor-element elementor-element-677b6342 elementor-widget elementor-widget-heading\" data-id=\"677b6342\" data-element_type=\"widget\" data-widget_type=\"heading.default\">\n\t\t\t\t<div class=\"elementor-widget-container\">\n\t\t\t\t\t<h2 class=\"elementor-heading-title elementor-size-default\">Prix f\u00fbt pris<\/h2>\t\t\t\t<\/div>\n\t\t\t\t<\/div>\n\t\t\t\t<div class=\"elementor-element elementor-element-2ece7e9a elementor-widget elementor-widget-text-editor\" data-id=\"2ece7e9a\" data-element_type=\"widget\" data-widget_type=\"text-editor.default\">\n\t\t\t\t<div class=\"elementor-widget-container\">\n\t\t\t\t\t\t\t\t\t<p>2018<br \/>Aluminium, peinture<br \/>100 x 50 x 2 cm<\/p><p>&#8212;&#8212;&#8212;&#8212;&#8212;&#8212;&#8212;-<\/p>\t\t\t\t\t\t\t\t<\/div>\n\t\t\t\t<\/div>\n\t\t\t\t<div class=\"elementor-element elementor-element-2db95488 elementor-widget elementor-widget-text-editor\" data-id=\"2db95488\" data-element_type=\"widget\" data-widget_type=\"text-editor.default\">\n\t\t\t\t<div class=\"elementor-widget-container\">\n\t\t\t\t\t\t\t\t\t<p><em>Prix f\u00fbt pris<\/em> est un ch\u00e8que g\u00e9ant en aluminium \u00e0 notre ordre en attente de signature. Ce ch\u00e8que joue avec le terme de prix d&#8217;art contemporain, en combinant le prix des prim\u00e9s et le prix de vente ou d&#8217;achat. Il s&#8217;agit de proposer une \u0153uvre qui contienne en elle-m\u00eame son prix (dans ces deux acceptions du terme) et de jouer avec la signature : ici ce n&#8217;est plus la signature de l&#8217;artiste mais bien celle de l&#8217;acqu\u00e9reur qui marque la valeur de l&#8217;objet.<\/p>\t\t\t\t\t\t\t\t<\/div>\n\t\t\t\t<\/div>\n\t\t\t\t<\/div>\n\t\t<div class=\"elementor-element elementor-element-17027786 e-flex e-con-boxed e-con e-parent\" data-id=\"17027786\" data-element_type=\"container\">\n\t\t\t\t\t<div class=\"e-con-inner\">\n\t\t\t\t\t<\/div>\n\t\t\t\t<\/div>\n\t\t\t\t<\/div>\n\t\t","protected":false},"excerpt":{"rendered":"<p>Photo : Vue de l&#8217;exposition des finalistes du Prix Paris 1 Panth\u00e9on-Sorbonne pour l&#8217;art contemporain, Bastille Design Center, Paris (2018) Prix f\u00fbt pris 2018Aluminium, peinture100 x 50 x 2 cm &#8212;&#8212;&#8212;&#8212;&#8212;&#8212;&#8212;- Prix f\u00fbt pris est un ch\u00e8que g\u00e9ant en aluminium \u00e0 notre ordre en attente de signature. Ce ch\u00e8que joue avec le terme de prix &hellip; <a href=\"https:\/\/garancepouponjoyeux-alexandrearbouin.fr\/index.php\/works\/prix-fut-pris\/\" class=\"more-link\">Continue reading <span class=\"screen-reader-text\">Prix f\u00fbt pris<\/span><\/a><\/p>\n","protected":false},"author":1,"featured_media":0,"parent":7,"menu_order":0,"comment_status":"closed","ping_status":"closed","template":"","meta":{"footnotes":""},"class_list":["post-498","page","type-page","status-publish","hentry"],"yoast_head":"<!-- This site is optimized with the Yoast SEO plugin v24.4 - https:\/\/yoast.com\/wordpress\/plugins\/seo\/ -->\n<title>Prix f\u00fbt pris - GPJ &amp; AA<\/title>\n<meta name=\"robots\" content=\"index, follow, max-snippet:-1, max-image-preview:large, max-video-preview:-1\" \/>\n<link rel=\"canonical\" href=\"http:\/\/garancepouponjoyeux-alexandrearbouin.fr\/index.php\/works\/prix-fut-pris\/\" \/>\n<meta property=\"og:locale\" content=\"en_US\" \/>\n<meta property=\"og:type\" content=\"article\" \/>\n<meta property=\"og:title\" content=\"Prix f\u00fbt pris - GPJ &amp; AA\" \/>\n<meta property=\"og:description\" content=\"Photo : Vue de l&#8217;exposition des finalistes du Prix Paris 1 Panth\u00e9on-Sorbonne pour l&#8217;art contemporain, Bastille Design Center, Paris (2018) Prix f\u00fbt pris 2018Aluminium, peinture100 x 50 x 2 cm &#8212;&#8212;&#8212;&#8212;&#8212;&#8212;&#8212;- Prix f\u00fbt pris est un ch\u00e8que g\u00e9ant en aluminium \u00e0 notre ordre en attente de signature. Ce ch\u00e8que joue avec le terme de prix &hellip; Continue reading Prix f\u00fbt pris\" \/>\n<meta property=\"og:url\" content=\"http:\/\/garancepouponjoyeux-alexandrearbouin.fr\/index.php\/works\/prix-fut-pris\/\" \/>\n<meta property=\"og:site_name\" content=\"GPJ &amp; AA\" \/>\n<meta property=\"article:modified_time\" content=\"2024-03-10T18:30:21+00:00\" \/>\n<meta property=\"og:image\" content=\"http:\/\/garancepouponjoyeux-alexandrearbouin.fr\/wp-content\/uploads\/2024\/03\/Prix-fut-pris-scaled.jpg\" \/>\n<meta name=\"twitter:card\" content=\"summary_large_image\" \/>\n<meta name=\"twitter:label1\" content=\"Est. reading time\" \/>\n\t<meta name=\"twitter:data1\" content=\"1 minute\" \/>\n<script type=\"application\/ld+json\" class=\"yoast-schema-graph\">{\"@context\":\"https:\/\/schema.org\",\"@graph\":[{\"@type\":\"WebPage\",\"@id\":\"http:\/\/garancepouponjoyeux-alexandrearbouin.fr\/index.php\/works\/prix-fut-pris\/\",\"url\":\"http:\/\/garancepouponjoyeux-alexandrearbouin.fr\/index.php\/works\/prix-fut-pris\/\",\"name\":\"Prix f\u00fbt pris - GPJ &amp; AA\",\"isPartOf\":{\"@id\":\"http:\/\/garancepouponjoyeux-alexandrearbouin.fr\/#website\"},\"primaryImageOfPage\":{\"@id\":\"http:\/\/garancepouponjoyeux-alexandrearbouin.fr\/index.php\/works\/prix-fut-pris\/#primaryimage\"},\"image\":{\"@id\":\"http:\/\/garancepouponjoyeux-alexandrearbouin.fr\/index.php\/works\/prix-fut-pris\/#primaryimage\"},\"thumbnailUrl\":\"http:\/\/garancepouponjoyeux-alexandrearbouin.fr\/wp-content\/uploads\/2024\/03\/Prix-fut-pris-scaled.jpg\",\"datePublished\":\"2024-03-10T16:49:47+00:00\",\"dateModified\":\"2024-03-10T18:30:21+00:00\",\"breadcrumb\":{\"@id\":\"http:\/\/garancepouponjoyeux-alexandrearbouin.fr\/index.php\/works\/prix-fut-pris\/#breadcrumb\"},\"inLanguage\":\"en-US\",\"potentialAction\":[{\"@type\":\"ReadAction\",\"target\":[\"http:\/\/garancepouponjoyeux-alexandrearbouin.fr\/index.php\/works\/prix-fut-pris\/\"]}]},{\"@type\":\"ImageObject\",\"inLanguage\":\"en-US\",\"@id\":\"http:\/\/garancepouponjoyeux-alexandrearbouin.fr\/index.php\/works\/prix-fut-pris\/#primaryimage\",\"url\":\"http:\/\/garancepouponjoyeux-alexandrearbouin.fr\/wp-content\/uploads\/2024\/03\/Prix-fut-pris-scaled.jpg\",\"contentUrl\":\"http:\/\/garancepouponjoyeux-alexandrearbouin.fr\/wp-content\/uploads\/2024\/03\/Prix-fut-pris-scaled.jpg\"},{\"@type\":\"BreadcrumbList\",\"@id\":\"http:\/\/garancepouponjoyeux-alexandrearbouin.fr\/index.php\/works\/prix-fut-pris\/#breadcrumb\",\"itemListElement\":[{\"@type\":\"ListItem\",\"position\":1,\"name\":\"Accueil\",\"item\":\"http:\/\/garancepouponjoyeux-alexandrearbouin.fr\/\"},{\"@type\":\"ListItem\",\"position\":2,\"name\":\"Works\",\"item\":\"http:\/\/garancepouponjoyeux-alexandrearbouin.fr\/\"},{\"@type\":\"ListItem\",\"position\":3,\"name\":\"Prix f\u00fbt pris\"}]},{\"@type\":\"WebSite\",\"@id\":\"http:\/\/garancepouponjoyeux-alexandrearbouin.fr\/#website\",\"url\":\"http:\/\/garancepouponjoyeux-alexandrearbouin.fr\/\",\"name\":\"GPJ &amp; AA\",\"description\":\"\",\"potentialAction\":[{\"@type\":\"SearchAction\",\"target\":{\"@type\":\"EntryPoint\",\"urlTemplate\":\"http:\/\/garancepouponjoyeux-alexandrearbouin.fr\/?s={search_term_string}\"},\"query-input\":{\"@type\":\"PropertyValueSpecification\",\"valueRequired\":true,\"valueName\":\"search_term_string\"}}],\"inLanguage\":\"en-US\"}]}<\/script>\n<!-- \/ Yoast SEO plugin. -->","yoast_head_json":{"title":"Prix f\u00fbt pris - GPJ &amp; AA","robots":{"index":"index","follow":"follow","max-snippet":"max-snippet:-1","max-image-preview":"max-image-preview:large","max-video-preview":"max-video-preview:-1"},"canonical":"http:\/\/garancepouponjoyeux-alexandrearbouin.fr\/index.php\/works\/prix-fut-pris\/","og_locale":"en_US","og_type":"article","og_title":"Prix f\u00fbt pris - GPJ &amp; AA","og_description":"Photo : Vue de l&#8217;exposition des finalistes du Prix Paris 1 Panth\u00e9on-Sorbonne pour l&#8217;art contemporain, Bastille Design Center, Paris (2018) Prix f\u00fbt pris 2018Aluminium, peinture100 x 50 x 2 cm &#8212;&#8212;&#8212;&#8212;&#8212;&#8212;&#8212;- Prix f\u00fbt pris est un ch\u00e8que g\u00e9ant en aluminium \u00e0 notre ordre en attente de signature. Ce ch\u00e8que joue avec le terme de prix &hellip; Continue reading Prix f\u00fbt pris","og_url":"http:\/\/garancepouponjoyeux-alexandrearbouin.fr\/index.php\/works\/prix-fut-pris\/","og_site_name":"GPJ &amp; AA","article_modified_time":"2024-03-10T18:30:21+00:00","og_image":[{"url":"http:\/\/garancepouponjoyeux-alexandrearbouin.fr\/wp-content\/uploads\/2024\/03\/Prix-fut-pris-scaled.jpg","type":"","width":"","height":""}],"twitter_card":"summary_large_image","twitter_misc":{"Est. reading time":"1 minute"},"schema":{"@context":"https:\/\/schema.org","@graph":[{"@type":"WebPage","@id":"http:\/\/garancepouponjoyeux-alexandrearbouin.fr\/index.php\/works\/prix-fut-pris\/","url":"http:\/\/garancepouponjoyeux-alexandrearbouin.fr\/index.php\/works\/prix-fut-pris\/","name":"Prix f\u00fbt pris - GPJ &amp; AA","isPartOf":{"@id":"http:\/\/garancepouponjoyeux-alexandrearbouin.fr\/#website"},"primaryImageOfPage":{"@id":"http:\/\/garancepouponjoyeux-alexandrearbouin.fr\/index.php\/works\/prix-fut-pris\/#primaryimage"},"image":{"@id":"http:\/\/garancepouponjoyeux-alexandrearbouin.fr\/index.php\/works\/prix-fut-pris\/#primaryimage"},"thumbnailUrl":"http:\/\/garancepouponjoyeux-alexandrearbouin.fr\/wp-content\/uploads\/2024\/03\/Prix-fut-pris-scaled.jpg","datePublished":"2024-03-10T16:49:47+00:00","dateModified":"2024-03-10T18:30:21+00:00","breadcrumb":{"@id":"http:\/\/garancepouponjoyeux-alexandrearbouin.fr\/index.php\/works\/prix-fut-pris\/#breadcrumb"},"inLanguage":"en-US","potentialAction":[{"@type":"ReadAction","target":["http:\/\/garancepouponjoyeux-alexandrearbouin.fr\/index.php\/works\/prix-fut-pris\/"]}]},{"@type":"ImageObject","inLanguage":"en-US","@id":"http:\/\/garancepouponjoyeux-alexandrearbouin.fr\/index.php\/works\/prix-fut-pris\/#primaryimage","url":"http:\/\/garancepouponjoyeux-alexandrearbouin.fr\/wp-content\/uploads\/2024\/03\/Prix-fut-pris-scaled.jpg","contentUrl":"http:\/\/garancepouponjoyeux-alexandrearbouin.fr\/wp-content\/uploads\/2024\/03\/Prix-fut-pris-scaled.jpg"},{"@type":"BreadcrumbList","@id":"http:\/\/garancepouponjoyeux-alexandrearbouin.fr\/index.php\/works\/prix-fut-pris\/#breadcrumb","itemListElement":[{"@type":"ListItem","position":1,"name":"Accueil","item":"http:\/\/garancepouponjoyeux-alexandrearbouin.fr\/"},{"@type":"ListItem","position":2,"name":"Works","item":"http:\/\/garancepouponjoyeux-alexandrearbouin.fr\/"},{"@type":"ListItem","position":3,"name":"Prix f\u00fbt pris"}]},{"@type":"WebSite","@id":"http:\/\/garancepouponjoyeux-alexandrearbouin.fr\/#website","url":"http:\/\/garancepouponjoyeux-alexandrearbouin.fr\/","name":"GPJ &amp; AA","description":"","potentialAction":[{"@type":"SearchAction","target":{"@type":"EntryPoint","urlTemplate":"http:\/\/garancepouponjoyeux-alexandrearbouin.fr\/?s={search_term_string}"},"query-input":{"@type":"PropertyValueSpecification","valueRequired":true,"valueName":"search_term_string"}}],"inLanguage":"en-US"}]}},"_links":{"self":[{"href":"https:\/\/garancepouponjoyeux-alexandrearbouin.fr\/index.php\/wp-json\/wp\/v2\/pages\/498","targetHints":{"allow":["GET"]}}],"collection":[{"href":"https:\/\/garancepouponjoyeux-alexandrearbouin.fr\/index.php\/wp-json\/wp\/v2\/pages"}],"about":[{"href":"https:\/\/garancepouponjoyeux-alexandrearbouin.fr\/index.php\/wp-json\/wp\/v2\/types\/page"}],"author":[{"embeddable":true,"href":"https:\/\/garancepouponjoyeux-alexandrearbouin.fr\/index.php\/wp-json\/wp\/v2\/users\/1"}],"replies":[{"embeddable":true,"href":"https:\/\/garancepouponjoyeux-alexandrearbouin.fr\/index.php\/wp-json\/wp\/v2\/comments?post=498"}],"version-history":[{"count":11,"href":"https:\/\/garancepouponjoyeux-alexandrearbouin.fr\/index.php\/wp-json\/wp\/v2\/pages\/498\/revisions"}],"predecessor-version":[{"id":685,"href":"https:\/\/garancepouponjoyeux-alexandrearbouin.fr\/index.php\/wp-json\/wp\/v2\/pages\/498\/revisions\/685"}],"up":[{"embeddable":true,"href":"https:\/\/garancepouponjoyeux-alexandrearbouin.fr\/index.php\/wp-json\/wp\/v2\/pages\/7"}],"wp:attachment":[{"href":"https:\/\/garancepouponjoyeux-alexandrearbouin.fr\/index.php\/wp-json\/wp\/v2\/media?parent=498"}],"curies":[{"name":"wp","href":"https:\/\/api.w.org\/{rel}","templated":true}]}}