{"id":557,"date":"2024-03-10T18:40:49","date_gmt":"2024-03-10T17:40:49","guid":{"rendered":"http:\/\/garancepouponjoyeux-alexandrearbouin.fr\/?page_id=557"},"modified":"2024-03-10T18:41:44","modified_gmt":"2024-03-10T17:41:44","slug":"on-air","status":"publish","type":"page","link":"https:\/\/garancepouponjoyeux-alexandrearbouin.fr\/index.php\/works\/on-air\/","title":{"rendered":"On Air"},"content":{"rendered":"\t\t<div data-elementor-type=\"wp-page\" data-elementor-id=\"557\" class=\"elementor elementor-557\">\n\t\t\t\t<div class=\"elementor-element elementor-element-37392add e-flex e-con-boxed e-con e-parent\" data-id=\"37392add\" data-element_type=\"container\">\n\t\t\t\t\t<div class=\"e-con-inner\">\n\t\t\t\t<div class=\"elementor-element elementor-element-c809b2b elementor-widget elementor-widget-video\" data-id=\"c809b2b\" data-element_type=\"widget\" data-settings=\"{&quot;youtube_url&quot;:&quot;https:\\\/\\\/youtu.be\\\/vWllPsPC_OE?si=Iu7lwJAGSS1DI9qH&quot;,&quot;video_type&quot;:&quot;youtube&quot;,&quot;controls&quot;:&quot;yes&quot;}\" data-widget_type=\"video.default\">\n\t\t\t\t<div class=\"elementor-widget-container\">\n\t\t\t\t\t\t\t<div class=\"elementor-wrapper elementor-open-inline\">\n\t\t\t<div class=\"elementor-video\"><\/div>\t\t<\/div>\n\t\t\t\t\t\t<\/div>\n\t\t\t\t<\/div>\n\t\t\t\t\t<\/div>\n\t\t\t\t<\/div>\n\t\t<div class=\"elementor-element elementor-element-75811e80 e-flex e-con-boxed e-con e-parent\" data-id=\"75811e80\" data-element_type=\"container\">\n\t\t\t\t\t<div class=\"e-con-inner\">\n\t\t\t\t<div class=\"elementor-element elementor-element-36d001a7 elementor-widget elementor-widget-heading\" data-id=\"36d001a7\" data-element_type=\"widget\" data-widget_type=\"heading.default\">\n\t\t\t\t<div class=\"elementor-widget-container\">\n\t\t\t\t\t<h2 class=\"elementor-heading-title elementor-size-default\">On Air<\/h2>\t\t\t\t<\/div>\n\t\t\t\t<\/div>\n\t\t\t\t<div class=\"elementor-element elementor-element-7e8fb53 elementor-widget elementor-widget-text-editor\" data-id=\"7e8fb53\" data-element_type=\"widget\" data-widget_type=\"text-editor.default\">\n\t\t\t\t<div class=\"elementor-widget-container\">\n\t\t\t\t\t\t\t\t\t<p>13 d\u00e9cembre 2016<br \/>Happening<br \/>Exposition \u00ab LOW COST \u00bb, La Petite Galerie, Rouen<\/p><p>&#8212;&#8212;&#8212;&#8212;&#8212;&#8212;&#8212;&#8212;&#8212;&#8212;&#8212;&#8212;&#8212;&#8212;&#8212;&#8212;&#8212;&#8212;&#8212;&#8212;&#8212;&#8212;&#8212;&#8211;<\/p>\t\t\t\t\t\t\t\t<\/div>\n\t\t\t\t<\/div>\n\t\t\t\t<div class=\"elementor-element elementor-element-197764bb elementor-widget elementor-widget-text-editor\" data-id=\"197764bb\" data-element_type=\"widget\" data-widget_type=\"text-editor.default\">\n\t\t\t\t<div class=\"elementor-widget-container\">\n\t\t\t\t\t\t\t\t\t<p><em>On Air<\/em> est une performance pendant laquelle nous donnons un concert de morceaux c\u00e9l\u00e8bres de mani\u00e8re mim\u00e9e, \u00e0 l&#8217;instar du \u00ab air guitar \u00bb, par exemple, (mais adapt\u00e9 ici \u00e0 tous les instruments). Seul l&#8217;ordinateur est le v\u00e9ritable interpr\u00e8te qui joue en direct les partitions. Les sons MIDI \u00e9mis d\u00e9naturent les morceaux et s&#8217;apparentent aux sons de karaok\u00e9. Nous avons affaire ici \u00e0 un concert volontairement de mauvaise qualit\u00e9. Nous jouons sur nos claviers et batteries \u00e9lectriques pour enfant, pas toujours branch\u00e9s, comme si leur action avait un r\u00e9el impact sur les sons produits. Mais notre manque de virtuosit\u00e9 tr\u00e8s marqu\u00e9 r\u00e9v\u00e8le en m\u00eame temps au public notre inaptitude. Le titre \u00ab On Air \u00bb, litt\u00e9ralement \u00ab sur un air \u00bb, renvoie aux reprises plus ou moins fid\u00e8les, qui ne sont plus que de simples airs, de simples m\u00e9lodies. Il fait \u00e9galement \u00e9cho \u00e0 notre jeu effectu\u00e9 sur un air produit par l&#8217;ordinateur. Enfin, il se r\u00e9f\u00e8re paradoxalement aux studios d&#8217;enregistrements o\u00f9 le boitier \u00ab on air \u00bb s&#8217;illumine lorsque l&#8217;enregistrement d\u00e9marre.<\/p>\t\t\t\t\t\t\t\t<\/div>\n\t\t\t\t<\/div>\n\t\t\t\t\t<\/div>\n\t\t\t\t<\/div>\n\t\t<div class=\"elementor-element elementor-element-331f37a1 e-flex e-con-boxed e-con e-parent\" data-id=\"331f37a1\" data-element_type=\"container\">\n\t\t\t\t\t<div class=\"e-con-inner\">\n\t\t\t\t\t<\/div>\n\t\t\t\t<\/div>\n\t\t\t\t<\/div>\n\t\t","protected":false},"excerpt":{"rendered":"<p>On Air 13 d\u00e9cembre 2016HappeningExposition \u00ab LOW COST \u00bb, La Petite Galerie, Rouen &#8212;&#8212;&#8212;&#8212;&#8212;&#8212;&#8212;&#8212;&#8212;&#8212;&#8212;&#8212;&#8212;&#8212;&#8212;&#8212;&#8212;&#8212;&#8212;&#8212;&#8212;&#8212;&#8212;&#8211; On Air est une performance pendant laquelle nous donnons un concert de morceaux c\u00e9l\u00e8bres de mani\u00e8re mim\u00e9e, \u00e0 l&#8217;instar du \u00ab air guitar \u00bb, par exemple, (mais adapt\u00e9 ici \u00e0 tous les instruments). Seul l&#8217;ordinateur est le v\u00e9ritable interpr\u00e8te qui joue &hellip; <a href=\"https:\/\/garancepouponjoyeux-alexandrearbouin.fr\/index.php\/works\/on-air\/\" class=\"more-link\">Continue reading <span class=\"screen-reader-text\">On Air<\/span><\/a><\/p>\n","protected":false},"author":1,"featured_media":0,"parent":7,"menu_order":0,"comment_status":"closed","ping_status":"closed","template":"","meta":{"footnotes":""},"class_list":["post-557","page","type-page","status-publish","hentry"],"yoast_head":"<!-- This site is optimized with the Yoast SEO plugin v24.4 - https:\/\/yoast.com\/wordpress\/plugins\/seo\/ -->\n<title>On Air - GPJ &amp; AA<\/title>\n<meta name=\"robots\" content=\"index, follow, max-snippet:-1, max-image-preview:large, max-video-preview:-1\" \/>\n<link rel=\"canonical\" href=\"https:\/\/garancepouponjoyeux-alexandrearbouin.fr\/index.php\/works\/on-air\/\" \/>\n<meta property=\"og:locale\" content=\"en_US\" \/>\n<meta property=\"og:type\" content=\"article\" \/>\n<meta property=\"og:title\" content=\"On Air - GPJ &amp; AA\" \/>\n<meta property=\"og:description\" content=\"On Air 13 d\u00e9cembre 2016HappeningExposition \u00ab LOW COST \u00bb, La Petite Galerie, Rouen &#8212;&#8212;&#8212;&#8212;&#8212;&#8212;&#8212;&#8212;&#8212;&#8212;&#8212;&#8212;&#8212;&#8212;&#8212;&#8212;&#8212;&#8212;&#8212;&#8212;&#8212;&#8212;&#8212;&#8211; On Air est une performance pendant laquelle nous donnons un concert de morceaux c\u00e9l\u00e8bres de mani\u00e8re mim\u00e9e, \u00e0 l&#8217;instar du \u00ab air guitar \u00bb, par exemple, (mais adapt\u00e9 ici \u00e0 tous les instruments). Seul l&#8217;ordinateur est le v\u00e9ritable interpr\u00e8te qui joue &hellip; Continue reading On Air\" \/>\n<meta property=\"og:url\" content=\"https:\/\/garancepouponjoyeux-alexandrearbouin.fr\/index.php\/works\/on-air\/\" \/>\n<meta property=\"og:site_name\" content=\"GPJ &amp; AA\" \/>\n<meta property=\"article:modified_time\" content=\"2024-03-10T17:41:44+00:00\" \/>\n<meta name=\"twitter:card\" content=\"summary_large_image\" \/>\n<meta name=\"twitter:label1\" content=\"Est. reading time\" \/>\n\t<meta name=\"twitter:data1\" content=\"1 minute\" \/>\n<script type=\"application\/ld+json\" class=\"yoast-schema-graph\">{\"@context\":\"https:\/\/schema.org\",\"@graph\":[{\"@type\":\"WebPage\",\"@id\":\"https:\/\/garancepouponjoyeux-alexandrearbouin.fr\/index.php\/works\/on-air\/\",\"url\":\"https:\/\/garancepouponjoyeux-alexandrearbouin.fr\/index.php\/works\/on-air\/\",\"name\":\"On Air - GPJ &amp; AA\",\"isPartOf\":{\"@id\":\"http:\/\/garancepouponjoyeux-alexandrearbouin.fr\/#website\"},\"datePublished\":\"2024-03-10T17:40:49+00:00\",\"dateModified\":\"2024-03-10T17:41:44+00:00\",\"breadcrumb\":{\"@id\":\"https:\/\/garancepouponjoyeux-alexandrearbouin.fr\/index.php\/works\/on-air\/#breadcrumb\"},\"inLanguage\":\"en-US\",\"potentialAction\":[{\"@type\":\"ReadAction\",\"target\":[\"https:\/\/garancepouponjoyeux-alexandrearbouin.fr\/index.php\/works\/on-air\/\"]}]},{\"@type\":\"BreadcrumbList\",\"@id\":\"https:\/\/garancepouponjoyeux-alexandrearbouin.fr\/index.php\/works\/on-air\/#breadcrumb\",\"itemListElement\":[{\"@type\":\"ListItem\",\"position\":1,\"name\":\"Accueil\",\"item\":\"http:\/\/garancepouponjoyeux-alexandrearbouin.fr\/\"},{\"@type\":\"ListItem\",\"position\":2,\"name\":\"Works\",\"item\":\"http:\/\/garancepouponjoyeux-alexandrearbouin.fr\/\"},{\"@type\":\"ListItem\",\"position\":3,\"name\":\"On Air\"}]},{\"@type\":\"WebSite\",\"@id\":\"http:\/\/garancepouponjoyeux-alexandrearbouin.fr\/#website\",\"url\":\"http:\/\/garancepouponjoyeux-alexandrearbouin.fr\/\",\"name\":\"GPJ &amp; AA\",\"description\":\"\",\"potentialAction\":[{\"@type\":\"SearchAction\",\"target\":{\"@type\":\"EntryPoint\",\"urlTemplate\":\"http:\/\/garancepouponjoyeux-alexandrearbouin.fr\/?s={search_term_string}\"},\"query-input\":{\"@type\":\"PropertyValueSpecification\",\"valueRequired\":true,\"valueName\":\"search_term_string\"}}],\"inLanguage\":\"en-US\"}]}<\/script>\n<!-- \/ Yoast SEO plugin. -->","yoast_head_json":{"title":"On Air - GPJ &amp; AA","robots":{"index":"index","follow":"follow","max-snippet":"max-snippet:-1","max-image-preview":"max-image-preview:large","max-video-preview":"max-video-preview:-1"},"canonical":"https:\/\/garancepouponjoyeux-alexandrearbouin.fr\/index.php\/works\/on-air\/","og_locale":"en_US","og_type":"article","og_title":"On Air - GPJ &amp; AA","og_description":"On Air 13 d\u00e9cembre 2016HappeningExposition \u00ab LOW COST \u00bb, La Petite Galerie, Rouen &#8212;&#8212;&#8212;&#8212;&#8212;&#8212;&#8212;&#8212;&#8212;&#8212;&#8212;&#8212;&#8212;&#8212;&#8212;&#8212;&#8212;&#8212;&#8212;&#8212;&#8212;&#8212;&#8212;&#8211; On Air est une performance pendant laquelle nous donnons un concert de morceaux c\u00e9l\u00e8bres de mani\u00e8re mim\u00e9e, \u00e0 l&#8217;instar du \u00ab air guitar \u00bb, par exemple, (mais adapt\u00e9 ici \u00e0 tous les instruments). Seul l&#8217;ordinateur est le v\u00e9ritable interpr\u00e8te qui joue &hellip; Continue reading On Air","og_url":"https:\/\/garancepouponjoyeux-alexandrearbouin.fr\/index.php\/works\/on-air\/","og_site_name":"GPJ &amp; AA","article_modified_time":"2024-03-10T17:41:44+00:00","twitter_card":"summary_large_image","twitter_misc":{"Est. reading time":"1 minute"},"schema":{"@context":"https:\/\/schema.org","@graph":[{"@type":"WebPage","@id":"https:\/\/garancepouponjoyeux-alexandrearbouin.fr\/index.php\/works\/on-air\/","url":"https:\/\/garancepouponjoyeux-alexandrearbouin.fr\/index.php\/works\/on-air\/","name":"On Air - GPJ &amp; AA","isPartOf":{"@id":"http:\/\/garancepouponjoyeux-alexandrearbouin.fr\/#website"},"datePublished":"2024-03-10T17:40:49+00:00","dateModified":"2024-03-10T17:41:44+00:00","breadcrumb":{"@id":"https:\/\/garancepouponjoyeux-alexandrearbouin.fr\/index.php\/works\/on-air\/#breadcrumb"},"inLanguage":"en-US","potentialAction":[{"@type":"ReadAction","target":["https:\/\/garancepouponjoyeux-alexandrearbouin.fr\/index.php\/works\/on-air\/"]}]},{"@type":"BreadcrumbList","@id":"https:\/\/garancepouponjoyeux-alexandrearbouin.fr\/index.php\/works\/on-air\/#breadcrumb","itemListElement":[{"@type":"ListItem","position":1,"name":"Accueil","item":"http:\/\/garancepouponjoyeux-alexandrearbouin.fr\/"},{"@type":"ListItem","position":2,"name":"Works","item":"http:\/\/garancepouponjoyeux-alexandrearbouin.fr\/"},{"@type":"ListItem","position":3,"name":"On Air"}]},{"@type":"WebSite","@id":"http:\/\/garancepouponjoyeux-alexandrearbouin.fr\/#website","url":"http:\/\/garancepouponjoyeux-alexandrearbouin.fr\/","name":"GPJ &amp; AA","description":"","potentialAction":[{"@type":"SearchAction","target":{"@type":"EntryPoint","urlTemplate":"http:\/\/garancepouponjoyeux-alexandrearbouin.fr\/?s={search_term_string}"},"query-input":{"@type":"PropertyValueSpecification","valueRequired":true,"valueName":"search_term_string"}}],"inLanguage":"en-US"}]}},"_links":{"self":[{"href":"https:\/\/garancepouponjoyeux-alexandrearbouin.fr\/index.php\/wp-json\/wp\/v2\/pages\/557","targetHints":{"allow":["GET"]}}],"collection":[{"href":"https:\/\/garancepouponjoyeux-alexandrearbouin.fr\/index.php\/wp-json\/wp\/v2\/pages"}],"about":[{"href":"https:\/\/garancepouponjoyeux-alexandrearbouin.fr\/index.php\/wp-json\/wp\/v2\/types\/page"}],"author":[{"embeddable":true,"href":"https:\/\/garancepouponjoyeux-alexandrearbouin.fr\/index.php\/wp-json\/wp\/v2\/users\/1"}],"replies":[{"embeddable":true,"href":"https:\/\/garancepouponjoyeux-alexandrearbouin.fr\/index.php\/wp-json\/wp\/v2\/comments?post=557"}],"version-history":[{"count":8,"href":"https:\/\/garancepouponjoyeux-alexandrearbouin.fr\/index.php\/wp-json\/wp\/v2\/pages\/557\/revisions"}],"predecessor-version":[{"id":567,"href":"https:\/\/garancepouponjoyeux-alexandrearbouin.fr\/index.php\/wp-json\/wp\/v2\/pages\/557\/revisions\/567"}],"up":[{"embeddable":true,"href":"https:\/\/garancepouponjoyeux-alexandrearbouin.fr\/index.php\/wp-json\/wp\/v2\/pages\/7"}],"wp:attachment":[{"href":"https:\/\/garancepouponjoyeux-alexandrearbouin.fr\/index.php\/wp-json\/wp\/v2\/media?parent=557"}],"curies":[{"name":"wp","href":"https:\/\/api.w.org\/{rel}","templated":true}]}}