{"id":568,"date":"2024-03-10T18:48:05","date_gmt":"2024-03-10T17:48:05","guid":{"rendered":"http:\/\/garancepouponjoyeux-alexandrearbouin.fr\/?page_id=568"},"modified":"2024-03-10T19:33:33","modified_gmt":"2024-03-10T18:33:33","slug":"rf-218","status":"publish","type":"page","link":"https:\/\/garancepouponjoyeux-alexandrearbouin.fr\/index.php\/works\/rf-218\/","title":{"rendered":"RF 218"},"content":{"rendered":"\t\t<div data-elementor-type=\"wp-page\" data-elementor-id=\"568\" class=\"elementor elementor-568\">\n\t\t\t\t<div class=\"elementor-element elementor-element-31e1b75d e-flex e-con-boxed e-con e-parent\" data-id=\"31e1b75d\" data-element_type=\"container\">\n\t\t\t\t\t<div class=\"e-con-inner\">\n\t\t\t\t<div class=\"elementor-element elementor-element-dae1cd3 elementor-widget elementor-widget-image\" data-id=\"dae1cd3\" data-element_type=\"widget\" data-widget_type=\"image.default\">\n\t\t\t\t<div class=\"elementor-widget-container\">\n\t\t\t\t\t\t\t\t\t\t\t\t<figure class=\"wp-caption\">\n\t\t\t\t\t\t\t\t\t\t\t<a href=\"http:\/\/garancepouponjoyeux-alexandrearbouin.fr\/wp-content\/uploads\/2024\/03\/Web_RF218_1.jpg\" data-elementor-open-lightbox=\"yes\" data-elementor-lightbox-title=\"RF 218\" data-elementor-lightbox-description=\"Photos : Garance Poupon-Joyeux &amp; Alexandre Arbouin \/ Vue de l&#039;exposition &quot;FLAC&quot;, Le Hall, Darn\u00e9tal\" data-e-action-hash=\"#elementor-action%3Aaction%3Dlightbox%26settings%3DeyJpZCI6MTI0LCJ1cmwiOiJodHRwczpcL1wvZ2FyYW5jZXBvdXBvbmpveWV1eC1hbGV4YW5kcmVhcmJvdWluLmZyXC93cC1jb250ZW50XC91cGxvYWRzXC8yMDI0XC8wM1wvV2ViX1JGMjE4XzEuanBnIn0%3D\">\n\t\t\t\t\t\t\t<img fetchpriority=\"high\" decoding=\"async\" width=\"660\" height=\"439\" src=\"https:\/\/garancepouponjoyeux-alexandrearbouin.fr\/wp-content\/uploads\/2024\/03\/Web_RF218_1.jpg\" class=\"attachment-large size-large wp-image-124\" alt=\"\" srcset=\"https:\/\/garancepouponjoyeux-alexandrearbouin.fr\/wp-content\/uploads\/2024\/03\/Web_RF218_1.jpg 797w, https:\/\/garancepouponjoyeux-alexandrearbouin.fr\/wp-content\/uploads\/2024\/03\/Web_RF218_1-300x199.jpg 300w, https:\/\/garancepouponjoyeux-alexandrearbouin.fr\/wp-content\/uploads\/2024\/03\/Web_RF218_1-768x511.jpg 768w\" sizes=\"(max-width: 660px) 100vw, 660px\" \/>\t\t\t\t\t\t\t\t<\/a>\n\t\t\t\t\t\t\t\t\t\t\t<figcaption class=\"widget-image-caption wp-caption-text\">Photos : Garance Poupon-Joyeux &amp; Alexandre Arbouin \/ Vue de l'exposition \"FLAC\", Le Hall, Darn\u00e9tal<\/figcaption>\n\t\t\t\t\t\t\t\t\t\t<\/figure>\n\t\t\t\t\t\t\t\t\t<\/div>\n\t\t\t\t<\/div>\n\t\t\t\t\t<\/div>\n\t\t\t\t<\/div>\n\t\t<div class=\"elementor-element elementor-element-4d8cb6c2 e-flex e-con-boxed e-con e-parent\" data-id=\"4d8cb6c2\" data-element_type=\"container\">\n\t\t\t\t\t<div class=\"e-con-inner\">\n\t\t<div class=\"elementor-element elementor-element-6c4a3193 e-con-full e-flex e-con e-child\" data-id=\"6c4a3193\" data-element_type=\"container\">\n\t\t\t\t<div class=\"elementor-element elementor-element-4b84df5c elementor-widget elementor-widget-image\" data-id=\"4b84df5c\" data-element_type=\"widget\" data-widget_type=\"image.default\">\n\t\t\t\t<div class=\"elementor-widget-container\">\n\t\t\t\t\t\t\t\t\t\t\t\t\t\t\t\t<a href=\"http:\/\/garancepouponjoyeux-alexandrearbouin.fr\/wp-content\/uploads\/2024\/03\/Web_RF218_2.jpg\" data-elementor-open-lightbox=\"yes\" data-elementor-lightbox-title=\"RF 218\" data-elementor-lightbox-description=\"Photos : Garance Poupon-Joyeux &amp; Alexandre Arbouin \/ Vue de l&#039;exposition &quot;FLAC&quot;, Le Hall, Darn\u00e9tal\" data-e-action-hash=\"#elementor-action%3Aaction%3Dlightbox%26settings%3DeyJpZCI6MTI1LCJ1cmwiOiJodHRwczpcL1wvZ2FyYW5jZXBvdXBvbmpveWV1eC1hbGV4YW5kcmVhcmJvdWluLmZyXC93cC1jb250ZW50XC91cGxvYWRzXC8yMDI0XC8wM1wvV2ViX1JGMjE4XzIuanBnIn0%3D\">\n\t\t\t\t\t\t\t<img decoding=\"async\" width=\"150\" height=\"150\" src=\"https:\/\/garancepouponjoyeux-alexandrearbouin.fr\/wp-content\/uploads\/2024\/03\/Web_RF218_2-150x150.jpg\" class=\"attachment-thumbnail size-thumbnail wp-image-125\" alt=\"\" \/>\t\t\t\t\t\t\t\t<\/a>\n\t\t\t\t\t\t\t\t\t\t\t\t\t\t\t<\/div>\n\t\t\t\t<\/div>\n\t\t\t\t<\/div>\n\t\t\t\t\t<\/div>\n\t\t\t\t<\/div>\n\t\t<div class=\"elementor-element elementor-element-103f0657 e-flex e-con-boxed e-con e-parent\" data-id=\"103f0657\" data-element_type=\"container\">\n\t\t\t\t\t<div class=\"e-con-inner\">\n\t\t\t\t<div class=\"elementor-element elementor-element-53749f41 elementor-widget elementor-widget-heading\" data-id=\"53749f41\" data-element_type=\"widget\" data-widget_type=\"heading.default\">\n\t\t\t\t<div class=\"elementor-widget-container\">\n\t\t\t\t\t<h2 class=\"elementor-heading-title elementor-size-default\">RF 2018<\/h2>\t\t\t\t<\/div>\n\t\t\t\t<\/div>\n\t\t\t\t<div class=\"elementor-element elementor-element-59a997d3 elementor-widget elementor-widget-text-editor\" data-id=\"59a997d3\" data-element_type=\"widget\" data-widget_type=\"text-editor.default\">\n\t\t\t\t<div class=\"elementor-widget-container\">\n\t\t\t\t\t\t\t\t\t<p>2015<br \/>B\u00e9ton<br \/>67 x 43 x 46 cm<\/p><p>&#8212;&#8212;&#8212;&#8212;&#8212;&#8212;&#8212;-<\/p>\t\t\t\t\t\t\t\t<\/div>\n\t\t\t\t<\/div>\n\t\t\t\t<div class=\"elementor-element elementor-element-3005cade elementor-widget elementor-widget-text-editor\" data-id=\"3005cade\" data-element_type=\"widget\" data-widget_type=\"text-editor.default\">\n\t\t\t\t<div class=\"elementor-widget-container\">\n\t\t\t\t\t\t\t\t\t<p><em>RF 218<\/em> est une sculpture qui fait r\u00e9f\u00e9rence au tableau RF 218 du Louvre, \u00e0 savoir <em>\u0152dipe expliquant l&#8217;\u00e9nigme au Sphinx<\/em>\u00a0d&#8217;Ingres. Il s&#8217;agit de cr\u00e9er en 3D un \u00e9l\u00e9ment peint en 2D. Les parties du rocher qui ne sont pas visibles sur le tableau ont \u00e9t\u00e9 remplac\u00e9es par des tranches lisses coup\u00e9es \u00e0 la scie pour limiter l&#8217;interpr\u00e9tation trop sp\u00e9culative de celles-ci. Il est question ici de recr\u00e9er le caillou original, socle de la sc\u00e8ne mythique et socle de la signature du peintre avec l&#8217;inscription \u00ab Ingres pingebat 1808 \u00bb (\u00ab Ingres a peint en 1808 \u00bb). Sur le tableau, l&#8217;inscription semble grav\u00e9e dans la pierre comme si Ingres avait r\u00e9ellement assist\u00e9 \u00e0 la sc\u00e8ne. La reprise de cette inscription taill\u00e9e \u00e0 la main dans le b\u00e9ton joue ainsi avec le vocabulaire des arts plastiques : peindre, graver, repr\u00e9senter, etc.<\/p>\t\t\t\t\t\t\t\t<\/div>\n\t\t\t\t<\/div>\n\t\t\t\t\t<\/div>\n\t\t\t\t<\/div>\n\t\t<div class=\"elementor-element elementor-element-24f5b3bf e-flex e-con-boxed e-con e-parent\" data-id=\"24f5b3bf\" data-element_type=\"container\">\n\t\t\t\t\t<div class=\"e-con-inner\">\n\t\t\t\t\t<\/div>\n\t\t\t\t<\/div>\n\t\t\t\t<\/div>\n\t\t","protected":false},"excerpt":{"rendered":"<p>Photos : Garance Poupon-Joyeux &amp; Alexandre Arbouin \/ Vue de l&#8217;exposition &#8220;FLAC&#8221;, Le Hall, Darn\u00e9tal RF 2018 2015B\u00e9ton67 x 43 x 46 cm &#8212;&#8212;&#8212;&#8212;&#8212;&#8212;&#8212;- RF 218 est une sculpture qui fait r\u00e9f\u00e9rence au tableau RF 218 du Louvre, \u00e0 savoir \u0152dipe expliquant l&#8217;\u00e9nigme au Sphinx\u00a0d&#8217;Ingres. Il s&#8217;agit de cr\u00e9er en 3D un \u00e9l\u00e9ment peint en &hellip; <a href=\"https:\/\/garancepouponjoyeux-alexandrearbouin.fr\/index.php\/works\/rf-218\/\" class=\"more-link\">Continue reading <span class=\"screen-reader-text\">RF 218<\/span><\/a><\/p>\n","protected":false},"author":1,"featured_media":0,"parent":7,"menu_order":0,"comment_status":"closed","ping_status":"closed","template":"","meta":{"footnotes":""},"class_list":["post-568","page","type-page","status-publish","hentry"],"yoast_head":"<!-- This site is optimized with the Yoast SEO plugin v24.4 - https:\/\/yoast.com\/wordpress\/plugins\/seo\/ -->\n<title>RF 218 - GPJ &amp; AA<\/title>\n<meta name=\"robots\" content=\"index, follow, max-snippet:-1, max-image-preview:large, max-video-preview:-1\" \/>\n<link rel=\"canonical\" href=\"http:\/\/garancepouponjoyeux-alexandrearbouin.fr\/index.php\/works\/rf-218\/\" \/>\n<meta property=\"og:locale\" content=\"en_US\" \/>\n<meta property=\"og:type\" content=\"article\" \/>\n<meta property=\"og:title\" content=\"RF 218 - GPJ &amp; AA\" \/>\n<meta property=\"og:description\" content=\"Photos : Garance Poupon-Joyeux &amp; Alexandre Arbouin \/ Vue de l&#8217;exposition &#8220;FLAC&#8221;, Le Hall, Darn\u00e9tal RF 2018 2015B\u00e9ton67 x 43 x 46 cm &#8212;&#8212;&#8212;&#8212;&#8212;&#8212;&#8212;- RF 218 est une sculpture qui fait r\u00e9f\u00e9rence au tableau RF 218 du Louvre, \u00e0 savoir \u0152dipe expliquant l&#8217;\u00e9nigme au Sphinx\u00a0d&#8217;Ingres. Il s&#8217;agit de cr\u00e9er en 3D un \u00e9l\u00e9ment peint en &hellip; Continue reading RF 218\" \/>\n<meta property=\"og:url\" content=\"http:\/\/garancepouponjoyeux-alexandrearbouin.fr\/index.php\/works\/rf-218\/\" \/>\n<meta property=\"og:site_name\" content=\"GPJ &amp; AA\" \/>\n<meta property=\"article:modified_time\" content=\"2024-03-10T18:33:33+00:00\" \/>\n<meta property=\"og:image\" content=\"http:\/\/garancepouponjoyeux-alexandrearbouin.fr\/wp-content\/uploads\/2024\/03\/Web_RF218_1.jpg\" \/>\n<meta name=\"twitter:card\" content=\"summary_large_image\" \/>\n<meta name=\"twitter:label1\" content=\"Est. reading time\" \/>\n\t<meta name=\"twitter:data1\" content=\"2 minutes\" \/>\n<script type=\"application\/ld+json\" class=\"yoast-schema-graph\">{\"@context\":\"https:\/\/schema.org\",\"@graph\":[{\"@type\":\"WebPage\",\"@id\":\"http:\/\/garancepouponjoyeux-alexandrearbouin.fr\/index.php\/works\/rf-218\/\",\"url\":\"http:\/\/garancepouponjoyeux-alexandrearbouin.fr\/index.php\/works\/rf-218\/\",\"name\":\"RF 218 - GPJ &amp; AA\",\"isPartOf\":{\"@id\":\"http:\/\/garancepouponjoyeux-alexandrearbouin.fr\/#website\"},\"primaryImageOfPage\":{\"@id\":\"http:\/\/garancepouponjoyeux-alexandrearbouin.fr\/index.php\/works\/rf-218\/#primaryimage\"},\"image\":{\"@id\":\"http:\/\/garancepouponjoyeux-alexandrearbouin.fr\/index.php\/works\/rf-218\/#primaryimage\"},\"thumbnailUrl\":\"http:\/\/garancepouponjoyeux-alexandrearbouin.fr\/wp-content\/uploads\/2024\/03\/Web_RF218_1.jpg\",\"datePublished\":\"2024-03-10T17:48:05+00:00\",\"dateModified\":\"2024-03-10T18:33:33+00:00\",\"breadcrumb\":{\"@id\":\"http:\/\/garancepouponjoyeux-alexandrearbouin.fr\/index.php\/works\/rf-218\/#breadcrumb\"},\"inLanguage\":\"en-US\",\"potentialAction\":[{\"@type\":\"ReadAction\",\"target\":[\"http:\/\/garancepouponjoyeux-alexandrearbouin.fr\/index.php\/works\/rf-218\/\"]}]},{\"@type\":\"ImageObject\",\"inLanguage\":\"en-US\",\"@id\":\"http:\/\/garancepouponjoyeux-alexandrearbouin.fr\/index.php\/works\/rf-218\/#primaryimage\",\"url\":\"http:\/\/garancepouponjoyeux-alexandrearbouin.fr\/wp-content\/uploads\/2024\/03\/Web_RF218_1.jpg\",\"contentUrl\":\"http:\/\/garancepouponjoyeux-alexandrearbouin.fr\/wp-content\/uploads\/2024\/03\/Web_RF218_1.jpg\"},{\"@type\":\"BreadcrumbList\",\"@id\":\"http:\/\/garancepouponjoyeux-alexandrearbouin.fr\/index.php\/works\/rf-218\/#breadcrumb\",\"itemListElement\":[{\"@type\":\"ListItem\",\"position\":1,\"name\":\"Accueil\",\"item\":\"http:\/\/garancepouponjoyeux-alexandrearbouin.fr\/\"},{\"@type\":\"ListItem\",\"position\":2,\"name\":\"Works\",\"item\":\"http:\/\/garancepouponjoyeux-alexandrearbouin.fr\/\"},{\"@type\":\"ListItem\",\"position\":3,\"name\":\"RF 218\"}]},{\"@type\":\"WebSite\",\"@id\":\"http:\/\/garancepouponjoyeux-alexandrearbouin.fr\/#website\",\"url\":\"http:\/\/garancepouponjoyeux-alexandrearbouin.fr\/\",\"name\":\"GPJ &amp; AA\",\"description\":\"\",\"potentialAction\":[{\"@type\":\"SearchAction\",\"target\":{\"@type\":\"EntryPoint\",\"urlTemplate\":\"http:\/\/garancepouponjoyeux-alexandrearbouin.fr\/?s={search_term_string}\"},\"query-input\":{\"@type\":\"PropertyValueSpecification\",\"valueRequired\":true,\"valueName\":\"search_term_string\"}}],\"inLanguage\":\"en-US\"}]}<\/script>\n<!-- \/ Yoast SEO plugin. -->","yoast_head_json":{"title":"RF 218 - GPJ &amp; AA","robots":{"index":"index","follow":"follow","max-snippet":"max-snippet:-1","max-image-preview":"max-image-preview:large","max-video-preview":"max-video-preview:-1"},"canonical":"http:\/\/garancepouponjoyeux-alexandrearbouin.fr\/index.php\/works\/rf-218\/","og_locale":"en_US","og_type":"article","og_title":"RF 218 - GPJ &amp; AA","og_description":"Photos : Garance Poupon-Joyeux &amp; Alexandre Arbouin \/ Vue de l&#8217;exposition &#8220;FLAC&#8221;, Le Hall, Darn\u00e9tal RF 2018 2015B\u00e9ton67 x 43 x 46 cm &#8212;&#8212;&#8212;&#8212;&#8212;&#8212;&#8212;- RF 218 est une sculpture qui fait r\u00e9f\u00e9rence au tableau RF 218 du Louvre, \u00e0 savoir \u0152dipe expliquant l&#8217;\u00e9nigme au Sphinx\u00a0d&#8217;Ingres. Il s&#8217;agit de cr\u00e9er en 3D un \u00e9l\u00e9ment peint en &hellip; Continue reading RF 218","og_url":"http:\/\/garancepouponjoyeux-alexandrearbouin.fr\/index.php\/works\/rf-218\/","og_site_name":"GPJ &amp; AA","article_modified_time":"2024-03-10T18:33:33+00:00","og_image":[{"url":"http:\/\/garancepouponjoyeux-alexandrearbouin.fr\/wp-content\/uploads\/2024\/03\/Web_RF218_1.jpg","type":"","width":"","height":""}],"twitter_card":"summary_large_image","twitter_misc":{"Est. reading time":"2 minutes"},"schema":{"@context":"https:\/\/schema.org","@graph":[{"@type":"WebPage","@id":"http:\/\/garancepouponjoyeux-alexandrearbouin.fr\/index.php\/works\/rf-218\/","url":"http:\/\/garancepouponjoyeux-alexandrearbouin.fr\/index.php\/works\/rf-218\/","name":"RF 218 - GPJ &amp; AA","isPartOf":{"@id":"http:\/\/garancepouponjoyeux-alexandrearbouin.fr\/#website"},"primaryImageOfPage":{"@id":"http:\/\/garancepouponjoyeux-alexandrearbouin.fr\/index.php\/works\/rf-218\/#primaryimage"},"image":{"@id":"http:\/\/garancepouponjoyeux-alexandrearbouin.fr\/index.php\/works\/rf-218\/#primaryimage"},"thumbnailUrl":"http:\/\/garancepouponjoyeux-alexandrearbouin.fr\/wp-content\/uploads\/2024\/03\/Web_RF218_1.jpg","datePublished":"2024-03-10T17:48:05+00:00","dateModified":"2024-03-10T18:33:33+00:00","breadcrumb":{"@id":"http:\/\/garancepouponjoyeux-alexandrearbouin.fr\/index.php\/works\/rf-218\/#breadcrumb"},"inLanguage":"en-US","potentialAction":[{"@type":"ReadAction","target":["http:\/\/garancepouponjoyeux-alexandrearbouin.fr\/index.php\/works\/rf-218\/"]}]},{"@type":"ImageObject","inLanguage":"en-US","@id":"http:\/\/garancepouponjoyeux-alexandrearbouin.fr\/index.php\/works\/rf-218\/#primaryimage","url":"http:\/\/garancepouponjoyeux-alexandrearbouin.fr\/wp-content\/uploads\/2024\/03\/Web_RF218_1.jpg","contentUrl":"http:\/\/garancepouponjoyeux-alexandrearbouin.fr\/wp-content\/uploads\/2024\/03\/Web_RF218_1.jpg"},{"@type":"BreadcrumbList","@id":"http:\/\/garancepouponjoyeux-alexandrearbouin.fr\/index.php\/works\/rf-218\/#breadcrumb","itemListElement":[{"@type":"ListItem","position":1,"name":"Accueil","item":"http:\/\/garancepouponjoyeux-alexandrearbouin.fr\/"},{"@type":"ListItem","position":2,"name":"Works","item":"http:\/\/garancepouponjoyeux-alexandrearbouin.fr\/"},{"@type":"ListItem","position":3,"name":"RF 218"}]},{"@type":"WebSite","@id":"http:\/\/garancepouponjoyeux-alexandrearbouin.fr\/#website","url":"http:\/\/garancepouponjoyeux-alexandrearbouin.fr\/","name":"GPJ &amp; AA","description":"","potentialAction":[{"@type":"SearchAction","target":{"@type":"EntryPoint","urlTemplate":"http:\/\/garancepouponjoyeux-alexandrearbouin.fr\/?s={search_term_string}"},"query-input":{"@type":"PropertyValueSpecification","valueRequired":true,"valueName":"search_term_string"}}],"inLanguage":"en-US"}]}},"_links":{"self":[{"href":"https:\/\/garancepouponjoyeux-alexandrearbouin.fr\/index.php\/wp-json\/wp\/v2\/pages\/568","targetHints":{"allow":["GET"]}}],"collection":[{"href":"https:\/\/garancepouponjoyeux-alexandrearbouin.fr\/index.php\/wp-json\/wp\/v2\/pages"}],"about":[{"href":"https:\/\/garancepouponjoyeux-alexandrearbouin.fr\/index.php\/wp-json\/wp\/v2\/types\/page"}],"author":[{"embeddable":true,"href":"https:\/\/garancepouponjoyeux-alexandrearbouin.fr\/index.php\/wp-json\/wp\/v2\/users\/1"}],"replies":[{"embeddable":true,"href":"https:\/\/garancepouponjoyeux-alexandrearbouin.fr\/index.php\/wp-json\/wp\/v2\/comments?post=568"}],"version-history":[{"count":11,"href":"https:\/\/garancepouponjoyeux-alexandrearbouin.fr\/index.php\/wp-json\/wp\/v2\/pages\/568\/revisions"}],"predecessor-version":[{"id":700,"href":"https:\/\/garancepouponjoyeux-alexandrearbouin.fr\/index.php\/wp-json\/wp\/v2\/pages\/568\/revisions\/700"}],"up":[{"embeddable":true,"href":"https:\/\/garancepouponjoyeux-alexandrearbouin.fr\/index.php\/wp-json\/wp\/v2\/pages\/7"}],"wp:attachment":[{"href":"https:\/\/garancepouponjoyeux-alexandrearbouin.fr\/index.php\/wp-json\/wp\/v2\/media?parent=568"}],"curies":[{"name":"wp","href":"https:\/\/api.w.org\/{rel}","templated":true}]}}