{"id":584,"date":"2024-03-10T18:56:59","date_gmt":"2024-03-10T17:56:59","guid":{"rendered":"http:\/\/garancepouponjoyeux-alexandrearbouin.fr\/?page_id=584"},"modified":"2024-03-10T19:34:25","modified_gmt":"2024-03-10T18:34:25","slug":"supports","status":"publish","type":"page","link":"https:\/\/garancepouponjoyeux-alexandrearbouin.fr\/index.php\/works\/supports\/","title":{"rendered":"Supports"},"content":{"rendered":"\t\t<div data-elementor-type=\"wp-page\" data-elementor-id=\"584\" class=\"elementor elementor-584\">\n\t\t\t\t<div class=\"elementor-element elementor-element-6ee1f023 e-flex e-con-boxed e-con e-parent\" data-id=\"6ee1f023\" data-element_type=\"container\">\n\t\t\t\t\t<div class=\"e-con-inner\">\n\t\t\t\t<div class=\"elementor-element elementor-element-68189db5 elementor-widget elementor-widget-image\" data-id=\"68189db5\" data-element_type=\"widget\" data-widget_type=\"image.default\">\n\t\t\t\t<div class=\"elementor-widget-container\">\n\t\t\t\t\t\t\t\t\t\t\t\t<figure class=\"wp-caption\">\n\t\t\t\t\t\t\t\t\t\t\t<a href=\"http:\/\/garancepouponjoyeux-alexandrearbouin.fr\/wp-content\/uploads\/2024\/03\/jio2-presse.jpg\" data-elementor-open-lightbox=\"yes\" data-elementor-lightbox-title=\"Supports\" data-elementor-lightbox-description=\"Photos : Garance Poupon-Joyeux &amp; Alexandre Arbouin \/ Vue de l&#039;exposition \n  des finalistes du Prix Paris 1 Panth\u00e9on-Sorbonne pour l&#039;art contemporain, Bastille Design Center, Paris (2018)\" data-e-action-hash=\"#elementor-action%3Aaction%3Dlightbox%26settings%3DeyJpZCI6ODgsInVybCI6Imh0dHBzOlwvXC9nYXJhbmNlcG91cG9uam95ZXV4LWFsZXhhbmRyZWFyYm91aW4uZnJcL3dwLWNvbnRlbnRcL3VwbG9hZHNcLzIwMjRcLzAzXC9qaW8yLXByZXNzZS5qcGcifQ%3D%3D\">\n\t\t\t\t\t\t\t<img fetchpriority=\"high\" decoding=\"async\" width=\"510\" height=\"768\" src=\"https:\/\/garancepouponjoyeux-alexandrearbouin.fr\/wp-content\/uploads\/2024\/03\/jio2-presse.jpg\" class=\"attachment-large size-large wp-image-88\" alt=\"\" srcset=\"https:\/\/garancepouponjoyeux-alexandrearbouin.fr\/wp-content\/uploads\/2024\/03\/jio2-presse.jpg 510w, https:\/\/garancepouponjoyeux-alexandrearbouin.fr\/wp-content\/uploads\/2024\/03\/jio2-presse-199x300.jpg 199w\" sizes=\"(max-width: 510px) 100vw, 510px\" \/>\t\t\t\t\t\t\t\t<\/a>\n\t\t\t\t\t\t\t\t\t\t\t<figcaption class=\"widget-image-caption wp-caption-text\">Photos : Garance Poupon-Joyeux &amp; Alexandre Arbouin \/ Vue de l'exposition \n  des finalistes du Prix Paris 1 Panth\u00e9on-Sorbonne pour l'art contemporain, Bastille Design Center, Paris (2018)<\/figcaption>\n\t\t\t\t\t\t\t\t\t\t<\/figure>\n\t\t\t\t\t\t\t\t\t<\/div>\n\t\t\t\t<\/div>\n\t\t\t\t\t<\/div>\n\t\t\t\t<\/div>\n\t\t<div class=\"elementor-element elementor-element-68e2006a e-flex e-con-boxed e-con e-parent\" data-id=\"68e2006a\" data-element_type=\"container\">\n\t\t\t\t\t<div class=\"e-con-inner\">\n\t\t<div class=\"elementor-element elementor-element-4e115803 e-con-full e-flex e-con e-child\" data-id=\"4e115803\" data-element_type=\"container\">\n\t\t\t\t<div class=\"elementor-element elementor-element-4db43390 elementor-widget elementor-widget-image\" data-id=\"4db43390\" data-element_type=\"widget\" data-widget_type=\"image.default\">\n\t\t\t\t<div class=\"elementor-widget-container\">\n\t\t\t\t\t\t\t\t\t\t\t\t\t\t\t\t<a href=\"http:\/\/garancepouponjoyeux-alexandrearbouin.fr\/wp-content\/uploads\/2024\/03\/Web_Go-art_Gant.jpg\" data-elementor-open-lightbox=\"yes\" data-elementor-lightbox-title=\"Supports\" data-elementor-lightbox-description=\"Photos : Garance Poupon-Joyeux &amp; Alexandre Arbouin \/ Vue de l&#039;exposition \n  des finalistes du Prix Paris 1 Panth\u00e9on-Sorbonne pour l&#039;art contemporain, Bastille Design Center, Paris (2018)\" data-e-action-hash=\"#elementor-action%3Aaction%3Dlightbox%26settings%3DeyJpZCI6MTEzLCJ1cmwiOiJodHRwczpcL1wvZ2FyYW5jZXBvdXBvbmpveWV1eC1hbGV4YW5kcmVhcmJvdWluLmZyXC93cC1jb250ZW50XC91cGxvYWRzXC8yMDI0XC8wM1wvV2ViX0dvLWFydF9HYW50LmpwZyJ9\">\n\t\t\t\t\t\t\t<img decoding=\"async\" width=\"150\" height=\"150\" src=\"https:\/\/garancepouponjoyeux-alexandrearbouin.fr\/wp-content\/uploads\/2024\/03\/Web_Go-art_Gant-150x150.jpg\" class=\"attachment-thumbnail size-thumbnail wp-image-113\" alt=\"\" \/>\t\t\t\t\t\t\t\t<\/a>\n\t\t\t\t\t\t\t\t\t\t\t\t\t\t\t<\/div>\n\t\t\t\t<\/div>\n\t\t\t\t<\/div>\n\t\t<div class=\"elementor-element elementor-element-601d4d80 e-con-full e-flex e-con e-child\" data-id=\"601d4d80\" data-element_type=\"container\">\n\t\t\t\t<div class=\"elementor-element elementor-element-24bc50b elementor-widget elementor-widget-image\" data-id=\"24bc50b\" data-element_type=\"widget\" data-widget_type=\"image.default\">\n\t\t\t\t<div class=\"elementor-widget-container\">\n\t\t\t\t\t\t\t\t\t\t\t\t\t\t\t\t<a href=\"http:\/\/garancepouponjoyeux-alexandrearbouin.fr\/wp-content\/uploads\/2024\/03\/Web_Go-art_Echarpe.jpg\" data-elementor-open-lightbox=\"yes\" data-elementor-lightbox-title=\"Supports\" data-elementor-lightbox-description=\"Photos : Garance Poupon-Joyeux &amp; Alexandre Arbouin \/ Vue de l&#039;exposition \n  des finalistes du Prix Paris 1 Panth\u00e9on-Sorbonne pour l&#039;art contemporain, Bastille Design Center, Paris (2018)\" data-e-action-hash=\"#elementor-action%3Aaction%3Dlightbox%26settings%3DeyJpZCI6MTEyLCJ1cmwiOiJodHRwczpcL1wvZ2FyYW5jZXBvdXBvbmpveWV1eC1hbGV4YW5kcmVhcmJvdWluLmZyXC93cC1jb250ZW50XC91cGxvYWRzXC8yMDI0XC8wM1wvV2ViX0dvLWFydF9FY2hhcnBlLmpwZyJ9\">\n\t\t\t\t\t\t\t<img decoding=\"async\" width=\"150\" height=\"150\" src=\"https:\/\/garancepouponjoyeux-alexandrearbouin.fr\/wp-content\/uploads\/2024\/03\/Web_Go-art_Echarpe-150x150.jpg\" class=\"attachment-thumbnail size-thumbnail wp-image-112\" alt=\"\" \/>\t\t\t\t\t\t\t\t<\/a>\n\t\t\t\t\t\t\t\t\t\t\t\t\t\t\t<\/div>\n\t\t\t\t<\/div>\n\t\t\t\t<\/div>\n\t\t<div class=\"elementor-element elementor-element-26f60100 e-con-full e-flex e-con e-child\" data-id=\"26f60100\" data-element_type=\"container\">\n\t\t\t\t<div class=\"elementor-element elementor-element-495d07ab elementor-widget elementor-widget-image\" data-id=\"495d07ab\" data-element_type=\"widget\" data-widget_type=\"image.default\">\n\t\t\t\t<div class=\"elementor-widget-container\">\n\t\t\t\t\t\t\t\t\t\t\t\t\t\t\t\t<a href=\"http:\/\/garancepouponjoyeux-alexandrearbouin.fr\/wp-content\/uploads\/2024\/03\/Web_Go-art_Drapeau-2.jpg\" data-elementor-open-lightbox=\"yes\" data-elementor-lightbox-title=\"Supports\" data-elementor-lightbox-description=\"Photos : Garance Poupon-Joyeux &amp; Alexandre Arbouin \/ Vue de l&#039;exposition \n  des finalistes du Prix Paris 1 Panth\u00e9on-Sorbonne pour l&#039;art contemporain, Bastille Design Center, Paris (2018)\" data-e-action-hash=\"#elementor-action%3Aaction%3Dlightbox%26settings%3DeyJpZCI6MTEwLCJ1cmwiOiJodHRwczpcL1wvZ2FyYW5jZXBvdXBvbmpveWV1eC1hbGV4YW5kcmVhcmJvdWluLmZyXC93cC1jb250ZW50XC91cGxvYWRzXC8yMDI0XC8wM1wvV2ViX0dvLWFydF9EcmFwZWF1LTIuanBnIn0%3D\">\n\t\t\t\t\t\t\t<img loading=\"lazy\" decoding=\"async\" width=\"150\" height=\"150\" src=\"https:\/\/garancepouponjoyeux-alexandrearbouin.fr\/wp-content\/uploads\/2024\/03\/Web_Go-art_Drapeau-2-150x150.jpg\" class=\"attachment-thumbnail size-thumbnail wp-image-110\" alt=\"\" \/>\t\t\t\t\t\t\t\t<\/a>\n\t\t\t\t\t\t\t\t\t\t\t\t\t\t\t<\/div>\n\t\t\t\t<\/div>\n\t\t\t\t<\/div>\n\t\t\t\t\t<\/div>\n\t\t\t\t<\/div>\n\t\t<div class=\"elementor-element elementor-element-c78f61d e-flex e-con-boxed e-con e-parent\" data-id=\"c78f61d\" data-element_type=\"container\">\n\t\t\t\t\t<div class=\"e-con-inner\">\n\t\t\t\t<div class=\"elementor-element elementor-element-18a9bdee elementor-widget elementor-widget-heading\" data-id=\"18a9bdee\" data-element_type=\"widget\" data-widget_type=\"heading.default\">\n\t\t\t\t<div class=\"elementor-widget-container\">\n\t\t\t\t\t<h2 class=\"elementor-heading-title elementor-size-default\">Supports<\/h2>\t\t\t\t<\/div>\n\t\t\t\t<\/div>\n\t\t\t\t<div class=\"elementor-element elementor-element-3a6e8d1a elementor-widget elementor-widget-text-editor\" data-id=\"3a6e8d1a\" data-element_type=\"widget\" data-widget_type=\"text-editor.default\">\n\t\t\t\t<div class=\"elementor-widget-container\">\n\t\t\t\t\t\t\t\t\t<p>2015<br \/>S\u00e9rie de goodies, transferts, impressions hydrographiques<br \/>Dimensions variables<\/p><p>&#8212;&#8212;&#8212;&#8212;&#8212;&#8212;&#8212;&#8212;&#8212;&#8211;<\/p>\t\t\t\t\t\t\t\t<\/div>\n\t\t\t\t<\/div>\n\t\t\t\t<div class=\"elementor-element elementor-element-67e32a6b elementor-widget elementor-widget-text-editor\" data-id=\"67e32a6b\" data-element_type=\"widget\" data-widget_type=\"text-editor.default\">\n\t\t\t\t<div class=\"elementor-widget-container\">\n\t\t\t\t\t\t\t\t\t<p><em>Supports<\/em>\u00a0propose un mode de r\u00e9ception des \u0153uvres diff\u00e9rent. Entre l&#8217;\u0153uvre et les goodies, il s&#8217;agit de commenter les expositions avec des outils propres aux sports. Sorte d&#8217;\u00e9quipement du spectateur d&#8217;art, <em>Supports<\/em> supporte l&#8217;art en g\u00e9n\u00e9ral avec son slogan \u00ab Go Art! \u00bb, iI invite le public \u00e0 manifester son engouement en s&#8217;appropriant v\u00e9ritablement l&#8217;\u0153uvre. Il s&#8217;agit de d\u00e9mocratiser l&#8217;art et \u00e9veiller les passions. <em>Supports<\/em> soutient l&#8217;art comme lien fort entre les individus, les cultures, les civilisations. Que ce qui sera a posteriori expos\u00e9 de notre \u00e9poque rel\u00e8ve d&#8217;une ferveur collective !\u00a0<\/p>\t\t\t\t\t\t\t\t<\/div>\n\t\t\t\t<\/div>\n\t\t\t\t\t<\/div>\n\t\t\t\t<\/div>\n\t\t<div class=\"elementor-element elementor-element-7e45c3a2 e-flex e-con-boxed e-con e-parent\" data-id=\"7e45c3a2\" data-element_type=\"container\">\n\t\t\t\t\t<div class=\"e-con-inner\">\n\t\t\t\t\t<\/div>\n\t\t\t\t<\/div>\n\t\t\t\t<\/div>\n\t\t","protected":false},"excerpt":{"rendered":"<p>Photos : Garance Poupon-Joyeux &amp; Alexandre Arbouin \/ Vue de l&#8217;exposition des finalistes du Prix Paris 1 Panth\u00e9on-Sorbonne pour l&#8217;art contemporain, Bastille Design Center, Paris (2018) Supports 2015S\u00e9rie de goodies, transferts, impressions hydrographiquesDimensions variables &#8212;&#8212;&#8212;&#8212;&#8212;&#8212;&#8212;&#8212;&#8212;&#8211; Supports\u00a0propose un mode de r\u00e9ception des \u0153uvres diff\u00e9rent. Entre l&#8217;\u0153uvre et les goodies, il s&#8217;agit de commenter les expositions avec &hellip; <a href=\"https:\/\/garancepouponjoyeux-alexandrearbouin.fr\/index.php\/works\/supports\/\" class=\"more-link\">Continue reading <span class=\"screen-reader-text\">Supports<\/span><\/a><\/p>\n","protected":false},"author":1,"featured_media":0,"parent":7,"menu_order":0,"comment_status":"closed","ping_status":"closed","template":"","meta":{"footnotes":""},"class_list":["post-584","page","type-page","status-publish","hentry"],"yoast_head":"<!-- This site is optimized with the Yoast SEO plugin v24.4 - https:\/\/yoast.com\/wordpress\/plugins\/seo\/ -->\n<title>Supports - GPJ &amp; AA<\/title>\n<meta name=\"robots\" content=\"index, follow, max-snippet:-1, max-image-preview:large, max-video-preview:-1\" \/>\n<link rel=\"canonical\" href=\"http:\/\/garancepouponjoyeux-alexandrearbouin.fr\/index.php\/works\/supports\/\" \/>\n<meta property=\"og:locale\" content=\"en_US\" \/>\n<meta property=\"og:type\" content=\"article\" \/>\n<meta property=\"og:title\" content=\"Supports - GPJ &amp; AA\" \/>\n<meta property=\"og:description\" content=\"Photos : Garance Poupon-Joyeux &amp; Alexandre Arbouin \/ Vue de l&#8217;exposition des finalistes du Prix Paris 1 Panth\u00e9on-Sorbonne pour l&#8217;art contemporain, Bastille Design Center, Paris (2018) Supports 2015S\u00e9rie de goodies, transferts, impressions hydrographiquesDimensions variables &#8212;&#8212;&#8212;&#8212;&#8212;&#8212;&#8212;&#8212;&#8212;&#8211; Supports\u00a0propose un mode de r\u00e9ception des \u0153uvres diff\u00e9rent. Entre l&#8217;\u0153uvre et les goodies, il s&#8217;agit de commenter les expositions avec &hellip; Continue reading Supports\" \/>\n<meta property=\"og:url\" content=\"http:\/\/garancepouponjoyeux-alexandrearbouin.fr\/index.php\/works\/supports\/\" \/>\n<meta property=\"og:site_name\" content=\"GPJ &amp; AA\" \/>\n<meta property=\"article:modified_time\" content=\"2024-03-10T18:34:25+00:00\" \/>\n<meta property=\"og:image\" content=\"http:\/\/garancepouponjoyeux-alexandrearbouin.fr\/wp-content\/uploads\/2024\/03\/jio2-presse.jpg\" \/>\n<meta name=\"twitter:card\" content=\"summary_large_image\" \/>\n<meta name=\"twitter:label1\" content=\"Est. reading time\" \/>\n\t<meta name=\"twitter:data1\" content=\"2 minutes\" \/>\n<script type=\"application\/ld+json\" class=\"yoast-schema-graph\">{\"@context\":\"https:\/\/schema.org\",\"@graph\":[{\"@type\":\"WebPage\",\"@id\":\"http:\/\/garancepouponjoyeux-alexandrearbouin.fr\/index.php\/works\/supports\/\",\"url\":\"http:\/\/garancepouponjoyeux-alexandrearbouin.fr\/index.php\/works\/supports\/\",\"name\":\"Supports - GPJ &amp; AA\",\"isPartOf\":{\"@id\":\"https:\/\/garancepouponjoyeux-alexandrearbouin.fr\/#website\"},\"primaryImageOfPage\":{\"@id\":\"http:\/\/garancepouponjoyeux-alexandrearbouin.fr\/index.php\/works\/supports\/#primaryimage\"},\"image\":{\"@id\":\"http:\/\/garancepouponjoyeux-alexandrearbouin.fr\/index.php\/works\/supports\/#primaryimage\"},\"thumbnailUrl\":\"http:\/\/garancepouponjoyeux-alexandrearbouin.fr\/wp-content\/uploads\/2024\/03\/jio2-presse.jpg\",\"datePublished\":\"2024-03-10T17:56:59+00:00\",\"dateModified\":\"2024-03-10T18:34:25+00:00\",\"breadcrumb\":{\"@id\":\"http:\/\/garancepouponjoyeux-alexandrearbouin.fr\/index.php\/works\/supports\/#breadcrumb\"},\"inLanguage\":\"en-US\",\"potentialAction\":[{\"@type\":\"ReadAction\",\"target\":[\"http:\/\/garancepouponjoyeux-alexandrearbouin.fr\/index.php\/works\/supports\/\"]}]},{\"@type\":\"ImageObject\",\"inLanguage\":\"en-US\",\"@id\":\"http:\/\/garancepouponjoyeux-alexandrearbouin.fr\/index.php\/works\/supports\/#primaryimage\",\"url\":\"http:\/\/garancepouponjoyeux-alexandrearbouin.fr\/wp-content\/uploads\/2024\/03\/jio2-presse.jpg\",\"contentUrl\":\"http:\/\/garancepouponjoyeux-alexandrearbouin.fr\/wp-content\/uploads\/2024\/03\/jio2-presse.jpg\"},{\"@type\":\"BreadcrumbList\",\"@id\":\"http:\/\/garancepouponjoyeux-alexandrearbouin.fr\/index.php\/works\/supports\/#breadcrumb\",\"itemListElement\":[{\"@type\":\"ListItem\",\"position\":1,\"name\":\"Accueil\",\"item\":\"https:\/\/garancepouponjoyeux-alexandrearbouin.fr\/\"},{\"@type\":\"ListItem\",\"position\":2,\"name\":\"Works\",\"item\":\"https:\/\/garancepouponjoyeux-alexandrearbouin.fr\/\"},{\"@type\":\"ListItem\",\"position\":3,\"name\":\"Supports\"}]},{\"@type\":\"WebSite\",\"@id\":\"https:\/\/garancepouponjoyeux-alexandrearbouin.fr\/#website\",\"url\":\"https:\/\/garancepouponjoyeux-alexandrearbouin.fr\/\",\"name\":\"GPJ &amp; AA\",\"description\":\"\",\"potentialAction\":[{\"@type\":\"SearchAction\",\"target\":{\"@type\":\"EntryPoint\",\"urlTemplate\":\"https:\/\/garancepouponjoyeux-alexandrearbouin.fr\/?s={search_term_string}\"},\"query-input\":{\"@type\":\"PropertyValueSpecification\",\"valueRequired\":true,\"valueName\":\"search_term_string\"}}],\"inLanguage\":\"en-US\"}]}<\/script>\n<!-- \/ Yoast SEO plugin. -->","yoast_head_json":{"title":"Supports - GPJ &amp; AA","robots":{"index":"index","follow":"follow","max-snippet":"max-snippet:-1","max-image-preview":"max-image-preview:large","max-video-preview":"max-video-preview:-1"},"canonical":"http:\/\/garancepouponjoyeux-alexandrearbouin.fr\/index.php\/works\/supports\/","og_locale":"en_US","og_type":"article","og_title":"Supports - GPJ &amp; AA","og_description":"Photos : Garance Poupon-Joyeux &amp; Alexandre Arbouin \/ Vue de l&#8217;exposition des finalistes du Prix Paris 1 Panth\u00e9on-Sorbonne pour l&#8217;art contemporain, Bastille Design Center, Paris (2018) Supports 2015S\u00e9rie de goodies, transferts, impressions hydrographiquesDimensions variables &#8212;&#8212;&#8212;&#8212;&#8212;&#8212;&#8212;&#8212;&#8212;&#8211; Supports\u00a0propose un mode de r\u00e9ception des \u0153uvres diff\u00e9rent. Entre l&#8217;\u0153uvre et les goodies, il s&#8217;agit de commenter les expositions avec &hellip; Continue reading Supports","og_url":"http:\/\/garancepouponjoyeux-alexandrearbouin.fr\/index.php\/works\/supports\/","og_site_name":"GPJ &amp; AA","article_modified_time":"2024-03-10T18:34:25+00:00","og_image":[{"url":"http:\/\/garancepouponjoyeux-alexandrearbouin.fr\/wp-content\/uploads\/2024\/03\/jio2-presse.jpg","type":"","width":"","height":""}],"twitter_card":"summary_large_image","twitter_misc":{"Est. reading time":"2 minutes"},"schema":{"@context":"https:\/\/schema.org","@graph":[{"@type":"WebPage","@id":"http:\/\/garancepouponjoyeux-alexandrearbouin.fr\/index.php\/works\/supports\/","url":"http:\/\/garancepouponjoyeux-alexandrearbouin.fr\/index.php\/works\/supports\/","name":"Supports - GPJ &amp; AA","isPartOf":{"@id":"https:\/\/garancepouponjoyeux-alexandrearbouin.fr\/#website"},"primaryImageOfPage":{"@id":"http:\/\/garancepouponjoyeux-alexandrearbouin.fr\/index.php\/works\/supports\/#primaryimage"},"image":{"@id":"http:\/\/garancepouponjoyeux-alexandrearbouin.fr\/index.php\/works\/supports\/#primaryimage"},"thumbnailUrl":"http:\/\/garancepouponjoyeux-alexandrearbouin.fr\/wp-content\/uploads\/2024\/03\/jio2-presse.jpg","datePublished":"2024-03-10T17:56:59+00:00","dateModified":"2024-03-10T18:34:25+00:00","breadcrumb":{"@id":"http:\/\/garancepouponjoyeux-alexandrearbouin.fr\/index.php\/works\/supports\/#breadcrumb"},"inLanguage":"en-US","potentialAction":[{"@type":"ReadAction","target":["http:\/\/garancepouponjoyeux-alexandrearbouin.fr\/index.php\/works\/supports\/"]}]},{"@type":"ImageObject","inLanguage":"en-US","@id":"http:\/\/garancepouponjoyeux-alexandrearbouin.fr\/index.php\/works\/supports\/#primaryimage","url":"http:\/\/garancepouponjoyeux-alexandrearbouin.fr\/wp-content\/uploads\/2024\/03\/jio2-presse.jpg","contentUrl":"http:\/\/garancepouponjoyeux-alexandrearbouin.fr\/wp-content\/uploads\/2024\/03\/jio2-presse.jpg"},{"@type":"BreadcrumbList","@id":"http:\/\/garancepouponjoyeux-alexandrearbouin.fr\/index.php\/works\/supports\/#breadcrumb","itemListElement":[{"@type":"ListItem","position":1,"name":"Accueil","item":"https:\/\/garancepouponjoyeux-alexandrearbouin.fr\/"},{"@type":"ListItem","position":2,"name":"Works","item":"https:\/\/garancepouponjoyeux-alexandrearbouin.fr\/"},{"@type":"ListItem","position":3,"name":"Supports"}]},{"@type":"WebSite","@id":"https:\/\/garancepouponjoyeux-alexandrearbouin.fr\/#website","url":"https:\/\/garancepouponjoyeux-alexandrearbouin.fr\/","name":"GPJ &amp; AA","description":"","potentialAction":[{"@type":"SearchAction","target":{"@type":"EntryPoint","urlTemplate":"https:\/\/garancepouponjoyeux-alexandrearbouin.fr\/?s={search_term_string}"},"query-input":{"@type":"PropertyValueSpecification","valueRequired":true,"valueName":"search_term_string"}}],"inLanguage":"en-US"}]}},"_links":{"self":[{"href":"https:\/\/garancepouponjoyeux-alexandrearbouin.fr\/index.php\/wp-json\/wp\/v2\/pages\/584","targetHints":{"allow":["GET"]}}],"collection":[{"href":"https:\/\/garancepouponjoyeux-alexandrearbouin.fr\/index.php\/wp-json\/wp\/v2\/pages"}],"about":[{"href":"https:\/\/garancepouponjoyeux-alexandrearbouin.fr\/index.php\/wp-json\/wp\/v2\/types\/page"}],"author":[{"embeddable":true,"href":"https:\/\/garancepouponjoyeux-alexandrearbouin.fr\/index.php\/wp-json\/wp\/v2\/users\/1"}],"replies":[{"embeddable":true,"href":"https:\/\/garancepouponjoyeux-alexandrearbouin.fr\/index.php\/wp-json\/wp\/v2\/comments?post=584"}],"version-history":[{"count":11,"href":"https:\/\/garancepouponjoyeux-alexandrearbouin.fr\/index.php\/wp-json\/wp\/v2\/pages\/584\/revisions"}],"predecessor-version":[{"id":706,"href":"https:\/\/garancepouponjoyeux-alexandrearbouin.fr\/index.php\/wp-json\/wp\/v2\/pages\/584\/revisions\/706"}],"up":[{"embeddable":true,"href":"https:\/\/garancepouponjoyeux-alexandrearbouin.fr\/index.php\/wp-json\/wp\/v2\/pages\/7"}],"wp:attachment":[{"href":"https:\/\/garancepouponjoyeux-alexandrearbouin.fr\/index.php\/wp-json\/wp\/v2\/media?parent=584"}],"curies":[{"name":"wp","href":"https:\/\/api.w.org\/{rel}","templated":true}]}}