{"id":9,"date":"2024-02-24T12:31:40","date_gmt":"2024-02-24T11:31:40","guid":{"rendered":"http:\/\/garancepouponjoyeux-alexandrearbouin.fr\/?page_id=9"},"modified":"2024-03-26T18:57:43","modified_gmt":"2024-03-26T17:57:43","slug":"texts","status":"publish","type":"page","link":"https:\/\/garancepouponjoyeux-alexandrearbouin.fr\/index.php\/texts\/","title":{"rendered":"Texts"},"content":{"rendered":"\t\t<div data-elementor-type=\"wp-page\" data-elementor-id=\"9\" class=\"elementor elementor-9\">\n\t\t\t\t<div class=\"elementor-element elementor-element-9c00744 e-flex e-con-boxed e-con e-parent\" data-id=\"9c00744\" data-element_type=\"container\">\n\t\t\t\t\t<div class=\"e-con-inner\">\n\t\t\t\t<div class=\"elementor-element elementor-element-353a17f elementor-widget elementor-widget-text-editor\" data-id=\"353a17f\" data-element_type=\"widget\" data-widget_type=\"text-editor.default\">\n\t\t\t\t<div class=\"elementor-widget-container\">\n\t\t\t\t\t\t\t\t\t<p>Pour plus d&#8217;infos et les liens cf. <a href=\"http:\/\/garancepouponjoyeux.fr\">garancepouponjoyeux.fr.<\/a><\/p>\t\t\t\t\t\t\t\t<\/div>\n\t\t\t\t<\/div>\n\t\t\t\t\t<\/div>\n\t\t\t\t<\/div>\n\t\t<div class=\"elementor-element elementor-element-f848e98 e-flex e-con-boxed e-con e-parent\" data-id=\"f848e98\" data-element_type=\"container\">\n\t\t\t\t\t<div class=\"e-con-inner\">\n\t\t\t\t<div class=\"elementor-element elementor-element-fc5779a elementor-widget elementor-widget-heading\" data-id=\"fc5779a\" data-element_type=\"widget\" data-widget_type=\"heading.default\">\n\t\t\t\t<div class=\"elementor-widget-container\">\n\t\t\t\t\t<h2 class=\"elementor-heading-title elementor-size-default\">Avec comit\u00e9 scientifique (double aveugle)<\/h2>\t\t\t\t<\/div>\n\t\t\t\t<\/div>\n\t\t\t\t<div class=\"elementor-element elementor-element-7411160 elementor-widget elementor-widget-text-editor\" data-id=\"7411160\" data-element_type=\"widget\" data-widget_type=\"text-editor.default\">\n\t\t\t\t<div class=\"elementor-widget-container\">\n\t\t\t\t\t\t\t\t\t<p>2021<\/p><p>\u00ab Institution et s\u00e9ditions: la parodie au c\u0153ur du Centre d&#8217;Art Contemporain d&#8217;Angoul\u00eame \u00bb, revue <em>Marges,<\/em> n\u00b033 \u00ab Art contemporain et institutions \u00bb.<\/p><p>\u00ab Le confinement ou l&#8217;art de faire une r\u00e9sidence artistique \u00e0 domicile \u00bb, revue <em>Astasa<\/em> [en ligne].<\/p><p>\u00a0<\/p><p>2019<\/p><p>\u00ab Le hors-champ et le non-dit \u00e0 travers les &#8220;\u0153uvres commentaires&#8221; de l&#8217;exposition &#8220;\u00c7a vous pla\u00eet&#8221; \u00bb revue <em>Motifs<\/em> [en ligne], n\u00b04, actes du colloque Hors-champ et non-dit dans le texte et l&#8217;image, organis\u00e9 par le Laboratoire H\u00e9ritages et Constructions dans le Texte et l&#8217;Image (EA 4249), \u00e0 l&#8217;Universit\u00e9 de Bretagne Occidentale, les 5 et 6 juin 2019, http:\/\/revuemotifs.fr\/?page_id=1796<\/p>\t\t\t\t\t\t\t\t<\/div>\n\t\t\t\t<\/div>\n\t\t\t\t<div class=\"elementor-element elementor-element-7413190 elementor-widget elementor-widget-heading\" data-id=\"7413190\" data-element_type=\"widget\" data-widget_type=\"heading.default\">\n\t\t\t\t<div class=\"elementor-widget-container\">\n\t\t\t\t\t<h2 class=\"elementor-heading-title elementor-size-default\">Sans comit\u00e9 scientifique (double aveugle)<\/h2>\t\t\t\t<\/div>\n\t\t\t\t<\/div>\n\t\t\t\t<div class=\"elementor-element elementor-element-9941cd1 elementor-widget elementor-widget-text-editor\" data-id=\"9941cd1\" data-element_type=\"widget\" data-widget_type=\"text-editor.default\">\n\t\t\t\t<div class=\"elementor-widget-container\">\n\t\t\t\t\t\t\t\t\t<p>A venir<\/p><p>\u00ab Cr\u00e9ation-recherche et moteurs de recherche \u00bb, dans <em>Art : moteur de recherche<\/em>, Paris, \u00e9ditions Extensibles.<\/p><p>2023<\/p><p><em>Une \u00eele, dir.<\/em> Amandine Piern\u00e9, Angoul\u00eame, Ou bien.<\/p>\t\t\t\t\t\t\t\t<\/div>\n\t\t\t\t<\/div>\n\t\t\t\t\t<\/div>\n\t\t\t\t<\/div>\n\t\t\t\t<\/div>\n\t\t","protected":false},"excerpt":{"rendered":"<p>Pour plus d&#8217;infos et les liens cf. garancepouponjoyeux.fr. Avec comit\u00e9 scientifique (double aveugle) 2021 \u00ab Institution et s\u00e9ditions: la parodie au c\u0153ur du Centre d&#8217;Art Contemporain d&#8217;Angoul\u00eame \u00bb, revue Marges, n\u00b033 \u00ab Art contemporain et institutions \u00bb. \u00ab Le confinement ou l&#8217;art de faire une r\u00e9sidence artistique \u00e0 domicile \u00bb, revue Astasa [en ligne]. \u00a0 &hellip; <a href=\"https:\/\/garancepouponjoyeux-alexandrearbouin.fr\/index.php\/texts\/\" class=\"more-link\">Continue reading <span class=\"screen-reader-text\">Texts<\/span><\/a><\/p>\n","protected":false},"author":1,"featured_media":0,"parent":0,"menu_order":0,"comment_status":"closed","ping_status":"closed","template":"","meta":{"footnotes":""},"class_list":["post-9","page","type-page","status-publish","hentry"],"yoast_head":"<!-- This site is optimized with the Yoast SEO plugin v24.4 - https:\/\/yoast.com\/wordpress\/plugins\/seo\/ -->\n<title>Texts - GPJ &amp; AA<\/title>\n<meta name=\"robots\" content=\"index, follow, max-snippet:-1, max-image-preview:large, max-video-preview:-1\" \/>\n<link rel=\"canonical\" href=\"http:\/\/garancepouponjoyeux-alexandrearbouin.fr\/index.php\/texts\/\" \/>\n<meta property=\"og:locale\" content=\"en_US\" \/>\n<meta property=\"og:type\" content=\"article\" \/>\n<meta property=\"og:title\" content=\"Texts - GPJ &amp; AA\" \/>\n<meta property=\"og:description\" content=\"Pour plus d&#8217;infos et les liens cf. garancepouponjoyeux.fr. Avec comit\u00e9 scientifique (double aveugle) 2021 \u00ab Institution et s\u00e9ditions: la parodie au c\u0153ur du Centre d&#8217;Art Contemporain d&#8217;Angoul\u00eame \u00bb, revue Marges, n\u00b033 \u00ab Art contemporain et institutions \u00bb. \u00ab Le confinement ou l&#8217;art de faire une r\u00e9sidence artistique \u00e0 domicile \u00bb, revue Astasa [en ligne]. \u00a0 &hellip; Continue reading Texts\" \/>\n<meta property=\"og:url\" content=\"http:\/\/garancepouponjoyeux-alexandrearbouin.fr\/index.php\/texts\/\" \/>\n<meta property=\"og:site_name\" content=\"GPJ &amp; AA\" \/>\n<meta property=\"article:modified_time\" content=\"2024-03-26T17:57:43+00:00\" \/>\n<meta name=\"twitter:card\" content=\"summary_large_image\" \/>\n<meta name=\"twitter:label1\" content=\"Est. reading time\" \/>\n\t<meta name=\"twitter:data1\" content=\"1 minute\" \/>\n<script type=\"application\/ld+json\" class=\"yoast-schema-graph\">{\"@context\":\"https:\/\/schema.org\",\"@graph\":[{\"@type\":\"WebPage\",\"@id\":\"http:\/\/garancepouponjoyeux-alexandrearbouin.fr\/index.php\/texts\/\",\"url\":\"http:\/\/garancepouponjoyeux-alexandrearbouin.fr\/index.php\/texts\/\",\"name\":\"Texts - GPJ &amp; AA\",\"isPartOf\":{\"@id\":\"http:\/\/garancepouponjoyeux-alexandrearbouin.fr\/#website\"},\"datePublished\":\"2024-02-24T11:31:40+00:00\",\"dateModified\":\"2024-03-26T17:57:43+00:00\",\"breadcrumb\":{\"@id\":\"http:\/\/garancepouponjoyeux-alexandrearbouin.fr\/index.php\/texts\/#breadcrumb\"},\"inLanguage\":\"en-US\",\"potentialAction\":[{\"@type\":\"ReadAction\",\"target\":[\"http:\/\/garancepouponjoyeux-alexandrearbouin.fr\/index.php\/texts\/\"]}]},{\"@type\":\"BreadcrumbList\",\"@id\":\"http:\/\/garancepouponjoyeux-alexandrearbouin.fr\/index.php\/texts\/#breadcrumb\",\"itemListElement\":[{\"@type\":\"ListItem\",\"position\":1,\"name\":\"Accueil\",\"item\":\"http:\/\/garancepouponjoyeux-alexandrearbouin.fr\/\"},{\"@type\":\"ListItem\",\"position\":2,\"name\":\"Texts\"}]},{\"@type\":\"WebSite\",\"@id\":\"http:\/\/garancepouponjoyeux-alexandrearbouin.fr\/#website\",\"url\":\"http:\/\/garancepouponjoyeux-alexandrearbouin.fr\/\",\"name\":\"GPJ &amp; AA\",\"description\":\"\",\"potentialAction\":[{\"@type\":\"SearchAction\",\"target\":{\"@type\":\"EntryPoint\",\"urlTemplate\":\"http:\/\/garancepouponjoyeux-alexandrearbouin.fr\/?s={search_term_string}\"},\"query-input\":{\"@type\":\"PropertyValueSpecification\",\"valueRequired\":true,\"valueName\":\"search_term_string\"}}],\"inLanguage\":\"en-US\"}]}<\/script>\n<!-- \/ Yoast SEO plugin. -->","yoast_head_json":{"title":"Texts - GPJ &amp; AA","robots":{"index":"index","follow":"follow","max-snippet":"max-snippet:-1","max-image-preview":"max-image-preview:large","max-video-preview":"max-video-preview:-1"},"canonical":"http:\/\/garancepouponjoyeux-alexandrearbouin.fr\/index.php\/texts\/","og_locale":"en_US","og_type":"article","og_title":"Texts - GPJ &amp; AA","og_description":"Pour plus d&#8217;infos et les liens cf. garancepouponjoyeux.fr. Avec comit\u00e9 scientifique (double aveugle) 2021 \u00ab Institution et s\u00e9ditions: la parodie au c\u0153ur du Centre d&#8217;Art Contemporain d&#8217;Angoul\u00eame \u00bb, revue Marges, n\u00b033 \u00ab Art contemporain et institutions \u00bb. \u00ab Le confinement ou l&#8217;art de faire une r\u00e9sidence artistique \u00e0 domicile \u00bb, revue Astasa [en ligne]. \u00a0 &hellip; Continue reading Texts","og_url":"http:\/\/garancepouponjoyeux-alexandrearbouin.fr\/index.php\/texts\/","og_site_name":"GPJ &amp; AA","article_modified_time":"2024-03-26T17:57:43+00:00","twitter_card":"summary_large_image","twitter_misc":{"Est. reading time":"1 minute"},"schema":{"@context":"https:\/\/schema.org","@graph":[{"@type":"WebPage","@id":"http:\/\/garancepouponjoyeux-alexandrearbouin.fr\/index.php\/texts\/","url":"http:\/\/garancepouponjoyeux-alexandrearbouin.fr\/index.php\/texts\/","name":"Texts - GPJ &amp; AA","isPartOf":{"@id":"http:\/\/garancepouponjoyeux-alexandrearbouin.fr\/#website"},"datePublished":"2024-02-24T11:31:40+00:00","dateModified":"2024-03-26T17:57:43+00:00","breadcrumb":{"@id":"http:\/\/garancepouponjoyeux-alexandrearbouin.fr\/index.php\/texts\/#breadcrumb"},"inLanguage":"en-US","potentialAction":[{"@type":"ReadAction","target":["http:\/\/garancepouponjoyeux-alexandrearbouin.fr\/index.php\/texts\/"]}]},{"@type":"BreadcrumbList","@id":"http:\/\/garancepouponjoyeux-alexandrearbouin.fr\/index.php\/texts\/#breadcrumb","itemListElement":[{"@type":"ListItem","position":1,"name":"Accueil","item":"http:\/\/garancepouponjoyeux-alexandrearbouin.fr\/"},{"@type":"ListItem","position":2,"name":"Texts"}]},{"@type":"WebSite","@id":"http:\/\/garancepouponjoyeux-alexandrearbouin.fr\/#website","url":"http:\/\/garancepouponjoyeux-alexandrearbouin.fr\/","name":"GPJ &amp; AA","description":"","potentialAction":[{"@type":"SearchAction","target":{"@type":"EntryPoint","urlTemplate":"http:\/\/garancepouponjoyeux-alexandrearbouin.fr\/?s={search_term_string}"},"query-input":{"@type":"PropertyValueSpecification","valueRequired":true,"valueName":"search_term_string"}}],"inLanguage":"en-US"}]}},"_links":{"self":[{"href":"https:\/\/garancepouponjoyeux-alexandrearbouin.fr\/index.php\/wp-json\/wp\/v2\/pages\/9","targetHints":{"allow":["GET"]}}],"collection":[{"href":"https:\/\/garancepouponjoyeux-alexandrearbouin.fr\/index.php\/wp-json\/wp\/v2\/pages"}],"about":[{"href":"https:\/\/garancepouponjoyeux-alexandrearbouin.fr\/index.php\/wp-json\/wp\/v2\/types\/page"}],"author":[{"embeddable":true,"href":"https:\/\/garancepouponjoyeux-alexandrearbouin.fr\/index.php\/wp-json\/wp\/v2\/users\/1"}],"replies":[{"embeddable":true,"href":"https:\/\/garancepouponjoyeux-alexandrearbouin.fr\/index.php\/wp-json\/wp\/v2\/comments?post=9"}],"version-history":[{"count":25,"href":"https:\/\/garancepouponjoyeux-alexandrearbouin.fr\/index.php\/wp-json\/wp\/v2\/pages\/9\/revisions"}],"predecessor-version":[{"id":820,"href":"https:\/\/garancepouponjoyeux-alexandrearbouin.fr\/index.php\/wp-json\/wp\/v2\/pages\/9\/revisions\/820"}],"wp:attachment":[{"href":"https:\/\/garancepouponjoyeux-alexandrearbouin.fr\/index.php\/wp-json\/wp\/v2\/media?parent=9"}],"curies":[{"name":"wp","href":"https:\/\/api.w.org\/{rel}","templated":true}]}}